{"id":3709,"date":"2017-04-28T17:02:05","date_gmt":"2017-04-28T17:02:05","guid":{"rendered":"http:\/\/segtotaltreinamentos.com.br\/Loja\/?post_type=product&#038;p=3709"},"modified":"2017-04-28T17:08:24","modified_gmt":"2017-04-28T17:08:24","slug":"bota-motociclista-cano-medio-bh-75592","status":"publish","type":"product","link":"https:\/\/segtotaltreinamentos.com.br\/Loja\/produto\/bota-motociclista-cano-medio-bh-75592\/","title":{"rendered":"Bota Motociclista Hidrofugado Cano M\u00e9dio BH-75592"},"content":{"rendered":"<p><span style=\"color: #ff0000;\"><b>CA-34753<\/b><\/span><\/p>\n","protected":false},"excerpt":{"rendered":"<p>Bota de prote\u00e7\u00e3o para motociclistas confeccionada em couro vaqueta<br \/>\nintegral estampa relax, com cano m\u00e9dio. Possui refor\u00e7o\/protetor<br \/>\nde c\u00e2mbio e detalhes acolchoados no cano. Possui palmilha interna<br \/>\nremov\u00edvel em EVA com tratamento antimicr\u00f3bios. Indicada para servi\u00e7os<br \/>\ngerais de motociclista, garantindo conforto e prote\u00e7\u00e3o aos tornozelos<br \/>\ne p\u00e9s do usu\u00e1rio.<\/p>\n","protected":false},"featured_media":3710,"comment_status":"open","ping_status":"closed","template":"","meta":[],"product_brand":[],"product_cat":[16,82],"product_tag":[],"class_list":{"0":"post-3709","1":"product","2":"type-product","3":"status-publish","4":"has-post-thumbnail","6":"product_cat-calcados","7":"product_cat-conforto","9":"first","10":"outofstock","11":"taxable","12":"shipping-taxable","13":"purchasable","14":"product-type-simple"},"_links":{"self":[{"href":"https:\/\/segtotaltreinamentos.com.br\/Loja\/wp-json\/wp\/v2\/product\/3709","targetHints":{"allow":["GET"]}}],"collection":[{"href":"https:\/\/segtotaltreinamentos.com.br\/Loja\/wp-json\/wp\/v2\/product"}],"about":[{"href":"https:\/\/segtotaltreinamentos.com.br\/Loja\/wp-json\/wp\/v2\/types\/product"}],"replies":[{"embeddable":true,"href":"https:\/\/segtotaltreinamentos.com.br\/Loja\/wp-json\/wp\/v2\/comments?post=3709"}],"wp:featuredmedia":[{"embeddable":true,"href":"https:\/\/segtotaltreinamentos.com.br\/Loja\/wp-json\/wp\/v2\/media\/3710"}],"wp:attachment":[{"href":"https:\/\/segtotaltreinamentos.com.br\/Loja\/wp-json\/wp\/v2\/media?parent=3709"}],"wp:term":[{"taxonomy":"product_brand","embeddable":true,"href":"https:\/\/segtotaltreinamentos.com.br\/Loja\/wp-json\/wp\/v2\/product_brand?post=3709"},{"taxonomy":"product_cat","embeddable":true,"href":"https:\/\/segtotaltreinamentos.com.br\/Loja\/wp-json\/wp\/v2\/product_cat?post=3709"},{"taxonomy":"product_tag","embeddable":true,"href":"https:\/\/segtotaltreinamentos.com.br\/Loja\/wp-json\/wp\/v2\/product_tag?post=3709"}],"curies":[{"name":"wp","href":"https:\/\/api.w.org\/{rel}","templated":true}]}}