{"id":375,"date":"2016-07-02T22:57:23","date_gmt":"2016-07-02T22:57:23","guid":{"rendered":"http:\/\/segtotaltreinamentos.com.br\/Loja\/?post_type=product&#038;p=375"},"modified":"2017-02-23T18:40:03","modified_gmt":"2017-02-23T18:40:03","slug":"plugue-de-insercao-xtreme","status":"publish","type":"product","link":"https:\/\/segtotaltreinamentos.com.br\/Loja\/produto\/plugue-de-insercao-xtreme\/","title":{"rendered":"Plugue de inser\u00e7\u00e3o XTreme Mold\u00e1vel com cord\u00e3o"},"content":{"rendered":"<p><a href=\"https:\/\/segtotaltreinamentos.com.br\/Loja\/wp-content\/uploads\/2016\/07\/Descritivo-HXTR-3.pdf\">Descritivo HXTR-3<\/a><\/p>\n<p><a href=\"https:\/\/segtotaltreinamentos.com.br\/Loja\/wp-content\/uploads\/2016\/07\/CA-HXTR-3.pdf\">CA HXTR-3<\/a><\/p>\n","protected":false},"excerpt":{"rendered":"<p>Plugue de inser\u00e7\u00e3o XTreme<br \/>\ncom cord\u00e3o<br \/>\nHXTR-3<\/p>\n<p><strong>Setores\/usos recomendados<\/strong><\/p>\n<ul>\n<li>Constru\u00e7\u00e3o<\/li>\n<li>Manufatura<\/li>\n<\/ul>\n<p><strong>Atrenua\u00e7\u00e3o: 19 dB<\/strong><\/p>\n<table class=\"descricao-produto\">\n<tbody>\n<tr class=\"descricao-produto\">\n<th>Modelo<\/th>\n<th>HXTR-3<\/th>\n<\/tr>\n<tr>\n<td class=\"titulo\">Marca<\/td>\n<td class=\"descricao\">3M<\/td>\n<\/tr>\n<tr>\n<td class=\"titulo\">CA<\/td>\n<td class=\"descricao\">16.197<\/td>\n<\/tr>\n<\/tbody>\n<\/table>\n","protected":false},"featured_media":151,"comment_status":"open","ping_status":"closed","template":"","meta":[],"product_brand":[],"product_cat":[62,22],"product_tag":[],"class_list":{"0":"post-375","1":"product","2":"type-product","3":"status-publish","4":"has-post-thumbnail","6":"product_cat-honeywell","7":"product_cat-protetor-de-ouvido","9":"first","10":"outofstock","11":"taxable","12":"shipping-taxable","13":"product-type-variable"},"_links":{"self":[{"href":"https:\/\/segtotaltreinamentos.com.br\/Loja\/wp-json\/wp\/v2\/product\/375","targetHints":{"allow":["GET"]}}],"collection":[{"href":"https:\/\/segtotaltreinamentos.com.br\/Loja\/wp-json\/wp\/v2\/product"}],"about":[{"href":"https:\/\/segtotaltreinamentos.com.br\/Loja\/wp-json\/wp\/v2\/types\/product"}],"replies":[{"embeddable":true,"href":"https:\/\/segtotaltreinamentos.com.br\/Loja\/wp-json\/wp\/v2\/comments?post=375"}],"wp:featuredmedia":[{"embeddable":true,"href":"https:\/\/segtotaltreinamentos.com.br\/Loja\/wp-json\/wp\/v2\/media\/151"}],"wp:attachment":[{"href":"https:\/\/segtotaltreinamentos.com.br\/Loja\/wp-json\/wp\/v2\/media?parent=375"}],"wp:term":[{"taxonomy":"product_brand","embeddable":true,"href":"https:\/\/segtotaltreinamentos.com.br\/Loja\/wp-json\/wp\/v2\/product_brand?post=375"},{"taxonomy":"product_cat","embeddable":true,"href":"https:\/\/segtotaltreinamentos.com.br\/Loja\/wp-json\/wp\/v2\/product_cat?post=375"},{"taxonomy":"product_tag","embeddable":true,"href":"https:\/\/segtotaltreinamentos.com.br\/Loja\/wp-json\/wp\/v2\/product_tag?post=375"}],"curies":[{"name":"wp","href":"https:\/\/api.w.org\/{rel}","templated":true}]}}