{"id":3831,"date":"2017-06-10T12:31:14","date_gmt":"2017-06-10T12:31:14","guid":{"rendered":"http:\/\/segtotaltreinamentos.com.br\/Loja\/?post_type=product&#038;p=3831"},"modified":"2018-07-09T16:49:15","modified_gmt":"2018-07-09T16:49:15","slug":"bn51-botina-nobuck","status":"publish","type":"product","link":"https:\/\/segtotaltreinamentos.com.br\/Loja\/produto\/bn51-botina-nobuck\/","title":{"rendered":"BN51 Botina Nobuck"},"content":{"rendered":"<p>OBS: O pre\u00e7o de promo\u00e7\u00e3o apenas para pedidos maior que 18 pares.<\/p>\n<p>Prazo de entrega: 30 a 35 dias<\/p>\n","protected":false},"excerpt":{"rendered":"<p>Botina de seguran\u00e7a confeccionada em couro nobuck hidrofugado,<br \/>\nmodelo amarrar e cano acolchoado. Possui palmilha interna remov\u00edvel<br \/>\nconformada em EVA com tratamento antimicr\u00f3bios. Indicada<br \/>\npara \u00e1reas que apresentem riscos de natureza leve, uniformizando<br \/>\ne garantindo conforto e prote\u00e7\u00e3o aos p\u00e9s e tornozelos do usu\u00e1rio.<\/p>\n","protected":false},"featured_media":3832,"comment_status":"open","ping_status":"closed","template":"","meta":[],"product_brand":[],"product_cat":[16,82,18],"product_tag":[],"class_list":{"0":"post-3831","1":"product","2":"type-product","3":"status-publish","4":"has-post-thumbnail","6":"product_cat-calcados","7":"product_cat-conforto","8":"product_cat-nao-economico","10":"first","11":"onbackorder","12":"sale","13":"taxable","14":"shipping-taxable","15":"purchasable","16":"product-type-variable"},"_links":{"self":[{"href":"https:\/\/segtotaltreinamentos.com.br\/Loja\/wp-json\/wp\/v2\/product\/3831","targetHints":{"allow":["GET"]}}],"collection":[{"href":"https:\/\/segtotaltreinamentos.com.br\/Loja\/wp-json\/wp\/v2\/product"}],"about":[{"href":"https:\/\/segtotaltreinamentos.com.br\/Loja\/wp-json\/wp\/v2\/types\/product"}],"replies":[{"embeddable":true,"href":"https:\/\/segtotaltreinamentos.com.br\/Loja\/wp-json\/wp\/v2\/comments?post=3831"}],"wp:featuredmedia":[{"embeddable":true,"href":"https:\/\/segtotaltreinamentos.com.br\/Loja\/wp-json\/wp\/v2\/media\/3832"}],"wp:attachment":[{"href":"https:\/\/segtotaltreinamentos.com.br\/Loja\/wp-json\/wp\/v2\/media?parent=3831"}],"wp:term":[{"taxonomy":"product_brand","embeddable":true,"href":"https:\/\/segtotaltreinamentos.com.br\/Loja\/wp-json\/wp\/v2\/product_brand?post=3831"},{"taxonomy":"product_cat","embeddable":true,"href":"https:\/\/segtotaltreinamentos.com.br\/Loja\/wp-json\/wp\/v2\/product_cat?post=3831"},{"taxonomy":"product_tag","embeddable":true,"href":"https:\/\/segtotaltreinamentos.com.br\/Loja\/wp-json\/wp\/v2\/product_tag?post=3831"}],"curies":[{"name":"wp","href":"https:\/\/api.w.org\/{rel}","templated":true}]}}