{"id":3835,"date":"2017-06-10T12:44:26","date_gmt":"2017-06-10T12:44:26","guid":{"rendered":"http:\/\/segtotaltreinamentos.com.br\/Loja\/?post_type=product&#038;p=3835"},"modified":"2018-06-05T20:53:33","modified_gmt":"2018-06-05T20:53:33","slug":"sn60-sapato-nobuck","status":"publish","type":"product","link":"https:\/\/segtotaltreinamentos.com.br\/Loja\/produto\/sn60-sapato-nobuck\/","title":{"rendered":"SN60 Sapato Nobuck"},"content":{"rendered":"<p>OBS: Pre\u00e7o promocional apenas para pedidos maiores que 20 pares ( por cor ).<\/p>\n<p>Prazo de entrega: 30 a 35 dias<\/p>\n","protected":false},"excerpt":{"rendered":"<p>Sapato de seguran\u00e7a confeccionado em couro nobuck hidrofugado,<br \/>\nmodelo amarrar. Possui palmilha interna remov\u00edvel conformada em<br \/>\nEVA com tratamento antimicr\u00f3bios. Indicado para \u00e1reas que apresentem<br \/>\nriscos de natureza leve, uniformizando e garantindo conforto<br \/>\ne prote\u00e7\u00e3o aos p\u00e9s do usu\u00e1rio.<\/p>\n","protected":false},"featured_media":3836,"comment_status":"open","ping_status":"closed","template":"","meta":[],"product_brand":[],"product_cat":[16,82,18],"product_tag":[],"class_list":{"0":"post-3835","1":"product","2":"type-product","3":"status-publish","4":"has-post-thumbnail","6":"product_cat-calcados","7":"product_cat-conforto","8":"product_cat-nao-economico","10":"first","11":"onbackorder","12":"sale","13":"taxable","14":"shipping-taxable","15":"purchasable","16":"product-type-simple"},"_links":{"self":[{"href":"https:\/\/segtotaltreinamentos.com.br\/Loja\/wp-json\/wp\/v2\/product\/3835","targetHints":{"allow":["GET"]}}],"collection":[{"href":"https:\/\/segtotaltreinamentos.com.br\/Loja\/wp-json\/wp\/v2\/product"}],"about":[{"href":"https:\/\/segtotaltreinamentos.com.br\/Loja\/wp-json\/wp\/v2\/types\/product"}],"replies":[{"embeddable":true,"href":"https:\/\/segtotaltreinamentos.com.br\/Loja\/wp-json\/wp\/v2\/comments?post=3835"}],"wp:featuredmedia":[{"embeddable":true,"href":"https:\/\/segtotaltreinamentos.com.br\/Loja\/wp-json\/wp\/v2\/media\/3836"}],"wp:attachment":[{"href":"https:\/\/segtotaltreinamentos.com.br\/Loja\/wp-json\/wp\/v2\/media?parent=3835"}],"wp:term":[{"taxonomy":"product_brand","embeddable":true,"href":"https:\/\/segtotaltreinamentos.com.br\/Loja\/wp-json\/wp\/v2\/product_brand?post=3835"},{"taxonomy":"product_cat","embeddable":true,"href":"https:\/\/segtotaltreinamentos.com.br\/Loja\/wp-json\/wp\/v2\/product_cat?post=3835"},{"taxonomy":"product_tag","embeddable":true,"href":"https:\/\/segtotaltreinamentos.com.br\/Loja\/wp-json\/wp\/v2\/product_tag?post=3835"}],"curies":[{"name":"wp","href":"https:\/\/api.w.org\/{rel}","templated":true}]}}