{"id":3872,"date":"2017-07-04T19:03:18","date_gmt":"2017-07-04T19:03:18","guid":{"rendered":"http:\/\/segtotaltreinamentos.com.br\/Loja\/?post_type=product&#038;p=3872"},"modified":"2017-07-04T19:04:06","modified_gmt":"2017-07-04T19:04:06","slug":"protetor-auditivo-3m-peltor-h10p3e","status":"publish","type":"product","link":"https:\/\/segtotaltreinamentos.com.br\/Loja\/produto\/protetor-auditivo-3m-peltor-h10p3e\/","title":{"rendered":"Protetor Auditivo 3M\u2122 Peltor\u2122 H10P3E"},"content":{"rendered":"","protected":false},"excerpt":{"rendered":"<div class=\"MMM--tabSection js--firstTab clearfix\" data-content=\"N10094\">\n<div class=\"SNAPS--tabRow clearfix\">\n<div class=\"MMM--contentPadded MMM--accordionPanel\">\n<div class=\"SNAPS--PictogramHeight\">\n<div class=\"mrktgContentBlock\">\n<ul class=\"MMM--pdpList SNAPS--bullets js--bnftsPdPList\">\n<li>Garante prote\u00e7\u00e3o nos ambientes mais exigentes e com alto n\u00edvel de ru\u00eddo<\/li>\n<li>Seu design exclusivo \u201cdouble-shell\u201d melhora a redu\u00e7\u00e3o de barulhos at\u00e9 nas baixas frequ\u00eancias<\/li>\n<li>Resistente ao impacto e entortamento, com boa veda\u00e7\u00e3o por mais tempo<\/li>\n<li>C.A.: 29705<\/li>\n<\/ul>\n<\/div>\n<div class=\"MMM--viewAllDetails js-viewAllDetails wt-link wtLoaded\" data-wt=\"viewAllDetails\" data-url=\"N100EE\">Ver todos os detalhes<\/div>\n<\/div>\n<div class=\"SNAPS--PictogramImages\"><\/div>\n<\/div>\n<div class=\"MMM--selectionBox--cntnr\">\n<div class=\"SNAPS--whereToBuybtn\">\n<div class=\"SNAPS--wtb_section SNAPS--wtb_section_original\">\n<div class=\"SNAPS--options_more\" data-priority=\"2\"><a id=\"N10053\" class=\"wtbs SNAPS--parentNode wt-link SNAPS--activeBtn wtLoaded\" href=\"http:\/\/www.3m.com.br\/3M\/pt_BR\/3m-do-brasil\/WTB-Product-Directory\/WTB-Product-Location\/compre-agora\/?wtb=CC&amp;subId=whs&amp;SKU=HB004060636&amp;DCSext.site=CORP_FUZEExp_BR&amp;DCSext.ewcd_url=Z6_U00M8B1A0GU4A0AQ745QPD0IO0%20&amp;DCSext.region=Latin%20America&amp;DCSext.division=undefined\" target=\"_self\" name=\"N10053\" data-wt=\"where_to_buy_button\">Compre Agora<\/a><\/div>\n<div class=\"SNAPS--options_more\" data-priority=\"4\"><a id=\"N10066\" class=\"wtbs SNAPS--parentNode wt-link SNAPS--activeLink wtLoaded\" href=\"http:\/\/www.3m.com.br\/3M\/pt_BR\/epi\/onde-comprar\/lojas\/?wtb=wID&amp;product=EPI%20-%20Prote%C3%A7%C3%A3o%20Auditiva&amp;sku=HB004060636\" target=\"_self\" name=\"N10066\" data-wt=\"where_to_buy_button\">Encontre um distribuidor<\/a><\/div>\n<\/div>\n<\/div>\n<\/div>\n<\/div>\n<div id=\"flexZone\" class=\"SNAPS--flexZoneContainer\"><\/div>\n<\/div>\n<div class=\"MMM--tabSection clearfix 2\" data-content=\"N100D1\">\n<div class=\"MMM--hdg MMM--hdg_2 SNAPS--hdg_2 MMM--tabHeader\">Especifica\u00e7\u00f5es<\/div>\n<div class=\"tabContentContainer MMM--contentToggle-target MMM--isActive\">\n<div class=\"productSpecs\">\n<table class=\"MMM--dat MMM--pdpTabVr SNAPS--SpecTbl-Mt15\">\n<tbody>\n<tr class=\"MMM--dat-row SNAPS--SpecTbl-RowOne\">\n<th scope=\"col\"><\/th>\n<th scope=\"col\"><\/th>\n<\/tr>\n<tr class=\"MMM--dat-row\">\n<td>\n<div class=\"MMM--dat-cell SNAPS-specAdjust\"><span class=\"MMM--txt_bold\">Cor<\/span><\/div>\n<\/td>\n<td>\n<div class=\"MMM--dat-cell dat-cell_specDefinition SNAPS-specAdjust SNAPS--SpecTbl-RowCols SNAPS--SpecTbl-Overflow\"><span class=\"MMM--txt_bold\">Preto\/vermelho<\/span><\/div>\n<\/td>\n<\/tr>\n<tr class=\"MMM--dat-row\">\n<td>\n<div class=\"MMM--dat-cell SNAPS-specAdjust\"><span class=\"MMM--txt_bold\">Embalagem<\/span><\/div>\n<\/td>\n<td>\n<div class=\"MMM--dat-cell dat-cell_specDefinition SNAPS-specAdjust SNAPS--SpecTbl-RowCols SNAPS--SpecTbl-Overflow\"><span class=\"MMM--txt_bold\">Caixa<\/span><\/div>\n<\/td>\n<\/tr>\n<tr class=\"MMM--dat-row\">\n<td>\n<div class=\"MMM--dat-cell SNAPS-specAdjust\"><span class=\"MMM--txt_bold\">Tamanho<\/span><\/div>\n<\/td>\n<td>\n<div class=\"MMM--dat-cell dat-cell_specDefinition SNAPS-specAdjust SNAPS--SpecTbl-RowCols SNAPS--SpecTbl-Overflow\"><span class=\"MMM--txt_bold\">Tamanho \u00fanico<\/span><\/div>\n<\/td>\n<\/tr>\n<tr class=\"MMM--dat-row\">\n<td>\n<div class=\"MMM--dat-cell SNAPS-specAdjust\"><span class=\"MMM--txt_bold\">Taxa de redu\u00e7\u00e3o do ru\u00eddo<\/span><\/div>\n<\/td>\n<td>\n<div class=\"MMM--dat-cell dat-cell_specDefinition SNAPS-specAdjust SNAPS--SpecTbl-RowCols SNAPS--SpecTbl-Overflow\"><span class=\"MMM--txt_bold\">22<\/span><\/div>\n<\/td>\n<\/tr>\n<tr class=\"MMM--dat-row\">\n<td>\n<div class=\"MMM--dat-cell SNAPS-specAdjust\"><span class=\"MMM--txt_bold\">Tipo de prote\u00e7\u00e3o auditiva<\/span><\/div>\n<\/td>\n<td>\n<div class=\"MMM--dat-cell dat-cell_specDefinition SNAPS-specAdjust SNAPS--SpecTbl-RowCols SNAPS--SpecTbl-Overflow\"><span class=\"MMM--txt_bold\">Haste acopl\u00e1vel ao capacete<\/span><\/div>\n<\/td>\n<\/tr>\n<\/tbody>\n<\/table>\n<\/div>\n<\/div>\n<\/div>\n<div class=\"MMM--tabSection clearfix 2\" data-content=\"N100EE\">\n<div class=\"MMM--hdg MMM--hdg_2 SNAPS--hdg_2 MMM--tabHeader\">Detalhes<\/div>\n<div class=\"tabContentContainer MMM--contentToggle-target MMM--isActive\">\n<div class=\"MMM--contentPadded MMM--accordionPanel\">\n<div class=\"MMM--grids\">\n<div class=\"MMM--grids-col MMM--grids-col_pdpMain\">\n<ul class=\"MMM--pdpList SNAPS--bullets\">\n<li>Garante prote\u00e7\u00e3o nos ambientes mais exigentes e com alto n\u00edvel de ru\u00eddo<\/li>\n<li>Seu design exclusivo \u201cdouble-shell\u201d melhora a redu\u00e7\u00e3o de barulhos at\u00e9 nas baixas frequ\u00eancias<\/li>\n<li>Resistente ao impacto e entortamento, com boa veda\u00e7\u00e3o por mais tempo<\/li>\n<li>C.A.: 29705<\/li>\n<li>22 dB (NRRsf)<\/li>\n<\/ul>\n<p class=\"SNAPS--pdpTabDes\">Tradicional, robusto e de alta performance. Para que voc\u00ea consiga cumprir com todos os requisitos de conforto e prote\u00e7\u00e3o, o Protetor Auditivo 3M\u2122 Peltor\u2122 H10P3E \u00e9 a escolha certa. \u00c9 especialmente recomendado para ambientes com altos \u00edndices de ru\u00eddo, principalmente mineradoras, aeroportos e ind\u00fastrias. automotivas.<\/p>\n<p class=\"SNAPS--pdpTabDes\">Tradicional, robusto e de alta performance. Para que voc\u00ea consiga cumprir com todos os requisitos de conforto e prote\u00e7\u00e3o, o Protetor Auditivo 3M\u2122 Peltor\u2122 H10P3E \u00e9 a escolha certa. Ele garante prote\u00e7\u00e3o nos ambientes mais exigentes e com alto n\u00edvel de ru\u00eddo, e seu design exclusivo \u201cdouble-shell\u201d(duas conchas conectadas por uma camada interna de espuma) melhora a redu\u00e7\u00e3o de barulhos at\u00e9 nas baixas frequ\u00eancias. As conchas em ABS tamb\u00e9m s\u00e3o leves e mais resistentes ao impacto e \u00e0 abras\u00e3o, garantindo maior durabilidade em ambientes abrasivos. Al\u00e9m disso, suas hastes de a\u00e7o mola inox, acopl\u00e1veis ao Capacete 3M\u2122 H-700, mant\u00eam a press\u00e3o constante mesmo depois de muito tempo de uso, obtendo veda\u00e7\u00e3o e bom n\u00edvel de prote\u00e7\u00e3o por mais tempo. O n\u00edvel de redu\u00e7\u00e3o de ru\u00eddo (NRRsf) do Protetor Auditivo 3M\u2122 Peltor\u2122 H10P3E \u00e9 22 dB, e seu C.A. \u00e9 29705. \u00c9 especialmente recomendado para ambientes com altos \u00edndices de ru\u00eddo, principalmente mineradoras, aeroportos e ind\u00fastrias automotivas.<\/p>\n<h4 class=\"MMM--hdg MMM--pdpTabVr SNAPS--pdpTabVr\">Aplica\u00e7\u00f5es sugeridas<\/h4>\n<ul class=\"MMM--pdpList SNAPS--bullets\">\n<li>Recomendado para ambientes com altos \u00edndices de ru\u00eddo, principalmente mineradoras, aeroportos e ind\u00fastrias automotivas<\/li>\n<li>Suas hastes s\u00e3o acopl\u00e1veis ao Capacete 3M H-700<\/li>\n<\/ul>\n<\/div>\n<\/div>\n<\/div>\n<\/div>\n<\/div>\n","protected":false},"featured_media":3873,"comment_status":"open","ping_status":"closed","template":"","meta":[],"product_brand":[],"product_cat":[60,22],"product_tag":[],"class_list":{"0":"post-3872","1":"product","2":"type-product","3":"status-publish","4":"has-post-thumbnail","6":"product_cat-3m","7":"product_cat-protetor-de-ouvido","9":"first","10":"outofstock","11":"taxable","12":"shipping-taxable","13":"purchasable","14":"product-type-simple"},"_links":{"self":[{"href":"https:\/\/segtotaltreinamentos.com.br\/Loja\/wp-json\/wp\/v2\/product\/3872","targetHints":{"allow":["GET"]}}],"collection":[{"href":"https:\/\/segtotaltreinamentos.com.br\/Loja\/wp-json\/wp\/v2\/product"}],"about":[{"href":"https:\/\/segtotaltreinamentos.com.br\/Loja\/wp-json\/wp\/v2\/types\/product"}],"replies":[{"embeddable":true,"href":"https:\/\/segtotaltreinamentos.com.br\/Loja\/wp-json\/wp\/v2\/comments?post=3872"}],"wp:featuredmedia":[{"embeddable":true,"href":"https:\/\/segtotaltreinamentos.com.br\/Loja\/wp-json\/wp\/v2\/media\/3873"}],"wp:attachment":[{"href":"https:\/\/segtotaltreinamentos.com.br\/Loja\/wp-json\/wp\/v2\/media?parent=3872"}],"wp:term":[{"taxonomy":"product_brand","embeddable":true,"href":"https:\/\/segtotaltreinamentos.com.br\/Loja\/wp-json\/wp\/v2\/product_brand?post=3872"},{"taxonomy":"product_cat","embeddable":true,"href":"https:\/\/segtotaltreinamentos.com.br\/Loja\/wp-json\/wp\/v2\/product_cat?post=3872"},{"taxonomy":"product_tag","embeddable":true,"href":"https:\/\/segtotaltreinamentos.com.br\/Loja\/wp-json\/wp\/v2\/product_tag?post=3872"}],"curies":[{"name":"wp","href":"https:\/\/api.w.org\/{rel}","templated":true}]}}