{"id":3897,"date":"2017-07-06T11:57:15","date_gmt":"2017-07-06T11:57:15","guid":{"rendered":"http:\/\/segtotaltreinamentos.com.br\/Loja\/?post_type=product&#038;p=3897"},"modified":"2017-07-06T11:57:15","modified_gmt":"2017-07-06T11:57:15","slug":"luva-frigorifica-nylon-azul-ca-29072","status":"publish","type":"product","link":"https:\/\/segtotaltreinamentos.com.br\/Loja\/produto\/luva-frigorifica-nylon-azul-ca-29072\/","title":{"rendered":"Luva Frigor\u00edfica Nylon Azul CA 29072"},"content":{"rendered":"","protected":false},"excerpt":{"rendered":"<table border=\"0\" width=\"656\" cellspacing=\"0\" cellpadding=\"0\">\n<tbody>\n<tr>\n<td class=\"xl64\" height=\"21\"><strong>C.A emitido pelo MTE<\/strong><\/td>\n<td class=\"xl66\" width=\"603\">29072<\/td>\n<\/tr>\n<tr>\n<td class=\"xl64\" height=\"21\"><strong>Validade<\/strong><\/td>\n<td class=\"xl66\" width=\"603\">05\/07\/2016<\/td>\n<\/tr>\n<tr>\n<td class=\"xl64\" height=\"21\"><strong>Formula\u00e7\u00e3o_________<\/strong><\/td>\n<td class=\"xl66\" width=\"603\">Desenvolvida por BS<\/td>\n<\/tr>\n<tr>\n<td class=\"xl64\" height=\"21\"><span style=\"color: #000000;\"><b>Tipo<\/b><\/span><\/td>\n<td class=\"xl67\" width=\"603\">Luva Frigor\u00edfica em Nylon<\/td>\n<\/tr>\n<tr>\n<td class=\"xl64\" height=\"21\"><strong>Material aplicado<\/strong><\/td>\n<td class=\"xl67\" width=\"603\"><span style=\"color: #000000; font-family: arial,helvetica,sans-serif;\">Nylon<\/span><\/td>\n<\/tr>\n<tr>\n<td class=\"xl64\" height=\"21\"><strong>Descri\u00e7\u00e3o<\/strong><\/td>\n<td class=\"xl67\" width=\"603\">Luva de seguran\u00e7a confeccionada em tecido de poli\u00e9ster, punho para regulagem no pulso, parte interna constitu\u00edda de manta de poli\u00e9ster.<\/td>\n<\/tr>\n<tr>\n<td class=\"xl64\" height=\"21\"><strong>Aplica\u00e7\u00e3o<\/strong><\/td>\n<td class=\"xl65\">Luva para prote\u00e7\u00e3o contra agentes t\u00e9rmicos e mec\u00e2nicos<\/td>\n<\/tr>\n<tr>\n<td class=\"xl64\" height=\"21\"><span style=\"color: #000000;\"><b>Cor<\/b><\/span><\/td>\n<td class=\"xl65\">Azul<\/td>\n<\/tr>\n<tr>\n<td class=\"xl64\" height=\"21\"><strong>Tamanho<\/strong><\/td>\n<td class=\"xl65\">\u00fanico<\/td>\n<\/tr>\n<\/tbody>\n<\/table>\n","protected":false},"featured_media":3898,"comment_status":"open","ping_status":"closed","template":"","meta":[],"product_brand":[],"product_cat":[118,117,6],"product_tag":[],"class_list":{"0":"post-3897","1":"product","2":"type-product","3":"status-publish","4":"has-post-thumbnail","6":"product_cat-brasilsafety","7":"product_cat-frio","8":"product_cat-luvas","10":"first","11":"outofstock","12":"taxable","13":"shipping-taxable","14":"purchasable","15":"product-type-simple"},"_links":{"self":[{"href":"https:\/\/segtotaltreinamentos.com.br\/Loja\/wp-json\/wp\/v2\/product\/3897","targetHints":{"allow":["GET"]}}],"collection":[{"href":"https:\/\/segtotaltreinamentos.com.br\/Loja\/wp-json\/wp\/v2\/product"}],"about":[{"href":"https:\/\/segtotaltreinamentos.com.br\/Loja\/wp-json\/wp\/v2\/types\/product"}],"replies":[{"embeddable":true,"href":"https:\/\/segtotaltreinamentos.com.br\/Loja\/wp-json\/wp\/v2\/comments?post=3897"}],"wp:featuredmedia":[{"embeddable":true,"href":"https:\/\/segtotaltreinamentos.com.br\/Loja\/wp-json\/wp\/v2\/media\/3898"}],"wp:attachment":[{"href":"https:\/\/segtotaltreinamentos.com.br\/Loja\/wp-json\/wp\/v2\/media?parent=3897"}],"wp:term":[{"taxonomy":"product_brand","embeddable":true,"href":"https:\/\/segtotaltreinamentos.com.br\/Loja\/wp-json\/wp\/v2\/product_brand?post=3897"},{"taxonomy":"product_cat","embeddable":true,"href":"https:\/\/segtotaltreinamentos.com.br\/Loja\/wp-json\/wp\/v2\/product_cat?post=3897"},{"taxonomy":"product_tag","embeddable":true,"href":"https:\/\/segtotaltreinamentos.com.br\/Loja\/wp-json\/wp\/v2\/product_tag?post=3897"}],"curies":[{"name":"wp","href":"https:\/\/api.w.org\/{rel}","templated":true}]}}