{"id":3899,"date":"2017-07-06T12:00:27","date_gmt":"2017-07-06T12:00:27","guid":{"rendered":"http:\/\/segtotaltreinamentos.com.br\/Loja\/?post_type=product&#038;p=3899"},"modified":"2017-07-06T12:02:42","modified_gmt":"2017-07-06T12:02:42","slug":"oculos-de-seguranca-ss2-cinza","status":"publish","type":"product","link":"https:\/\/segtotaltreinamentos.com.br\/Loja\/produto\/oculos-de-seguranca-ss2-cinza\/","title":{"rendered":"\u00d3culos de seguran\u00e7a SS2 Cinza"},"content":{"rendered":"","protected":false},"excerpt":{"rendered":"<table border=\"1\" width=\"100%\" cellspacing=\"0\" cellpadding=\"0\">\n<tbody>\n<tr>\n<td colspan=\"4\">\u00d3culos de seguran\u00e7a, constitu\u00eddo de arma\u00e7\u00e3o e visor confeccionado em uma \u00fanica pe\u00e7a de policarbonato,\u00a0com ponte e apoio nasal injetados do mesmo material. As hastes, do tipo esp\u00e1tula, s\u00e3o confeccionadas do\u00a0mesmo material da arma\u00e7\u00e3o e s\u00e3o fixadas \u00e0s extremidades do visor atrav\u00e9s de parafusos met\u00e1licos.<\/td>\n<\/tr>\n<tr>\n<th colspan=\"2\" align=\"center\" bgcolor=\"#FFCC00\" height=\"21\"><strong>POLICARBONATO<\/strong><\/th>\n<td align=\"center\" bgcolor=\"#FFCC00\" width=\"331\"><strong>APLICA\u00c7\u00c3O<\/strong><\/td>\n<td align=\"center\" bgcolor=\"#FFCC00\" width=\"468\"><strong>NORMA APLIC\u00c1VEL\u00a0<\/strong><\/td>\n<\/tr>\n<tr>\n<th bgcolor=\"#E1E1E1\" width=\"191\"><strong>Composi\u00e7\u00e3o<\/strong><\/th>\n<th bgcolor=\"#E1E1E1\" width=\"359\"><strong>Policarbonato e pl\u00e1stico<\/strong><\/th>\n<td rowspan=\"10\" valign=\"top\"><strong>\u2022\u00a0Metal\u00fargica<br \/>\n\u2022 Mineradoras<br \/>\n\u2022 Constru\u00e7\u00e3o civil<br \/>\n\u2022 Naval<br \/>\n\u2022 Manuten\u00e7\u00e3o<br \/>\n\u2022 Esporte e lazer<br \/>\n\u2022\u00a0Agroind\u00fastria<br \/>\n\u2022 Atividades em geral<\/strong><\/td>\n<td rowspan=\"10\" valign=\"top\"><strong>ANSI.Z.87.1\/2003<br \/>\nPara prote\u00e7\u00e3o dos olhos<br \/>\ndo usu\u00e1rio contra Impactos\u00a0de<br \/>\n<\/strong><strong>part\u00edculas\u00a0volantes<br \/>\nfrontais e luminosidade<br \/>\nintensa frontal.<\/strong><\/td>\n<\/tr>\n<tr>\n<th><strong>Trat. Da lente<\/strong><\/th>\n<th><strong>AR-Anti-Risco<\/strong><\/th>\n<\/tr>\n<tr>\n<td bgcolor=\"#E1E1E1\"><strong>CA<\/strong><\/td>\n<td bgcolor=\"#E1E1E1\">26.127<\/td>\n<\/tr>\n<tr>\n<td><strong>Tamanho<\/strong><\/td>\n<td><strong>\u00danico<\/strong><\/td>\n<\/tr>\n<tr>\n<td bgcolor=\"#E1E1E1\"><strong>Embalagem<br \/>\n<\/strong><\/td>\n<td bgcolor=\"#E1E1E1\"><strong>Pacote c\/01 un. | Cx. c\/20 un.<\/strong><\/td>\n<\/tr>\n<tr>\n<td><strong>Cor da lente<\/strong><\/td>\n<td><strong><img decoding=\"async\" class=\"size-full wp-image-258 alignleft\" src=\"http:\/\/supersafety.com.br\/wp-content\/uploads\/2016\/08\/4CORES.jpg\" alt=\"4CORES\" width=\"90\" height=\"18\" \/><\/strong><\/td>\n<\/tr>\n<tr>\n<td><strong>\u00a0<\/strong><\/td>\n<td><strong>\u00a0<\/strong><\/td>\n<\/tr>\n<\/tbody>\n<\/table>\n<p><strong>\u00a0<\/strong><\/p>\n","protected":false},"featured_media":3900,"comment_status":"open","ping_status":"closed","template":"","meta":[],"product_brand":[],"product_cat":[20,94],"product_tag":[],"class_list":{"0":"post-3899","1":"product","2":"type-product","3":"status-publish","4":"has-post-thumbnail","6":"product_cat-oculos","7":"product_cat-supersafety","9":"first","10":"onbackorder","11":"taxable","12":"shipping-taxable","13":"purchasable","14":"product-type-simple"},"_links":{"self":[{"href":"https:\/\/segtotaltreinamentos.com.br\/Loja\/wp-json\/wp\/v2\/product\/3899","targetHints":{"allow":["GET"]}}],"collection":[{"href":"https:\/\/segtotaltreinamentos.com.br\/Loja\/wp-json\/wp\/v2\/product"}],"about":[{"href":"https:\/\/segtotaltreinamentos.com.br\/Loja\/wp-json\/wp\/v2\/types\/product"}],"replies":[{"embeddable":true,"href":"https:\/\/segtotaltreinamentos.com.br\/Loja\/wp-json\/wp\/v2\/comments?post=3899"}],"wp:featuredmedia":[{"embeddable":true,"href":"https:\/\/segtotaltreinamentos.com.br\/Loja\/wp-json\/wp\/v2\/media\/3900"}],"wp:attachment":[{"href":"https:\/\/segtotaltreinamentos.com.br\/Loja\/wp-json\/wp\/v2\/media?parent=3899"}],"wp:term":[{"taxonomy":"product_brand","embeddable":true,"href":"https:\/\/segtotaltreinamentos.com.br\/Loja\/wp-json\/wp\/v2\/product_brand?post=3899"},{"taxonomy":"product_cat","embeddable":true,"href":"https:\/\/segtotaltreinamentos.com.br\/Loja\/wp-json\/wp\/v2\/product_cat?post=3899"},{"taxonomy":"product_tag","embeddable":true,"href":"https:\/\/segtotaltreinamentos.com.br\/Loja\/wp-json\/wp\/v2\/product_tag?post=3899"}],"curies":[{"name":"wp","href":"https:\/\/api.w.org\/{rel}","templated":true}]}}