{"id":3901,"date":"2017-07-06T12:29:57","date_gmt":"2017-07-06T12:29:57","guid":{"rendered":"http:\/\/segtotaltreinamentos.com.br\/Loja\/?post_type=product&#038;p=3901"},"modified":"2017-07-06T12:30:33","modified_gmt":"2017-07-06T12:30:33","slug":"rc-f530-capuz-termico-de-la-p53001-ca-18416","status":"publish","type":"product","link":"https:\/\/segtotaltreinamentos.com.br\/Loja\/produto\/rc-f530-capuz-termico-de-la-p53001-ca-18416\/","title":{"rendered":"RC-F530 &#8211; CAPUZ T\u00c9RMICO DE L\u00c3 P53001 CA 18416"},"content":{"rendered":"","protected":false},"excerpt":{"rendered":"<div class=\"field field-name-field-descricao field-type-text-long field-label-above\">\n<div class=\"field-label\">Descri\u00e7\u00e3o:<\/div>\n<div class=\"field-items\">\n<div class=\"field-item even\">\n<p>Capuz t\u00e9rmico tricotado em 5 fios de l\u00e3 acr\u00edlica &#8211; modelo ninja.<\/p>\n<\/div>\n<\/div>\n<\/div>\n<div class=\"field field-name-field-tamanhos field-type-text field-label-inline clearfix\">\n<div class=\"field-label\">Tamanhos:<\/div>\n<div class=\"field-items\">\n<div class=\"field-item even\">\u00danico<\/div>\n<\/div>\n<\/div>\n<div class=\"field field-name-field-cor field-type-text field-label-inline clearfix\">\n<div class=\"field-label\">Cores:<\/div>\n<div class=\"field-items\">\n<div class=\"field-item even\">Azul, Preto e Branco<\/div>\n<\/div>\n<\/div>\n<div class=\"field field-name-field-indicacao field-type-text-long field-label-above\">\n<div class=\"field-label\">Indica\u00e7\u00e3o:<\/div>\n<div class=\"field-items\">\n<div class=\"field-item even\">Prote\u00e7\u00e3o da cabe\u00e7a e rosto em ambientes de baixa temperatura.<\/div>\n<\/div>\n<\/div>\n<div class=\"field field-name-field-referencia field-type-text-long field-label-above\">\n<div class=\"field-label\">Diferenciais:<\/div>\n<div class=\"field-items\">\n<div class=\"field-item even\">\n<ul>\n<li>Tric\u00f4 de 5 fios de l\u00e3 acr\u00edlica confere excelente prote\u00e7\u00e3o t\u00e9rmica e respirabilidade, al\u00e9m de se adaptar a qualquer tamanho de cabe\u00e7a para m\u00e1ximo conforto.<\/li>\n<\/ul>\n<\/div>\n<\/div>\n<\/div>\n<div class=\"field field-name-body field-type-text-with-summary field-label-hidden\">\n<div class=\"field-items\">\n<div class=\"field-item even\">\n<table class=\"tabprods\" border=\"1\">\n<tbody>\n<tr>\n<td width=\"100px\"><strong>Cor:<\/strong><\/td>\n<td width=\"80px\"><strong>Ref.<\/strong><\/td>\n<\/tr>\n<tr>\n<td width=\"100px\">Azul<\/td>\n<td width=\"80px\">F53003<\/td>\n<\/tr>\n<tr>\n<td width=\"100px\">Branca<\/td>\n<td width=\"80px\">F53002<\/td>\n<\/tr>\n<tr>\n<td width=\"100px\">Preta<\/td>\n<td width=\"80px\">F53001<\/td>\n<\/tr>\n<\/tbody>\n<\/table>\n<\/div>\n<\/div>\n<\/div>\n","protected":false},"featured_media":3902,"comment_status":"open","ping_status":"closed","template":"","meta":[],"product_brand":[],"product_cat":[119,120],"product_tag":[],"class_list":{"0":"post-3901","1":"product","2":"type-product","3":"status-publish","4":"has-post-thumbnail","6":"product_cat-frio-tipo","7":"product_cat-qualiflex","9":"first","10":"outofstock","11":"taxable","12":"shipping-taxable","13":"purchasable","14":"product-type-simple"},"_links":{"self":[{"href":"https:\/\/segtotaltreinamentos.com.br\/Loja\/wp-json\/wp\/v2\/product\/3901","targetHints":{"allow":["GET"]}}],"collection":[{"href":"https:\/\/segtotaltreinamentos.com.br\/Loja\/wp-json\/wp\/v2\/product"}],"about":[{"href":"https:\/\/segtotaltreinamentos.com.br\/Loja\/wp-json\/wp\/v2\/types\/product"}],"replies":[{"embeddable":true,"href":"https:\/\/segtotaltreinamentos.com.br\/Loja\/wp-json\/wp\/v2\/comments?post=3901"}],"wp:featuredmedia":[{"embeddable":true,"href":"https:\/\/segtotaltreinamentos.com.br\/Loja\/wp-json\/wp\/v2\/media\/3902"}],"wp:attachment":[{"href":"https:\/\/segtotaltreinamentos.com.br\/Loja\/wp-json\/wp\/v2\/media?parent=3901"}],"wp:term":[{"taxonomy":"product_brand","embeddable":true,"href":"https:\/\/segtotaltreinamentos.com.br\/Loja\/wp-json\/wp\/v2\/product_brand?post=3901"},{"taxonomy":"product_cat","embeddable":true,"href":"https:\/\/segtotaltreinamentos.com.br\/Loja\/wp-json\/wp\/v2\/product_cat?post=3901"},{"taxonomy":"product_tag","embeddable":true,"href":"https:\/\/segtotaltreinamentos.com.br\/Loja\/wp-json\/wp\/v2\/product_tag?post=3901"}],"curies":[{"name":"wp","href":"https:\/\/api.w.org\/{rel}","templated":true}]}}