{"id":3906,"date":"2017-07-06T13:43:28","date_gmt":"2017-07-06T13:43:28","guid":{"rendered":"http:\/\/segtotaltreinamentos.com.br\/Loja\/?post_type=product&#038;p=3906"},"modified":"2017-07-06T13:43:28","modified_gmt":"2017-07-06T13:43:28","slug":"bota-frigorifica-microfibra-forro","status":"publish","type":"product","link":"https:\/\/segtotaltreinamentos.com.br\/Loja\/produto\/bota-frigorifica-microfibra-forro\/","title":{"rendered":"BOTA FRIGORIFICA MICROFIBRA FORRO"},"content":{"rendered":"<p>BOTA FRIGORIFICA MICROFIBRA FORRO<\/p>\n<p>BS-71402-2 <b>(CA-35247)<\/b><\/p>\n<p>M\u00ednimo: 10 pares<\/p>\n","protected":false},"excerpt":{"rendered":"<p><span class=\"tit_nome_prod\">Bota C\u00e2mara Fria em Microfibra<\/span><\/p>\n<p class=\"desc_prod\">Bota de seguran\u00e7a confeccionada em microfibra, com forro em l\u00e3<br \/>\nsint\u00e9tica. Indicada para \u00e1reas que apresentem incid\u00eancia de baixa<br \/>\ntemperatura e umidade, tais como c\u00e2maras frias e frigor\u00edficos, garantindo<br \/>\nconforto e prote\u00e7\u00e3o \u00e0s pernas, tornozelos e p\u00e9s do usu\u00e1rio.<\/p>\n","protected":false},"featured_media":3907,"comment_status":"open","ping_status":"closed","template":"","meta":[],"product_brand":[],"product_cat":[16,82,17],"product_tag":[],"class_list":{"0":"post-3906","1":"product","2":"type-product","3":"status-publish","4":"has-post-thumbnail","6":"product_cat-calcados","7":"product_cat-conforto","8":"product_cat-economico","10":"first","11":"outofstock","12":"taxable","13":"shipping-taxable","14":"purchasable","15":"product-type-simple"},"_links":{"self":[{"href":"https:\/\/segtotaltreinamentos.com.br\/Loja\/wp-json\/wp\/v2\/product\/3906","targetHints":{"allow":["GET"]}}],"collection":[{"href":"https:\/\/segtotaltreinamentos.com.br\/Loja\/wp-json\/wp\/v2\/product"}],"about":[{"href":"https:\/\/segtotaltreinamentos.com.br\/Loja\/wp-json\/wp\/v2\/types\/product"}],"replies":[{"embeddable":true,"href":"https:\/\/segtotaltreinamentos.com.br\/Loja\/wp-json\/wp\/v2\/comments?post=3906"}],"wp:featuredmedia":[{"embeddable":true,"href":"https:\/\/segtotaltreinamentos.com.br\/Loja\/wp-json\/wp\/v2\/media\/3907"}],"wp:attachment":[{"href":"https:\/\/segtotaltreinamentos.com.br\/Loja\/wp-json\/wp\/v2\/media?parent=3906"}],"wp:term":[{"taxonomy":"product_brand","embeddable":true,"href":"https:\/\/segtotaltreinamentos.com.br\/Loja\/wp-json\/wp\/v2\/product_brand?post=3906"},{"taxonomy":"product_cat","embeddable":true,"href":"https:\/\/segtotaltreinamentos.com.br\/Loja\/wp-json\/wp\/v2\/product_cat?post=3906"},{"taxonomy":"product_tag","embeddable":true,"href":"https:\/\/segtotaltreinamentos.com.br\/Loja\/wp-json\/wp\/v2\/product_tag?post=3906"}],"curies":[{"name":"wp","href":"https:\/\/api.w.org\/{rel}","templated":true}]}}