{"id":3920,"date":"2017-07-12T18:47:46","date_gmt":"2017-07-12T18:47:46","guid":{"rendered":"http:\/\/segtotaltreinamentos.com.br\/Loja\/?post_type=product&#038;p=3920"},"modified":"2017-07-12T18:47:46","modified_gmt":"2017-07-12T18:47:46","slug":"calca-frigorifica","status":"publish","type":"product","link":"https:\/\/segtotaltreinamentos.com.br\/Loja\/produto\/calca-frigorifica\/","title":{"rendered":"CAL\u00c7A FRIGORIFICA"},"content":{"rendered":"<p>CAL\u00c7A<br \/>\nAZUL<br \/>\nBRANCA<br \/>\nCal\u00e7a confeccionada em tecido nylon<br \/>\nForro interno com manta t\u00e9rmica em poli\u00e9ster.<br \/>\nIndicada para uso em<br \/>\ncozinhas industriais,<br \/>\nfrigor\u00edficos e ind\u00fastrias<br \/>\nP M G\u00a0 FRIGORIFICA<br \/>\nVERDE<br \/>\nAjuste com el\u00e1stico e cord\u00e3o na cintura.<br \/>\nSem bolsos. Mod. Tipo pijama<br \/>\naliment\u00edcias para ate &#8211;<br \/>\n25\u00b0C<br \/>\nGG<\/p>\n<p>CA10976<\/p>\n","protected":false},"excerpt":{"rendered":"<p>CAL\u00c7A AZUL BRANCA Cal\u00e7a confeccionada em tecido nylon Forro interno com manta t\u00e9rmica em poli\u00e9ster. Indicada para uso em cozinhas&hellip;<\/p>\n","protected":false},"featured_media":3921,"comment_status":"open","ping_status":"closed","template":"","meta":[],"product_brand":[],"product_cat":[119,122],"product_tag":[],"class_list":{"0":"post-3920","1":"product","2":"type-product","3":"status-publish","4":"has-post-thumbnail","6":"product_cat-frio-tipo","7":"product_cat-maicol","9":"first","10":"outofstock","11":"taxable","12":"shipping-taxable","13":"purchasable","14":"product-type-simple"},"_links":{"self":[{"href":"https:\/\/segtotaltreinamentos.com.br\/Loja\/wp-json\/wp\/v2\/product\/3920","targetHints":{"allow":["GET"]}}],"collection":[{"href":"https:\/\/segtotaltreinamentos.com.br\/Loja\/wp-json\/wp\/v2\/product"}],"about":[{"href":"https:\/\/segtotaltreinamentos.com.br\/Loja\/wp-json\/wp\/v2\/types\/product"}],"replies":[{"embeddable":true,"href":"https:\/\/segtotaltreinamentos.com.br\/Loja\/wp-json\/wp\/v2\/comments?post=3920"}],"wp:featuredmedia":[{"embeddable":true,"href":"https:\/\/segtotaltreinamentos.com.br\/Loja\/wp-json\/wp\/v2\/media\/3921"}],"wp:attachment":[{"href":"https:\/\/segtotaltreinamentos.com.br\/Loja\/wp-json\/wp\/v2\/media?parent=3920"}],"wp:term":[{"taxonomy":"product_brand","embeddable":true,"href":"https:\/\/segtotaltreinamentos.com.br\/Loja\/wp-json\/wp\/v2\/product_brand?post=3920"},{"taxonomy":"product_cat","embeddable":true,"href":"https:\/\/segtotaltreinamentos.com.br\/Loja\/wp-json\/wp\/v2\/product_cat?post=3920"},{"taxonomy":"product_tag","embeddable":true,"href":"https:\/\/segtotaltreinamentos.com.br\/Loja\/wp-json\/wp\/v2\/product_tag?post=3920"}],"curies":[{"name":"wp","href":"https:\/\/api.w.org\/{rel}","templated":true}]}}