{"id":3936,"date":"2017-07-18T15:54:58","date_gmt":"2017-07-18T15:54:58","guid":{"rendered":"http:\/\/segtotaltreinamentos.com.br\/Loja\/?post_type=product&#038;p=3936"},"modified":"2017-07-18T15:59:43","modified_gmt":"2017-07-18T15:59:43","slug":"luvas-alta-flexibilidade-luva-nitril-full-plus","status":"publish","type":"product","link":"https:\/\/segtotaltreinamentos.com.br\/Loja\/produto\/luvas-alta-flexibilidade-luva-nitril-full-plus\/","title":{"rendered":"Luvas Alta Flexibilidade Luva Nitril Full Plus"},"content":{"rendered":"<p><a href=\"https:\/\/segtotaltreinamentos.com.br\/Loja\/wp-content\/uploads\/2017\/07\/23-01112016123728.pdf\">23-01112016123728<\/a><\/p>\n<p><a href=\"https:\/\/segtotaltreinamentos.com.br\/Loja\/wp-content\/uploads\/2017\/07\/17-01112016123728.pdf\">17-01112016123728<\/a><\/p>\n<p>( Est\u00e1 em falta com previs\u00e3o para 29\/09 )<\/p>\n","protected":false},"excerpt":{"rendered":"<h3>Descri\u00e7\u00e3o<\/h3>\n<p>Luva de seguran\u00e7a confeccionada em fibras sint\u00e9ticas, 15 gauge, revestimento total da face palmar, ponta dos dedos, dorso e punho em material nitr\u00edlico tipo smooth (liso), revestimento duplo da face palmar e ponta dos dedos em material nitr\u00edlico tipo sandy (areia).<\/p>\n<hr \/>\n<h4>Especifica\u00e7\u00f5es<\/h4>\n<p>CA:\u00a038653<br \/>\nTamanhos:\u00a09 (G) 10 (EG) 11(EEG)<br \/>\nUso:\u00a0Reutiliz\u00e1vel<br \/>\nFormato:\u00a0Anat\u00f4mico<br \/>\nEstrutura:\u00a0Suporte T\u00eaxtil<br \/>\nModelo da Estrutura:\u00a0Montado\/ Costurado<br \/>\nMaterial Suporte:\u00a0Fibras Sint\u00e9ticas<br \/>\nPunho:\u00a0Reto<br \/>\nEmbalagem:\u00a0Pacote com 12 pares e Caixa com 144 pares.<br \/>\nGrip:\u00a0Sandy (Areia)<\/p>\n<hr \/>\n<h4>Vantagens e benef\u00edcios<\/h4>\n<p>RESIST\u00caNCIA MEC\u00c2NICA E QU\u00cdMICA<\/p>\n<p>ALTA PERFORMANCE NA MANIPULA\u00c7\u00c3O DE PE\u00c7AS ABRASIVAS COM \u00d3LEO OU RES\u00cdDUOS QU\u00cdMICOS<\/p>\n<p>FORMATO ANAT\u00d4MICO\u00a0&#8211;\u00a0Redu\u00e7\u00e3o da fadiga muscular<\/p>\n<p>REDU\u00c7\u00c3O\u00a0DE CUSTOS\u00a0&#8211;\u00a0Luvas lav\u00e1veis e reutiliz\u00e1veis. Aumenta consideravelmente o ciclo de vida da luva e reduz os custos da empresa.<\/p>\n<div class=\"row conteudo\">\n<div class=\"col-sm-8\">\n<div class=\"row\">\n<div class=\"col-sm-7 ckEditor\">\n<h4>Aplica\u00e7\u00f5es<\/h4>\n<p>Indicada para trabalhos de precis\u00e3o, leves e m\u00e9dios, com<br \/>\nnecessidade de moderada \u00e0 alta sensibilidade t\u00e1til, elasticidade e<br \/>\nflexibilidade de movimentos, realizadas em ambientes secos e \u00famidos,<br \/>\nsob temperatura ambiente, para prote\u00e7\u00e3o contra pequenas e m\u00e9dias<br \/>\nagress\u00f5es, com riscos mec\u00e2nicos (abras\u00e3o, corte, rasgamento e<br \/>\nperfura\u00e7\u00e3o) e qu\u00edmico. Em opera\u00e7\u00f5es onde haja necessidade de manusear materiais e produtos abrasivos, que exijam sensibilidade t\u00e1til, impregnados ou n\u00e3o com \u00f3leos, graxas ou res\u00edduos qu\u00edmicos, com necessidade de boa flexibilidade.<\/p>\n<hr \/>\n<h4>Potenciais clientes<\/h4>\n<p>Ind\u00fastrias Automotivas, Metal-Mec\u00e2nica, Industriais Qu\u00edmica e Petroqu\u00edmica, Usinagem, Pintura e F\u00e1bricas de Tintas, Industrial Naval, Saneamento b\u00e1sico (ETE\/ETA), Servi\u00e7os de Conserva\u00e7\u00e3o e Limpeza, Jardinagem e Paisagismo, Constru\u00e7\u00e3o Civil, Industrias de baterias e outros.<\/p>\n<\/div>\n<div class=\"col-sm-4 col-sm-offset-1\"><\/div>\n<\/div>\n<\/div>\n<\/div>\n","protected":false},"featured_media":3937,"comment_status":"open","ping_status":"closed","template":"","meta":[],"product_brand":[],"product_cat":[6,9,86],"product_tag":[],"class_list":{"0":"post-3936","1":"product","2":"type-product","3":"status-publish","4":"has-post-thumbnail","6":"product_cat-luvas","7":"product_cat-luvas-quimico","8":"product_cat-volk","10":"first","11":"onbackorder","12":"taxable","13":"shipping-taxable","14":"purchasable","15":"product-type-simple"},"_links":{"self":[{"href":"https:\/\/segtotaltreinamentos.com.br\/Loja\/wp-json\/wp\/v2\/product\/3936","targetHints":{"allow":["GET"]}}],"collection":[{"href":"https:\/\/segtotaltreinamentos.com.br\/Loja\/wp-json\/wp\/v2\/product"}],"about":[{"href":"https:\/\/segtotaltreinamentos.com.br\/Loja\/wp-json\/wp\/v2\/types\/product"}],"replies":[{"embeddable":true,"href":"https:\/\/segtotaltreinamentos.com.br\/Loja\/wp-json\/wp\/v2\/comments?post=3936"}],"wp:featuredmedia":[{"embeddable":true,"href":"https:\/\/segtotaltreinamentos.com.br\/Loja\/wp-json\/wp\/v2\/media\/3937"}],"wp:attachment":[{"href":"https:\/\/segtotaltreinamentos.com.br\/Loja\/wp-json\/wp\/v2\/media?parent=3936"}],"wp:term":[{"taxonomy":"product_brand","embeddable":true,"href":"https:\/\/segtotaltreinamentos.com.br\/Loja\/wp-json\/wp\/v2\/product_brand?post=3936"},{"taxonomy":"product_cat","embeddable":true,"href":"https:\/\/segtotaltreinamentos.com.br\/Loja\/wp-json\/wp\/v2\/product_cat?post=3936"},{"taxonomy":"product_tag","embeddable":true,"href":"https:\/\/segtotaltreinamentos.com.br\/Loja\/wp-json\/wp\/v2\/product_tag?post=3936"}],"curies":[{"name":"wp","href":"https:\/\/api.w.org\/{rel}","templated":true}]}}