{"id":3943,"date":"2017-07-18T18:40:18","date_gmt":"2017-07-18T18:40:18","guid":{"rendered":"http:\/\/segtotaltreinamentos.com.br\/Loja\/?post_type=product&#038;p=3943"},"modified":"2020-02-02T21:56:27","modified_gmt":"2020-02-02T21:56:27","slug":"luvas-ultrablack-pro-total","status":"publish","type":"product","link":"https:\/\/segtotaltreinamentos.com.br\/Loja\/produto\/luvas-ultrablack-pro-total\/","title":{"rendered":"Luvas ULTRABLACK PRO TOTAL"},"content":{"rendered":"<p><span class=\"breadcrumb_last\">ULTRABLACK PRO TOTAL \u2013 Luva de seguran\u00e7a de nylon com banho nitr\u00edlico<\/span><\/p>\n<p><a href=\"https:\/\/segtotaltreinamentos.com.br\/Loja\/wp-content\/uploads\/2017\/07\/FT-LUVA-DANNY-ULTRABLACK-PRO-TOTAL-CA37150-DA-46000.pdf\">FT-LUVA-DANNY-ULTRABLACK-PRO-TOTAL-CA37150-DA-46000<\/a><\/p>\n","protected":false},"excerpt":{"rendered":"<div id=\"desc-prod\">\n<div id=\"corpo-van-prod\">\n<div id=\"txt-van-prod\"><b>Benef\u00edcios<\/b><\/p>\n<ul>\n<li><img decoding=\"async\" src=\"http:\/\/www.danny.com.br\/wp-content\/uploads\/2017\/02\/beneficio-aprovado.png\" \/>Alta resist\u00eancia a abras\u00e3o e ao rasgamento.<\/li>\n<li><img decoding=\"async\" src=\"http:\/\/www.danny.com.br\/wp-content\/uploads\/2017\/02\/beneficio-aprovado.png\" \/>Ideal para manuseio de pe\u00e7as com umidade<\/li>\n<li><img decoding=\"async\" src=\"http:\/\/www.danny.com.br\/wp-content\/uploads\/2017\/02\/beneficio-aprovado.png\" \/>Conforto para per\u00edodos prolongados de uso<\/li>\n<\/ul>\n<\/div>\n<\/div>\n<div id=\"corpo-desc-prod\"><b>Descri\u00e7\u00e3o<\/b><br \/>\nA luva Ultrablack Pro Total \u00e9 confeccionada em nylon totalmente recoberta com banho nitr\u00edlico, que protege contra atividades com umidade e sua palma possui tratamento em nitr\u00edlico foam, que proporciona melhor ader\u00eancia para trabalhos com \u00f3leos e graxas sem perder o tato. Seu formato anat\u00f4mico proporciona maior conforto, evitando fadiga muscular.<\/p>\n<\/div>\n<div id=\"corpo-desc-prod\">\n<div id=\"txt-van-prod\"><b>Aplica\u00e7\u00f5es<\/b><\/p>\n<ul>\n<li><img decoding=\"async\" src=\"http:\/\/www.danny.com.br\/wp-content\/uploads\/2017\/02\/beneficio-aprovado.png\" \/>Servi\u00e7os na ind\u00fastria automobil\u00edstica e metalmec\u00e2nica<\/li>\n<li><img decoding=\"async\" src=\"http:\/\/www.danny.com.br\/wp-content\/uploads\/2017\/02\/beneficio-aprovado.png\" \/>Atividades de manuten\u00e7\u00e3o e montagem<\/li>\n<\/ul>\n<\/div>\n<\/div>\n<\/div>\n<div id=\"dados-prod\">\n<div class=\"corpo-dados-prod\">\n<div id=\"dados-esq\">\n<p><b>C\u00f3digo:<\/b> DA-46000<br \/>\n<b>Tamanho(s):<\/b> P | M | G | XG<br \/>\n<b>Cor:<\/b> Azul com preto<br \/>\n<b>Normas T\u00e9cnicas:<\/b> EN 388\/2003<\/p>\n<\/div>\n<\/div>\n<\/div>\n","protected":false},"featured_media":3944,"comment_status":"open","ping_status":"closed","template":"","meta":[],"product_brand":[],"product_cat":[39,6,9],"product_tag":[],"class_list":{"0":"post-3943","1":"product","2":"type-product","3":"status-publish","4":"has-post-thumbnail","6":"product_cat-danny","7":"product_cat-luvas","8":"product_cat-luvas-quimico","10":"first","11":"onbackorder","12":"taxable","13":"shipping-taxable","14":"purchasable","15":"product-type-simple"},"_links":{"self":[{"href":"https:\/\/segtotaltreinamentos.com.br\/Loja\/wp-json\/wp\/v2\/product\/3943","targetHints":{"allow":["GET"]}}],"collection":[{"href":"https:\/\/segtotaltreinamentos.com.br\/Loja\/wp-json\/wp\/v2\/product"}],"about":[{"href":"https:\/\/segtotaltreinamentos.com.br\/Loja\/wp-json\/wp\/v2\/types\/product"}],"replies":[{"embeddable":true,"href":"https:\/\/segtotaltreinamentos.com.br\/Loja\/wp-json\/wp\/v2\/comments?post=3943"}],"wp:featuredmedia":[{"embeddable":true,"href":"https:\/\/segtotaltreinamentos.com.br\/Loja\/wp-json\/wp\/v2\/media\/3944"}],"wp:attachment":[{"href":"https:\/\/segtotaltreinamentos.com.br\/Loja\/wp-json\/wp\/v2\/media?parent=3943"}],"wp:term":[{"taxonomy":"product_brand","embeddable":true,"href":"https:\/\/segtotaltreinamentos.com.br\/Loja\/wp-json\/wp\/v2\/product_brand?post=3943"},{"taxonomy":"product_cat","embeddable":true,"href":"https:\/\/segtotaltreinamentos.com.br\/Loja\/wp-json\/wp\/v2\/product_cat?post=3943"},{"taxonomy":"product_tag","embeddable":true,"href":"https:\/\/segtotaltreinamentos.com.br\/Loja\/wp-json\/wp\/v2\/product_tag?post=3943"}],"curies":[{"name":"wp","href":"https:\/\/api.w.org\/{rel}","templated":true}]}}