{"id":3947,"date":"2017-07-19T19:30:07","date_gmt":"2017-07-19T19:30:07","guid":{"rendered":"http:\/\/segtotaltreinamentos.com.br\/Loja\/?post_type=product&#038;p=3947"},"modified":"2020-06-02T13:56:16","modified_gmt":"2020-06-02T13:56:16","slug":"trava-quedas-para-corda-vic29041","status":"publish","type":"product","link":"https:\/\/segtotaltreinamentos.com.br\/Loja\/produto\/trava-quedas-para-corda-vic29041\/","title":{"rendered":"Trava-Quedas Para Corda &#8211; VIC29041"},"content":{"rendered":"<p>Trava-quedas para 12mm em a\u00e7o com extensor e mosquet\u00e3o oval com abertura de 17mm.<\/p>\n<p><a href=\"https:\/\/segtotaltreinamentos.com.br\/Loja\/wp-content\/uploads\/2017\/07\/trava_quedas_de_12_mm_vic29041.pdf\">trava_quedas_de_12_mm_vic29041<\/a><\/p>\n<p><a href=\"https:\/\/segtotaltreinamentos.com.br\/Loja\/wp-content\/uploads\/2017\/07\/manual_de_instru\u00e7\u00f5es_trava_quedas_vic_29041.pdf\">manual_de_instru\u00e7\u00f5es_trava_quedas_vic_29041<\/a><\/p>\n","protected":false},"excerpt":{"rendered":"<p>VIC-29.041<br \/>\nTrava quedas para corda de 12 mm com extensor<\/p>\n<p>Benef\u00edcios<br \/>\nSistema de guia para corda<br \/>\nCapacidade de carga at\u00e9 o limite de 100 kg (incluindo vestimentas, cintur\u00e3o, ferramentas e equipamentos transportados junto ao corpo)<br \/>\nN\u00e3o possui Chip NFC para inspe\u00e7\u00e3o atrav\u00e9s do celular &#8211; Mob Check<br \/>\nDescri\u00e7\u00e3o<br \/>\nTrava quedas deslizante guiado em linha flex\u00edvel com dispositivo em a\u00e7o inoxid\u00e1vel para corda poliamida 12 mm, possui conector de a\u00e7o galvanizado classe B com abertura de 20 mm, trava dupla e fechamento em rosca, possui extensor em fita de poli\u00e9ster de 25 mm.<br \/>\nAplica\u00e7\u00f5es<br \/>\nReten\u00e7\u00e3o de queda<br \/>\nFacilitar a movimenta\u00e7\u00e3o vertical do usu\u00e1rio nas linhas de vida em corda<br \/>\nSolicite uma amostraAgendamento de avalia\u00e7\u00e3o de risco<br \/>\nC\u00f3digo:<br \/>\nVIC-29.041<br \/>\nTamanho(s): n\u00e3o aplic\u00e1vel<br \/>\nCor: amarela e cinza<br \/>\nNormas T\u00e9cnicas: ABNT NBR 14626:2010<\/p>\n","protected":false},"featured_media":24513,"comment_status":"open","ping_status":"closed","template":"","meta":[],"product_brand":[],"product_cat":[32,145,80],"product_tag":[],"class_list":{"0":"post-3947","1":"product","2":"type-product","3":"status-publish","4":"has-post-thumbnail","6":"product_cat-trabalho-em-altura","7":"product_cat-trava-quedas","8":"product_cat-vicza","10":"first","11":"instock","12":"featured","13":"taxable","14":"shipping-taxable","15":"purchasable","16":"product-type-simple"},"_links":{"self":[{"href":"https:\/\/segtotaltreinamentos.com.br\/Loja\/wp-json\/wp\/v2\/product\/3947","targetHints":{"allow":["GET"]}}],"collection":[{"href":"https:\/\/segtotaltreinamentos.com.br\/Loja\/wp-json\/wp\/v2\/product"}],"about":[{"href":"https:\/\/segtotaltreinamentos.com.br\/Loja\/wp-json\/wp\/v2\/types\/product"}],"replies":[{"embeddable":true,"href":"https:\/\/segtotaltreinamentos.com.br\/Loja\/wp-json\/wp\/v2\/comments?post=3947"}],"wp:featuredmedia":[{"embeddable":true,"href":"https:\/\/segtotaltreinamentos.com.br\/Loja\/wp-json\/wp\/v2\/media\/24513"}],"wp:attachment":[{"href":"https:\/\/segtotaltreinamentos.com.br\/Loja\/wp-json\/wp\/v2\/media?parent=3947"}],"wp:term":[{"taxonomy":"product_brand","embeddable":true,"href":"https:\/\/segtotaltreinamentos.com.br\/Loja\/wp-json\/wp\/v2\/product_brand?post=3947"},{"taxonomy":"product_cat","embeddable":true,"href":"https:\/\/segtotaltreinamentos.com.br\/Loja\/wp-json\/wp\/v2\/product_cat?post=3947"},{"taxonomy":"product_tag","embeddable":true,"href":"https:\/\/segtotaltreinamentos.com.br\/Loja\/wp-json\/wp\/v2\/product_tag?post=3947"}],"curies":[{"name":"wp","href":"https:\/\/api.w.org\/{rel}","templated":true}]}}