{"id":3980,"date":"2017-07-25T20:36:06","date_gmt":"2017-07-25T20:36:06","guid":{"rendered":"http:\/\/segtotaltreinamentos.com.br\/Loja\/?post_type=product&#038;p=3980"},"modified":"2017-09-20T16:52:40","modified_gmt":"2017-09-20T16:52:40","slug":"luva-cut-oil-full","status":"publish","type":"product","link":"https:\/\/segtotaltreinamentos.com.br\/Loja\/produto\/luva-cut-oil-full\/","title":{"rendered":"Luva Cut Oil Full"},"content":{"rendered":"<p><a href=\"https:\/\/segtotaltreinamentos.com.br\/Loja\/wp-content\/uploads\/2017\/07\/35-11022016192052.pdf\">35-11022016192052<\/a><\/p>\n<p><a href=\"https:\/\/segtotaltreinamentos.com.br\/Loja\/wp-content\/uploads\/2017\/07\/47-11022016192052.pdf\">47-11022016192052<\/a><\/p>\n","protected":false},"excerpt":{"rendered":"<h3>Descri\u00e7\u00e3o<\/h3>\n<p>Luva de seguran\u00e7a tricotada com fios de fibra de vidro e fios sint\u00e9ticos, revestimento duplo em borracha nitr\u00edlica na palma e dorso, acabamento tipo areia, punho com elastano.<\/p>\n<hr \/>\n<h4>Especifica\u00e7\u00f5es<\/h4>\n<p><strong>CA: <\/strong><a href=\"https:\/\/consultaca.com\/ca34270\" target=\"_blank\" rel=\"noopener\">34.270<\/a> \/ <a href=\"https:\/\/consultaca.com\/ca36848\" target=\"_blank\" rel=\"noopener\">36.848<\/a><br \/>\n<strong>Tamanhos: <\/strong>6(EP)* \u00a07(P) \u00a08(M) \u00a09(G) \u00a010(EG)<br \/>\n<strong>Uso: <\/strong>Reutiliz\u00e1vel<br \/>\n<strong>Formato: <\/strong>Anat\u00f4mico<br \/>\n<strong>Estrutura: <\/strong>Suporte T\u00eaxtil<br \/>\n<strong>Modelo da Estrutura: <\/strong>Tricotado<br \/>\n<strong>Material Suporte: <\/strong>Fios sint\u00e9ticos de alta performance<br \/>\n<strong>Punho: <\/strong>Tricotado<br \/>\n<strong>Embalagem: <\/strong>Pacote com 12 pares. Caixa com 72 pares.<br \/>\n<strong>Grip: <\/strong>Arenoso<\/p>\n<hr \/>\n<h4>Vantagens e benef\u00edcios<\/h4>\n<p><strong>EXCELENTE PROTE\u00c7\u00c3O<\/strong>\u00a0&#8211; Fios especiais de polietileno de alta performance: excelente resist\u00eancia mec\u00e2nica, especialmente \u00e0 abras\u00e3o e corte<\/p>\n<p><strong>MACIEZ E CONFORTO<\/strong>\u00a0&#8211; Fibra macia resistente a corte que se adapta muito bem \u00e0 m\u00e3o do usu\u00e1rio<\/p>\n<p><strong>PROTE\u00c7\u00c3O QU\u00cdMICA E MEC\u00c2NICA<\/strong>\u00a0&#8211; Revestimento na palma e dorso com borracha nitr\u00edlica, protege as m\u00e3os e os dedos a oleos, graxas e outros flu\u00eddos qu\u00edmicos<\/p>\n<p><strong>RESIST\u00caNCIA E PRECIS\u00c3O DE MOVIMENTOS EM OBJETOS SECOS OU OLEOSOS<\/strong>\u00a0&#8211; Revestimento em poliuretano nitr\u00edlico foam\/sandy na palma e ponta dos dedos &#8211; aumenta a resist\u00eancia a abras\u00e3o, oferece ader\u00eancia segura e precis\u00e3o dos movimentos em pe\u00e7as com presen\u00e7a de \u00f3leo<\/p>\n<p><strong>FORMATO ANAT\u00d4MICO<\/strong> &#8211;\u00a0Redu\u00e7\u00e3o da fadiga muscular<\/p>\n<p><strong>TAMANHOS DIFERENCIADOS POR CORES<\/strong>\u00a0&#8211; Diferencia\u00e7\u00e3o nas cores do punho, facilitando a idetifica\u00e7\u00e3o dos tamanhos<\/p>\n<p><strong>REDU\u00c7\u00c3O DE CUSTOS<\/strong> &#8211;\u00a0Luvas lav\u00e1veis e reutiliz\u00e1veis. Aumenta consideravelmente o ciclo de vida da luva e reduz os custos da empresa<\/p>\n<h4>Aplica\u00e7\u00f5es<\/h4>\n<p>Indicada para trabalhos realizados em ambientes secos e \u00famidos, sob temperatura ambiente, com risco de corte e\u00a0necessidadede de\u00a0sensibilidade t\u00e1til, moderada e alta. Oferece ainda elasticidade e flexibilidade de movimentos, com ou sem presen\u00e7a de \u00f3leo e flu\u00eddos qu\u00edmicos. Em opera\u00e7\u00f5es como manuseio de pe\u00e7as ou chapas cortantes de madeira, metais, vidro, cer\u00e2mica e outros. Trabalhos com risco de corte de estilete, montagem de estruturas met\u00e1licas, mec\u00e2nica de alta precis\u00e3o, inje\u00e7\u00e3o pl\u00e1stica e v\u00e1rias outras atividades.<\/p>\n<hr \/>\n<h4>Potenciais clientes<\/h4>\n<p>Ind\u00fastrias metalmec\u00e2nica, automotiva, naval, metal\u00fargicas, ind\u00fastrias eletroeletr\u00f4nica, aeron\u00e1utica, eletrodom\u00e9sticos, pl\u00e1sticas, ind\u00fastrias de vidro e bebidas, constru\u00e7\u00e3o civil, eletrodom\u00e9stico, madeireiras, ind\u00fastria moveleira, cal\u00e7adista, implementos agr\u00edcolas e outros.<\/p>\n<hr \/>\n","protected":false},"featured_media":3983,"comment_status":"open","ping_status":"closed","template":"","meta":[],"product_brand":[],"product_cat":[48,6,7,9,86],"product_tag":[],"class_list":{"0":"post-3980","1":"product","2":"type-product","3":"status-publish","4":"has-post-thumbnail","6":"product_cat-aderencia-a-oleo","7":"product_cat-luvas","8":"product_cat-luvas-anticorte","9":"product_cat-luvas-quimico","10":"product_cat-volk","12":"first","13":"instock","14":"taxable","15":"shipping-taxable","16":"purchasable","17":"product-type-simple"},"_links":{"self":[{"href":"https:\/\/segtotaltreinamentos.com.br\/Loja\/wp-json\/wp\/v2\/product\/3980","targetHints":{"allow":["GET"]}}],"collection":[{"href":"https:\/\/segtotaltreinamentos.com.br\/Loja\/wp-json\/wp\/v2\/product"}],"about":[{"href":"https:\/\/segtotaltreinamentos.com.br\/Loja\/wp-json\/wp\/v2\/types\/product"}],"replies":[{"embeddable":true,"href":"https:\/\/segtotaltreinamentos.com.br\/Loja\/wp-json\/wp\/v2\/comments?post=3980"}],"wp:featuredmedia":[{"embeddable":true,"href":"https:\/\/segtotaltreinamentos.com.br\/Loja\/wp-json\/wp\/v2\/media\/3983"}],"wp:attachment":[{"href":"https:\/\/segtotaltreinamentos.com.br\/Loja\/wp-json\/wp\/v2\/media?parent=3980"}],"wp:term":[{"taxonomy":"product_brand","embeddable":true,"href":"https:\/\/segtotaltreinamentos.com.br\/Loja\/wp-json\/wp\/v2\/product_brand?post=3980"},{"taxonomy":"product_cat","embeddable":true,"href":"https:\/\/segtotaltreinamentos.com.br\/Loja\/wp-json\/wp\/v2\/product_cat?post=3980"},{"taxonomy":"product_tag","embeddable":true,"href":"https:\/\/segtotaltreinamentos.com.br\/Loja\/wp-json\/wp\/v2\/product_tag?post=3980"}],"curies":[{"name":"wp","href":"https:\/\/api.w.org\/{rel}","templated":true}]}}