{"id":4032,"date":"2017-08-02T13:58:42","date_gmt":"2017-08-02T13:58:42","guid":{"rendered":"http:\/\/segtotaltreinamentos.com.br\/Loja\/?post_type=product&#038;p=4032"},"modified":"2020-06-02T14:11:33","modified_gmt":"2020-06-02T14:11:33","slug":"talabarte-de-seguranca-em-y-vic23605","status":"publish","type":"product","link":"https:\/\/segtotaltreinamentos.com.br\/Loja\/produto\/talabarte-de-seguranca-em-y-vic23605\/","title":{"rendered":"Talabarte de Seguran\u00e7a em Y &#8211; VIC23605"},"content":{"rendered":"<p>CA 35613<\/p>\n<p><b>C\u00f3digo:<br \/>\n<\/b><span style=\"display: inline !important; float: none; background-color: transparent; color: #000000; font-family: 'lato'; font-size: 16px; font-size-adjust: none; font-stretch: 100%; font-style: normal; font-variant: normal; font-weight: 400; letter-spacing: normal; line-height: 20px; orphans: 2; text-align: left; text-decoration: none; text-indent: 0px; text-transform: none; -webkit-text-stroke-width: 0px; white-space: normal; word-spacing: 0px;\">VIC-23.605<\/span><br \/>\n<b>Tamanho(s):<\/b><span style=\"display: inline !important; float: none; background-color: transparent; color: #000000; font-family: 'lato'; font-size: 16px; font-size-adjust: none; font-stretch: 100%; font-style: normal; font-variant: normal; font-weight: 400; letter-spacing: normal; line-height: 20px; orphans: 2; text-align: left; text-decoration: none; text-indent: 0px; text-transform: none; -webkit-text-stroke-width: 0px; white-space: normal; word-spacing: 0px;\"> n\u00e3o aplic\u00e1vel<\/span><br \/>\n<b>Cor:<\/b><span style=\"display: inline !important; float: none; background-color: transparent; color: #000000; font-family: 'lato'; font-size: 16px; font-size-adjust: none; font-stretch: 100%; font-style: normal; font-variant: normal; font-weight: 400; letter-spacing: normal; line-height: 20px; orphans: 2; text-align: left; text-decoration: none; text-indent: 0px; text-transform: none; -webkit-text-stroke-width: 0px; white-space: normal; word-spacing: 0px;\"> amarela<\/span><br \/>\n<b>Normas T\u00e9cnicas:<\/b><span style=\"display: inline !important; float: none; background-color: transparent; color: #000000; font-family: 'lato'; font-size: 16px; font-size-adjust: none; font-stretch: 100%; font-style: normal; font-variant: normal; font-weight: 400; letter-spacing: normal; line-height: 20px; orphans: 2; text-align: left; text-decoration: none; text-indent: 0px; text-transform: none; -webkit-text-stroke-width: 0px; white-space: normal; word-spacing: 0px;\"> ABNT NBR 15834:2010 | ABNT NBR 14629:2010 | EN 354:2002 | EN 355:2002<\/span><\/p>\n<div id=\"corpo-van-prod\">\n<div id=\"txt-van-prod\">\n<p><b>Benef\u00edcios<\/b><\/p>\n<ul>\n<li><img decoding=\"async\" src=\"https:\/\/www.vicsa.com.br\/wp-content\/uploads\/2017\/12\/beneficio-aprovado-vicsa.png\" \/>Resistente a chama e alta temperatura<\/li>\n<li><img decoding=\"async\" src=\"https:\/\/www.vicsa.com.br\/wp-content\/uploads\/2017\/12\/beneficio-aprovado-vicsa.png\" \/>Capacidade de carga at\u00e9 o limite de 128 kg (incluindo vestimentas, cintur\u00e3o, ferramentas e equipamentos transportados junto ao corpo)<\/li>\n<li><img decoding=\"async\" src=\"https:\/\/www.vicsa.com.br\/wp-content\/uploads\/2017\/12\/beneficio-aprovado-vicsa.png\" \/>Chip NFC para inspe\u00e7\u00e3o atrav\u00e9s do celular &#8211; Mob Check<\/li>\n<\/ul>\n<\/div>\n<\/div>\n<div id=\"corpo-desc-prod\"><b>Descri\u00e7\u00e3o<\/b><br \/>\n<a href=\"https:\/\/www.vicsa.com.br\/produtos\/equipamentos-de-altura-epi\/talabartes-de-seguranca\/\">Talabarte<\/a> de seguran\u00e7a duplo em Y com absorvedor de energia, confeccionado em fita de aramida de 45 mm, possui 1 conector classe T em a\u00e7o com abertura de 20 mm e dois conectores classe A em a\u00e7o com abertura de 55 mm para trabalhos com solda ou alta temperatura. Comprimento de 1,40 m.<\/div>\n<div id=\"corpo-desc-prod\">\n<div id=\"txt-van-prod\">\n<p><b>Aplica\u00e7\u00f5es<\/b><\/p>\n<ul>\n<li><img decoding=\"async\" src=\"https:\/\/www.vicsa.com.br\/wp-content\/uploads\/2017\/12\/beneficio-aprovado-vicsa.png\" \/>Reten\u00e7\u00e3o de quedas com absor\u00e7\u00e3o de impacto<\/li>\n<li><img decoding=\"async\" src=\"https:\/\/www.vicsa.com.br\/wp-content\/uploads\/2017\/12\/beneficio-aprovado-vicsa.png\" \/>Movimenta\u00e7\u00e3o e deslocamento do trabalhador em altura<\/li>\n<li><img decoding=\"async\" src=\"https:\/\/www.vicsa.com.br\/wp-content\/uploads\/2017\/12\/beneficio-aprovado-vicsa.png\" \/>Trabalhos com solda ou alta temperatura<\/li>\n<\/ul>\n<\/div>\n<\/div>\n<p><a href=\"https:\/\/segtotaltreinamentos.com.br\/Loja\/wp-content\/uploads\/2017\/08\/FT-TALABARTE-DUPLO-EM-Y-COM-ABSORVEDOR-CONECTOR-55-VICSA-VIC23605.pdf\">FT-TALABARTE-DUPLO-EM-Y-COM-ABSORVEDOR-CONECTOR-55-VICSA-VIC23605<\/a><\/p>\n<p><a href=\"https:\/\/segtotaltreinamentos.com.br\/Loja\/wp-content\/uploads\/2017\/08\/talabarte_vic23605.pdf\">talabarte_vic23605<\/a><\/p>\n<p><a href=\"https:\/\/segtotaltreinamentos.com.br\/Loja\/wp-content\/uploads\/2017\/08\/manual_de_instru\u00e7\u00f5es_talabartes_de_seguran\u00e7a.pdf\">manual_de_instru\u00e7\u00f5es_talabartes_de_seguran\u00e7a<\/a><\/p>\n","protected":false},"excerpt":{"rendered":"<p>Principais Caracter\u00edsticas<\/p>\n<p>Comprimento de 1,30 m<\/p>\n<p>Absorvedor de Energia<\/p>\n<p>Conectores:<\/p>\n<p>01 classe T &#8211; abertura 20 mm a\u00e7o<\/p>\n<p>02 classe A &#8211; abertura 55 mm a\u00e7o<\/p>\n<p>Chip NFC para inspe\u00e7\u00e3o atrav\u00e9s do celular &#8211; Check EPI<\/p>\n<p>Principais Aplica\u00e7\u00f5es<\/p>\n<p>Movimenta\u00e7\u00e3o em atividades de trabalho em altura e contra quedas<\/p>\n<p>Talabarte de seguran\u00e7a em Y com absorvedor de energia \u00e9 confeccionado com cadar\u00e7o de poli\u00e9ster tubular de 25 mm com el\u00e1stico, trava dupla e autom\u00e1tica.<\/p>\n<p>Conectores em a\u00e7o forjado.<\/p>\n","protected":false},"featured_media":4033,"comment_status":"open","ping_status":"closed","template":"","meta":[],"product_brand":[],"product_cat":[143,32,80],"product_tag":[],"class_list":{"0":"post-4032","1":"product","2":"type-product","3":"status-publish","4":"has-post-thumbnail","6":"product_cat-talabartes","7":"product_cat-trabalho-em-altura","8":"product_cat-vicza","10":"first","11":"onbackorder","12":"taxable","13":"shipping-taxable","14":"purchasable","15":"product-type-simple"},"_links":{"self":[{"href":"https:\/\/segtotaltreinamentos.com.br\/Loja\/wp-json\/wp\/v2\/product\/4032","targetHints":{"allow":["GET"]}}],"collection":[{"href":"https:\/\/segtotaltreinamentos.com.br\/Loja\/wp-json\/wp\/v2\/product"}],"about":[{"href":"https:\/\/segtotaltreinamentos.com.br\/Loja\/wp-json\/wp\/v2\/types\/product"}],"replies":[{"embeddable":true,"href":"https:\/\/segtotaltreinamentos.com.br\/Loja\/wp-json\/wp\/v2\/comments?post=4032"}],"wp:featuredmedia":[{"embeddable":true,"href":"https:\/\/segtotaltreinamentos.com.br\/Loja\/wp-json\/wp\/v2\/media\/4033"}],"wp:attachment":[{"href":"https:\/\/segtotaltreinamentos.com.br\/Loja\/wp-json\/wp\/v2\/media?parent=4032"}],"wp:term":[{"taxonomy":"product_brand","embeddable":true,"href":"https:\/\/segtotaltreinamentos.com.br\/Loja\/wp-json\/wp\/v2\/product_brand?post=4032"},{"taxonomy":"product_cat","embeddable":true,"href":"https:\/\/segtotaltreinamentos.com.br\/Loja\/wp-json\/wp\/v2\/product_cat?post=4032"},{"taxonomy":"product_tag","embeddable":true,"href":"https:\/\/segtotaltreinamentos.com.br\/Loja\/wp-json\/wp\/v2\/product_tag?post=4032"}],"curies":[{"name":"wp","href":"https:\/\/api.w.org\/{rel}","templated":true}]}}