{"id":4062,"date":"2017-08-15T18:29:39","date_gmt":"2017-08-15T18:29:39","guid":{"rendered":"http:\/\/segtotaltreinamentos.com.br\/Loja\/?post_type=product&#038;p=4062"},"modified":"2017-08-15T19:20:21","modified_gmt":"2017-08-15T19:20:21","slug":"luva-cut-flex","status":"publish","type":"product","link":"https:\/\/segtotaltreinamentos.com.br\/Loja\/produto\/luva-cut-flex\/","title":{"rendered":"Luva Cut Flex"},"content":{"rendered":"<p><a href=\"https:\/\/segtotaltreinamentos.com.br\/Loja\/wp-content\/uploads\/2017\/08\/23-01022016152544.pdf\">23-01022016152544<\/a><\/p>\n<p><a href=\"https:\/\/segtotaltreinamentos.com.br\/Loja\/wp-content\/uploads\/2017\/08\/1-01022016152544.pdf\">1-01022016152544<\/a><\/p>\n","protected":false},"excerpt":{"rendered":"<p>uva de seguran\u00e7a tricotada com fios sint\u00e9ticos de alta performance, punho com elastano.<\/p>\n<hr \/>\n<h4>Especifica\u00e7\u00f5es<\/h4>\n<p><strong>CA:<\/strong>\u00a035.811<br \/>\n<strong>Tamanhos:\u00a0<\/strong>7(P) \u00a08(M) \u00a09(G) \u00a010(EG)<br \/>\n<strong>Uso:\u00a0<\/strong>Reutiliz\u00e1vel<br \/>\n<strong>Formato:\u00a0<\/strong>Ambidestro<br \/>\n<strong>Estrutura:\u00a0<\/strong>Suporte T\u00eaxtil<br \/>\n<strong>Modelo da Estrutura:<\/strong>\u00a0Tricotado<br \/>\n<strong>Material Suporte:\u00a0<\/strong>Fios sint\u00e9ticos de alta performance<br \/>\n<strong>Punho:\u00a0<\/strong>Tricotado<br \/>\n<strong>Embalagem:\u00a0<\/strong>Pacote com 12 pares. Caixa com 144 pares.<br \/>\n<strong>Grip: <\/strong>Liso<\/p>\n<hr \/>\n<h4>Vantagens e benef\u00edcios<\/h4>\n<p><strong>ALTA SENSIBILIDADE<\/strong> &#8211; Para manipula\u00e7\u00e3o de pe\u00e7as pequenas<\/p>\n<p><strong>ALTA RESIST\u00caNCIA<\/strong>\u00a0&#8211; Proporcionam alta resist\u00eancia mec\u00e2nica, especialmente a corte, para manipula\u00e7\u00e3o de chapas ou pe\u00e7as pequenas cortantes<\/p>\n<p><strong>ECONOMIA<\/strong> &#8211; Ambidestras, proporciona redu\u00e7\u00e3o de custos na utiliza\u00e7\u00e3o, higieniza\u00e7\u00e3o e troca<\/p>\n<p><strong>CONFORTO<\/strong>\u00a0&#8211; Excelente conforto e flexibilidade, diminui a fadiga da m\u00e3o do usu\u00e1rio<\/p>\n<div class=\"row conteudo\">\n<div class=\"col-sm-8\">\n<div class=\"row\">\n<div class=\"col-sm-7 ckEditor\">\n<h4>Aplica\u00e7\u00f5es<\/h4>\n<p>Indicada para trabalhos de precis\u00e3o, leves e m\u00e9dios, com\u00a0necessidade de moderada a\u00a0alta sensibilidade t\u00e1til, elasticidade e\u00a0flexibilidade de movimentos, realizadas em ambientes secos,\u00a0sob temperatura ambiente, para prote\u00e7\u00e3o contra pequenas e m\u00e9dias\u00a0agress\u00f5es, com riscos mec\u00e2nicos (abras\u00e3o, corte, rasgamento e\u00a0perfura\u00e7\u00e3o), em opera\u00e7\u00f5es onde haja necessidade de manusear materiais\u00a0e produtos que exijam sensibilidade t\u00e1til e com necessidade de boa flexibilidade.<\/p>\n<hr \/>\n<h4>Potenciais clientes<\/h4>\n<p>Ind\u00fastria metalmec\u00e2nica, automobil\u00edstica, petroqu\u00edmica, naval, aeron\u00e1utica, linha branca, implementos agr\u00edcolas, MRO (Manuten\u00e7\u00e3o, reparo e opera\u00e7\u00e3o)\u00a0e demais trabalhos de condu\u00e7\u00e3o e movimenta\u00e7\u00e3o de pe\u00e7as cortantes nas demais ind\u00fastrias em geral.<\/p>\n<\/div>\n<div class=\"col-sm-4 col-sm-offset-1\">\n<h4>Or\u00e7amento<\/h4>\n<p><a class=\"btn-black\" title=\"Ir para: Or\u00e7amentos\" href=\"http:\/\/materiais.volkdobrasil.com.br\/orcamento-e-visita-tecnica\" target=\"_blank\" rel=\"noopener\">Or\u00e7amentos<\/a><\/p>\n<hr \/>\n<h4>Manuais<\/h4>\n<p><a class=\"btn-black\" title=\"Ir para: Download da ficha t\u00e9cnica\" href=\"http:\/\/volkdobrasil.com.br\/upload\/arquivo\/23-01022016152544.pdf\" target=\"_blank\" rel=\"noopener\"><img decoding=\"async\" src=\"http:\/\/volkdobrasil.com.br\/site\/img\/layout\/btn-ficha.png\" alt=\"Imagem: Download da ficha t\u00e9cnica\" \/>Ficha t\u00e9cnica<\/a><a class=\"btn-black\" title=\"Ir para: Download da ficha comercial\" href=\"http:\/\/volkdobrasil.com.br\/upload\/arquivo\/1-01022016152544.pdf\" target=\"_blank\" rel=\"noopener\"><img decoding=\"async\" src=\"http:\/\/volkdobrasil.com.br\/site\/img\/layout\/btn-ficha.png\" alt=\"Imagem: Download da ficha comercial\" \/>Ficha comercial<\/a><a class=\"btn-black\" title=\"Ir para: Consulta CA\" href=\"https:\/\/consultaca.com\/ca35811\" target=\"_blank\" rel=\"noopener\"><img decoding=\"async\" src=\"http:\/\/volkdobrasil.com.br\/site\/img\/layout\/btn-consulta-ca.png\" alt=\"Imagem: Consulta CA\" \/>Consulta CA<\/a><a class=\"btn-black\" title=\"Ir para: Uso e conserva\u00e7\u00e3o\" href=\"http:\/\/volkdobrasil.com.br\/uso-e-conservacao\"><img decoding=\"async\" src=\"http:\/\/volkdobrasil.com.br\/site\/img\/layout\/btn-uso.png\" alt=\"Imagem: Uso e conserva\u00e7\u00e3o\" \/>Uso e conserva\u00e7\u00e3o<\/a><a class=\"btn-black\" title=\"Ir para: Identifique o tamanho\" href=\"http:\/\/volkdobrasil.com.br\/identifique-o-tamanho\"><img decoding=\"async\" src=\"http:\/\/volkdobrasil.com.br\/site\/img\/layout\/btn-tamanho.png\" alt=\"Imagem: Identifique o tamanho\" \/>Identifique o tamanho<\/a><\/p>\n<hr \/>\n<h4>Normas<\/h4>\n<p><span class=\"norma\"><img decoding=\"async\" title=\"\" src=\"http:\/\/volkdobrasil.com.br\/common\/function\/thumb.php?largura=40&amp;altura=40&amp;url=..\/..\/upload\/norma\/45-14122015200942.png\" alt=\"Imagem: EN388\" data-toggle=\"tooltip\" data-placement=\"bottom\" data-original-title=\"Desempenho: 4443\" \/><\/span><\/p>\n<\/div>\n<\/div>\n<\/div>\n<\/div>\n","protected":false},"featured_media":4065,"comment_status":"open","ping_status":"closed","template":"","meta":[],"product_brand":[],"product_cat":[6,7,86],"product_tag":[],"class_list":{"0":"post-4062","1":"product","2":"type-product","3":"status-publish","4":"has-post-thumbnail","6":"product_cat-luvas","7":"product_cat-luvas-anticorte","8":"product_cat-volk","10":"first","11":"outofstock","12":"taxable","13":"shipping-taxable","14":"purchasable","15":"product-type-simple"},"_links":{"self":[{"href":"https:\/\/segtotaltreinamentos.com.br\/Loja\/wp-json\/wp\/v2\/product\/4062","targetHints":{"allow":["GET"]}}],"collection":[{"href":"https:\/\/segtotaltreinamentos.com.br\/Loja\/wp-json\/wp\/v2\/product"}],"about":[{"href":"https:\/\/segtotaltreinamentos.com.br\/Loja\/wp-json\/wp\/v2\/types\/product"}],"replies":[{"embeddable":true,"href":"https:\/\/segtotaltreinamentos.com.br\/Loja\/wp-json\/wp\/v2\/comments?post=4062"}],"wp:featuredmedia":[{"embeddable":true,"href":"https:\/\/segtotaltreinamentos.com.br\/Loja\/wp-json\/wp\/v2\/media\/4065"}],"wp:attachment":[{"href":"https:\/\/segtotaltreinamentos.com.br\/Loja\/wp-json\/wp\/v2\/media?parent=4062"}],"wp:term":[{"taxonomy":"product_brand","embeddable":true,"href":"https:\/\/segtotaltreinamentos.com.br\/Loja\/wp-json\/wp\/v2\/product_brand?post=4062"},{"taxonomy":"product_cat","embeddable":true,"href":"https:\/\/segtotaltreinamentos.com.br\/Loja\/wp-json\/wp\/v2\/product_cat?post=4062"},{"taxonomy":"product_tag","embeddable":true,"href":"https:\/\/segtotaltreinamentos.com.br\/Loja\/wp-json\/wp\/v2\/product_tag?post=4062"}],"curies":[{"name":"wp","href":"https:\/\/api.w.org\/{rel}","templated":true}]}}