{"id":4066,"date":"2017-08-15T18:34:47","date_gmt":"2017-08-15T18:34:47","guid":{"rendered":"http:\/\/segtotaltreinamentos.com.br\/Loja\/?post_type=product&#038;p=4066"},"modified":"2017-08-15T19:21:39","modified_gmt":"2017-08-15T19:21:39","slug":"luva-cut-grip","status":"publish","type":"product","link":"https:\/\/segtotaltreinamentos.com.br\/Loja\/produto\/luva-cut-grip\/","title":{"rendered":"Luva Cut Grip"},"content":{"rendered":"<p><a href=\"https:\/\/segtotaltreinamentos.com.br\/Loja\/wp-content\/uploads\/2017\/08\/46-22022017105016.pdf\">46-22022017105016<\/a><\/p>\n<p><a href=\"https:\/\/segtotaltreinamentos.com.br\/Loja\/wp-content\/uploads\/2017\/08\/28-22022017111015.pdf\">28-22022017111015<\/a><\/p>\n","protected":false},"excerpt":{"rendered":"<h3>Descri\u00e7\u00e3o<\/h3>\n<p>Luva de seguran\u00e7a confeccionada em fibras sint\u00e9ticas de alta performance (HPPE), revestimento da face palmar e ponta dos dedos em l\u00e1tex foam com grip antiderrapante, punho com inser\u00e7\u00f5es de fibras\u00a0el\u00e1sticas e acabamento em fibras sint\u00e9ticas.<\/p>\n<hr \/>\n<h4>Especifica\u00e7\u00f5es<\/h4>\n<p>CA:\u00a0<a href=\"https:\/\/consultaca.com\/38732\" target=\"_blank\" rel=\"noopener\">38.732<\/a><br \/>\nTamanhos:\u00a07(P)* \u00a08(M) \u00a09(G) \u00a010(EG)<br \/>\nUso:\u00a0Reutiliz\u00e1vel<br \/>\nFormato:\u00a0Anat\u00f4mico<br \/>\nEstrutura:\u00a0Suporte T\u00eaxtil<br \/>\nModelo da Estrutura:\u00a0Tricotado<br \/>\nMaterial Suporte:\u00a0Fios sint\u00e9ticos de alta performance<br \/>\nPunho:\u00a0Tricotado<br \/>\nEmbalagem:\u00a0Pacote com 12 pares. Caixa com 144 pares.<br \/>\nGrip:\u00a0Colmeia Especial com l\u00e1tex foam<\/p>\n<hr \/>\n<h4>Vantagens e benef\u00edcios<\/h4>\n<p>RESIST\u00caNCIA \u00c0 CORTES E SUPER ANTIDERRAPANTE NA PALMA\u00a0&#8211;\u00a0Maior ader\u00eancia na manipula\u00e7\u00e3o de objetos secos ou molhados<\/p>\n<p>EXCELENTE PROTE\u00c7\u00c3O, MACIEZ\u00a0E CONFORTO:\u00a0A fibra de resist\u00eancia mec\u00e2nica \u00e9 muito macia e se adapta bem a m\u00e3o do usu\u00e1rio<\/p>\n<p>M\u00c3OS AREJADAS\u00a0&#8211; Dorso ventilado permite \u00f3tima ventila\u00e7\u00e3o deixando a m\u00e3o arejada<\/p>\n<p>FORMATO ANAT\u00d4MICO\u00a0&#8211; Redu\u00e7\u00e3o da fadiga muscular<\/p>\n<p>TAMANHOS DIFERENCIADOS POR CORES\u00a0&#8211; Diferencia\u00e7\u00e3o nas cores do punho, facilitando a identifica\u00e7\u00e3o dos tamanhos<\/p>\n<p>REDU\u00c7\u00c3O DE CUSTO\u00a0&#8211;\u00a0Luvas lav\u00e1veis e reutiliz\u00e1veis. Aumenta consideravelmente o ciclo de vida da luva e reduz os custos da empresa<\/p>\n<div class=\"row conteudo\">\n<div class=\"col-sm-8\">\n<div class=\"row\">\n<div class=\"col-sm-7 ckEditor\">\n<h4>Aplica\u00e7\u00f5es<\/h4>\n<p>Indicada para trabalhos\u00a0com risco de corte em atividades de movimenta\u00e7\u00e3o de pe\u00e7as ou materiais cortantes secos ou molhados, com de extrema ader\u00eancia e de\u00a0moderada a alta sensibilidade t\u00e1til, mantendo a elasticidade e flexibilidade de movimentos, realizadas em ambientes secos e \u00famidos, sob temperatura ambiente. Em opera\u00e7\u00f5es como manuseio de vidros, pe\u00e7as ou chapas cortantes de madeira, metais, cer\u00e2mica, montagem e manuten\u00e7\u00e3o de eletrodom\u00e9sticos e outros. Trabalho com risco de corte de estilete, montagem de estruturas met\u00e1licas, mec\u00e2nica de alta precis\u00e3o, inje\u00e7\u00e3o pl\u00e1stica e v\u00e1rias outras atividades.<\/p>\n<hr \/>\n<h4>Potenciais clientes<\/h4>\n<p>Ind\u00fastrias do vidro e bebidas, linha branca, eletrodom\u00e9stico, metalmec\u00e2nica, metal\u00fargicas, pl\u00e1stica, automotiva, naval, aeron\u00e1utica,\u00a0madeireiras, ind\u00fastria moveleira, cal\u00e7adista, implementos agr\u00edcolas, constru\u00e7\u00e3o civil, instaladores industriais, presta\u00e7\u00e3o de servi\u00e7os, MRO (manuten\u00e7\u00e3o, reparo e opera\u00e7\u00f5es)\u00a0entre outros.<\/p>\n<\/div>\n<div class=\"col-sm-4 col-sm-offset-1\">\n<h4>Or\u00e7amento<\/h4>\n<p><a class=\"btn-black\" title=\"Ir para: Or\u00e7amentos\" href=\"http:\/\/materiais.volkdobrasil.com.br\/orcamento-e-visita-tecnica\" target=\"_blank\" rel=\"noopener\">Or\u00e7amentos<\/a><\/p>\n<hr \/>\n<h4>Manuais<\/h4>\n<p><a class=\"btn-black\" title=\"Ir para: Download da ficha t\u00e9cnica\" href=\"http:\/\/volkdobrasil.com.br\/upload\/arquivo\/46-22022017105016.pdf\" target=\"_blank\" rel=\"noopener\"><img decoding=\"async\" src=\"http:\/\/volkdobrasil.com.br\/site\/img\/layout\/btn-ficha.png\" alt=\"Imagem: Download da ficha t\u00e9cnica\" \/>Ficha t\u00e9cnica<\/a><a class=\"btn-black\" title=\"Ir para: Download da ficha comercial\" href=\"http:\/\/volkdobrasil.com.br\/upload\/arquivo\/28-22022017111015.pdf\" target=\"_blank\" rel=\"noopener\"><img decoding=\"async\" src=\"http:\/\/volkdobrasil.com.br\/site\/img\/layout\/btn-ficha.png\" alt=\"Imagem: Download da ficha comercial\" \/>Ficha comercial<\/a><a class=\"btn-black\" title=\"Ir para: Consulta CA\" href=\"https:\/\/consultaca.com\/ca38732\" target=\"_blank\" rel=\"noopener\"><img decoding=\"async\" src=\"http:\/\/volkdobrasil.com.br\/site\/img\/layout\/btn-consulta-ca.png\" alt=\"Imagem: Consulta CA\" \/>Consulta CA<\/a><a class=\"btn-black\" title=\"Ir para: Uso e conserva\u00e7\u00e3o\" href=\"http:\/\/volkdobrasil.com.br\/uso-e-conservacao\"><img decoding=\"async\" src=\"http:\/\/volkdobrasil.com.br\/site\/img\/layout\/btn-uso.png\" alt=\"Imagem: Uso e conserva\u00e7\u00e3o\" \/>Uso e conserva\u00e7\u00e3o<\/a><a class=\"btn-black\" title=\"Ir para: Identifique o tamanho\" href=\"http:\/\/volkdobrasil.com.br\/identifique-o-tamanho\"><img decoding=\"async\" src=\"http:\/\/volkdobrasil.com.br\/site\/img\/layout\/btn-tamanho.png\" alt=\"Imagem: Identifique o tamanho\" \/>Identifique o tamanho<\/a><\/p>\n<hr \/>\n<h4>Normas<\/h4>\n<p><span class=\"norma\"><img decoding=\"async\" title=\"\" src=\"http:\/\/volkdobrasil.com.br\/common\/function\/thumb.php?largura=40&amp;altura=40&amp;url=..\/..\/upload\/norma\/45-14122015200942.png\" alt=\"Imagem: EN388\" data-toggle=\"tooltip\" data-placement=\"bottom\" data-original-title=\"Desempenho: 3443\" \/><\/span><\/p>\n<\/div>\n<\/div>\n<\/div>\n<\/div>\n","protected":false},"featured_media":4067,"comment_status":"open","ping_status":"closed","template":"","meta":[],"product_brand":[],"product_cat":[6,7,86],"product_tag":[],"class_list":{"0":"post-4066","1":"product","2":"type-product","3":"status-publish","4":"has-post-thumbnail","6":"product_cat-luvas","7":"product_cat-luvas-anticorte","8":"product_cat-volk","10":"first","11":"outofstock","12":"taxable","13":"shipping-taxable","14":"purchasable","15":"product-type-simple"},"_links":{"self":[{"href":"https:\/\/segtotaltreinamentos.com.br\/Loja\/wp-json\/wp\/v2\/product\/4066","targetHints":{"allow":["GET"]}}],"collection":[{"href":"https:\/\/segtotaltreinamentos.com.br\/Loja\/wp-json\/wp\/v2\/product"}],"about":[{"href":"https:\/\/segtotaltreinamentos.com.br\/Loja\/wp-json\/wp\/v2\/types\/product"}],"replies":[{"embeddable":true,"href":"https:\/\/segtotaltreinamentos.com.br\/Loja\/wp-json\/wp\/v2\/comments?post=4066"}],"wp:featuredmedia":[{"embeddable":true,"href":"https:\/\/segtotaltreinamentos.com.br\/Loja\/wp-json\/wp\/v2\/media\/4067"}],"wp:attachment":[{"href":"https:\/\/segtotaltreinamentos.com.br\/Loja\/wp-json\/wp\/v2\/media?parent=4066"}],"wp:term":[{"taxonomy":"product_brand","embeddable":true,"href":"https:\/\/segtotaltreinamentos.com.br\/Loja\/wp-json\/wp\/v2\/product_brand?post=4066"},{"taxonomy":"product_cat","embeddable":true,"href":"https:\/\/segtotaltreinamentos.com.br\/Loja\/wp-json\/wp\/v2\/product_cat?post=4066"},{"taxonomy":"product_tag","embeddable":true,"href":"https:\/\/segtotaltreinamentos.com.br\/Loja\/wp-json\/wp\/v2\/product_tag?post=4066"}],"curies":[{"name":"wp","href":"https:\/\/api.w.org\/{rel}","templated":true}]}}