{"id":4070,"date":"2017-08-15T18:43:37","date_gmt":"2017-08-15T18:43:37","guid":{"rendered":"http:\/\/segtotaltreinamentos.com.br\/Loja\/?post_type=product&#038;p=4070"},"modified":"2017-08-15T19:23:04","modified_gmt":"2017-08-15T19:23:04","slug":"luva-cut-oil-plus","status":"publish","type":"product","link":"https:\/\/segtotaltreinamentos.com.br\/Loja\/produto\/luva-cut-oil-plus\/","title":{"rendered":"Luva Cut Oil Plus"},"content":{"rendered":"<p><a href=\"https:\/\/segtotaltreinamentos.com.br\/Loja\/wp-content\/uploads\/2017\/08\/38-16122016114234.pdf\">38-16122016114234<\/a><\/p>\n<p><a href=\"https:\/\/segtotaltreinamentos.com.br\/Loja\/wp-content\/uploads\/2017\/08\/23-16122016114234.pdf\">23-16122016114234<\/a><\/p>\n","protected":false},"excerpt":{"rendered":"<h3>Descri\u00e7\u00e3o<\/h3>\n<p>Luva de seguran\u00e7a tricotada em fios de vidro e fios sint\u00e9ticos, revestimento duplo em borracha nitr\u00edlica na palma, face palmar e pontas dos dedos, acabamento tipo areia, punho com elastano.<\/p>\n<hr \/>\n<h4>Especifica\u00e7\u00f5es<\/h4>\n<p><strong>CA: <\/strong><a href=\"https:\/\/consultaca.com\/ca36607\">36.607<\/a><br \/>\n<strong>Tamanhos: <\/strong>7(P) \u00a08(M) \u00a09(G) \u00a010(EG)<br \/>\n<strong>Uso: <\/strong>Reutiliz\u00e1vel<br \/>\n<strong>Formato: <\/strong>Anat\u00f4mico<br \/>\n<strong>Estrutura: <\/strong>Suporte T\u00eaxtil<br \/>\n<strong>Modelo da Estrutura: <\/strong>Tricotado<br \/>\n<strong>Material Suporte: <\/strong>Fios sint\u00e9ticos de alta performance<br \/>\n<strong>Punho: <\/strong>Tricotado<br \/>\n<strong>Embalagem: <\/strong>Pacote com 12 pares. Caixa com 72 pares.<br \/>\n<strong>Grip: <\/strong>Arenoso<\/p>\n<hr \/>\n<h4>Vantagens e benef\u00edcios<\/h4>\n<p><strong>EXCELENTE PROTE\u00c7\u00c3O<\/strong>\u00a0&#8211; Fios especiais de polietileno de alta performance: excelente resist\u00eancia mec\u00e2nica, especialmente a abras\u00e3o e corte<\/p>\n<p><strong>MACIEZ E CONFORTO<\/strong>\u00a0&#8211; Fibra macia e resistente a corte que se\u00a0adapta muito bem \u00e0 m\u00e3o do usu\u00e1rio<\/p>\n<p><strong>PROTE\u00c7\u00c3O PARCIAL DO DORSO<\/strong>\u00a0&#8211; Parcialmente revestida com borracha nitr\u00edlica, protege os dedos a \u00f3leos, graxas e outros, mantendo ventila\u00e7\u00e3o para a\u00a0m\u00e3o<\/p>\n<p><strong>RESIST\u00caNCIA E PRECIS\u00c3O DE MOVIMENTOS COM OBJETOS SECOS OU OLEOSOS<\/strong>\u00a0&#8211; Revestimento em poliuretano nitr\u00edlico foam\/sandy na palma e ponta dos dedos &#8211; aumenta a resist\u00eancia a abras\u00e3o, oferece ader\u00eancia segura e precis\u00e3o dos movimentos com pe\u00e7as com presen\u00e7a de \u00f3leo<\/p>\n<p><strong>FORMATO ANAT\u00d4MICO<\/strong>\u00a0&#8211; Redu\u00e7\u00e3o da fadiga muscular<\/p>\n<p><strong>TAMANHOS DIFERENCIADOS POR CORES<\/strong>\u00a0&#8211; Diferencia\u00e7\u00e3o nas cores do punho, facilitando a idetifica\u00e7\u00e3o dos tamanhos<\/p>\n<p><strong>REDU\u00c7\u00c3O DE CUSTOS<\/strong>\u00a0&#8211; Luvas lav\u00e1veis e reutiliz\u00e1veis. Aumenta consideravelmente o ciclo de vida da luva e reduz o custo da empresa<\/p>\n<div class=\"row conteudo\">\n<div class=\"col-sm-8\">\n<div class=\"row\">\n<div class=\"col-sm-7 ckEditor\">\n<h4>Aplica\u00e7\u00f5es<\/h4>\n<p>Indicada para trabalhos realizados em ambientes secos e \u00famidos, sob temperatura ambiente, com risco de corte e necessidade de sensibilidade t\u00e1til, moderada e alta. Oferece ainda elasticidade e flexibilidade de movimentos, com ou sem presen\u00e7a de \u00f3leo. Em opera\u00e7\u00f5es como manuseio de pe\u00e7as ou chapas cortantes de madeira, metais, vidro, cer\u00e2mica e outros. Trabalhos com risco de corte de estilete, montagem de estruturas met\u00e1licas, mec\u00e2nica de alta precis\u00e3o, inje\u00e7\u00e3o pl\u00e1stica e v\u00e1rias outras atividades.<\/p>\n<hr \/>\n<h4>Potenciais clientes<\/h4>\n<p>Ind\u00fastrias metalmec\u00e2nica, automotiva, naval, metal\u00fargicas, ind\u00fastrias eletroeletr\u00f4nica, aeron\u00e1utica, eletrodom\u00e9sticos, pl\u00e1sticas, ind\u00fastrias de vidro e bebidas, constru\u00e7\u00e3o civil, madeireiras, ind\u00fastria moveleira, cal\u00e7adista, implementos agr\u00edcolas e outros.<\/p>\n<\/div>\n<div class=\"col-sm-4 col-sm-offset-1\">\n<h4>Or\u00e7amento<\/h4>\n<p><a class=\"btn-black\" title=\"Ir para: Or\u00e7amentos\" href=\"http:\/\/materiais.volkdobrasil.com.br\/orcamento-e-visita-tecnica\" target=\"_blank\" rel=\"noopener\">Or\u00e7amentos<\/a><\/p>\n<hr \/>\n<h4>Manuais<\/h4>\n<p><a class=\"btn-black\" title=\"Ir para: Download da ficha t\u00e9cnica\" href=\"http:\/\/volkdobrasil.com.br\/upload\/arquivo\/38-16122016114234.pdf\" target=\"_blank\" rel=\"noopener\"><img decoding=\"async\" src=\"http:\/\/volkdobrasil.com.br\/site\/img\/layout\/btn-ficha.png\" alt=\"Imagem: Download da ficha t\u00e9cnica\" \/>Ficha t\u00e9cnica<\/a><a class=\"btn-black\" title=\"Ir para: Download da ficha comercial\" href=\"http:\/\/volkdobrasil.com.br\/upload\/arquivo\/23-16122016114234.pdf\" target=\"_blank\" rel=\"noopener\"><img decoding=\"async\" src=\"http:\/\/volkdobrasil.com.br\/site\/img\/layout\/btn-ficha.png\" alt=\"Imagem: Download da ficha comercial\" \/>Ficha comercial<\/a><a class=\"btn-black\" title=\"Ir para: Consulta CA\" href=\"https:\/\/consultaca.com\/ca36607\" target=\"_blank\" rel=\"noopener\"><img decoding=\"async\" src=\"http:\/\/volkdobrasil.com.br\/site\/img\/layout\/btn-consulta-ca.png\" alt=\"Imagem: Consulta CA\" \/>Consulta CA<\/a><a class=\"btn-black\" title=\"Ir para: Uso e conserva\u00e7\u00e3o\" href=\"http:\/\/volkdobrasil.com.br\/uso-e-conservacao\"><img decoding=\"async\" src=\"http:\/\/volkdobrasil.com.br\/site\/img\/layout\/btn-uso.png\" alt=\"Imagem: Uso e conserva\u00e7\u00e3o\" \/>Uso e conserva\u00e7\u00e3o<\/a><a class=\"btn-black\" title=\"Ir para: Identifique o tamanho\" href=\"http:\/\/volkdobrasil.com.br\/identifique-o-tamanho\"><img decoding=\"async\" src=\"http:\/\/volkdobrasil.com.br\/site\/img\/layout\/btn-tamanho.png\" alt=\"Imagem: Identifique o tamanho\" \/>Identifique o tamanho<\/a><\/p>\n<hr \/>\n<h4>Normas<\/h4>\n<p><span class=\"norma\"><img decoding=\"async\" title=\"\" src=\"http:\/\/volkdobrasil.com.br\/common\/function\/thumb.php?largura=40&amp;altura=40&amp;url=..\/..\/upload\/norma\/45-14122015200942.png\" alt=\"Imagem: EN388\" data-toggle=\"tooltip\" data-placement=\"bottom\" data-original-title=\"Desempenho: 4543\" \/><\/span><\/p>\n<\/div>\n<\/div>\n<\/div>\n<\/div>\n","protected":false},"featured_media":4071,"comment_status":"open","ping_status":"closed","template":"","meta":[],"product_brand":[],"product_cat":[6,7,86],"product_tag":[],"class_list":{"0":"post-4070","1":"product","2":"type-product","3":"status-publish","4":"has-post-thumbnail","6":"product_cat-luvas","7":"product_cat-luvas-anticorte","8":"product_cat-volk","10":"first","11":"outofstock","12":"taxable","13":"shipping-taxable","14":"purchasable","15":"product-type-simple"},"_links":{"self":[{"href":"https:\/\/segtotaltreinamentos.com.br\/Loja\/wp-json\/wp\/v2\/product\/4070","targetHints":{"allow":["GET"]}}],"collection":[{"href":"https:\/\/segtotaltreinamentos.com.br\/Loja\/wp-json\/wp\/v2\/product"}],"about":[{"href":"https:\/\/segtotaltreinamentos.com.br\/Loja\/wp-json\/wp\/v2\/types\/product"}],"replies":[{"embeddable":true,"href":"https:\/\/segtotaltreinamentos.com.br\/Loja\/wp-json\/wp\/v2\/comments?post=4070"}],"wp:featuredmedia":[{"embeddable":true,"href":"https:\/\/segtotaltreinamentos.com.br\/Loja\/wp-json\/wp\/v2\/media\/4071"}],"wp:attachment":[{"href":"https:\/\/segtotaltreinamentos.com.br\/Loja\/wp-json\/wp\/v2\/media?parent=4070"}],"wp:term":[{"taxonomy":"product_brand","embeddable":true,"href":"https:\/\/segtotaltreinamentos.com.br\/Loja\/wp-json\/wp\/v2\/product_brand?post=4070"},{"taxonomy":"product_cat","embeddable":true,"href":"https:\/\/segtotaltreinamentos.com.br\/Loja\/wp-json\/wp\/v2\/product_cat?post=4070"},{"taxonomy":"product_tag","embeddable":true,"href":"https:\/\/segtotaltreinamentos.com.br\/Loja\/wp-json\/wp\/v2\/product_tag?post=4070"}],"curies":[{"name":"wp","href":"https:\/\/api.w.org\/{rel}","templated":true}]}}