{"id":4078,"date":"2017-08-15T18:55:59","date_gmt":"2017-08-15T18:55:59","guid":{"rendered":"http:\/\/segtotaltreinamentos.com.br\/Loja\/?post_type=product&#038;p=4078"},"modified":"2017-08-15T19:25:39","modified_gmt":"2017-08-15T19:25:39","slug":"luva-cut-volk-2","status":"publish","type":"product","link":"https:\/\/segtotaltreinamentos.com.br\/Loja\/produto\/luva-cut-volk-2\/","title":{"rendered":"Luva Cut Volk"},"content":{"rendered":"<p><a href=\"https:\/\/segtotaltreinamentos.com.br\/Loja\/wp-content\/uploads\/2017\/08\/16-12122016085858.pdf\">16-12122016085858<\/a><\/p>\n<p><a href=\"https:\/\/segtotaltreinamentos.com.br\/Loja\/wp-content\/uploads\/2017\/08\/50-12122016085858.pdf\">50-12122016085858<\/a><\/p>\n","protected":false},"excerpt":{"rendered":"<h3>Descri\u00e7\u00e3o<\/h3>\n<p>Luva de seguran\u00e7a tricotada com fios sint\u00e9ticos, revestida na palma, face palmar e pontas dos dedos com poliuretano, punho com elastano.<\/p>\n<hr \/>\n<h4>Especifica\u00e7\u00f5es<\/h4>\n<p><strong>CA: <\/strong><a href=\"https:\/\/consultaca.com\/ca37266\">37.266<\/a><br \/>\n<strong>Tamanhos: <\/strong>7(P) \u00a08(M) \u00a09(G) \u00a010(EG)<br \/>\n<strong>Uso: <\/strong>Reutiliz\u00e1vel<br \/>\n<strong>Formato: <\/strong>Anat\u00f4mico<br \/>\n<strong>Estrutura: <\/strong>Suporte T\u00eaxtil<br \/>\n<strong>Modelo da Estrutura: <\/strong>Tricotado<br \/>\n<strong>Material Suporte: <\/strong>Fios sint\u00e9ticos de alta performance<br \/>\n<strong>Punho: <\/strong>Tricotado<br \/>\n<strong>Embalagem: <\/strong>Pacote com 12 pares. Caixa com 144 pares.<br \/>\n<strong>Grip: <\/strong>Liso<\/p>\n<hr \/>\n<h4>Vantagens e benef\u00edcios<\/h4>\n<p><strong>EXCELENTE PROTE\u00c7\u00c3O\u00a0&#8211;\u00a0<\/strong>Fios especiais de polietileno de alta performance: excelente resist\u00eancia mec\u00e2nica, especialmente a abras\u00e3o e corte<\/p>\n<p><strong>MACIEZ E CONFORTO:<\/strong>\u00a0Fibra macia resistente a\u00a0corte que\u00a0adapta muito bem a m\u00e3o do usu\u00e1rio<\/p>\n<p><strong>M\u00c3OS AREJADAS<\/strong>\u00a0&#8211; Dorso ventilado permite \u00f3tima ventila\u00e7\u00e3o deixando a m\u00e3o arejada<\/p>\n<p><strong>RESIST\u00caNCIA E PRECIS\u00c3O DE MOVIMENTOS EM OBJETOS SECOS OU OLEOSOS<\/strong>\u00a0&#8211; Revestimento em poliuretano na palma e ponta dos dedos &#8211; aumenta a resist\u00eancia a abras\u00e3o, oferece ader\u00eancia segura e precis\u00e3o dos movimentos<\/p>\n<p><strong>FORMATO ANAT\u00d4MICO<\/strong>\u00a0&#8211; Redu\u00e7\u00e3o da fadiga muscular<\/p>\n<p><strong>TAMANHOS DIFERENCIADOS POR CORES<\/strong>\u00a0&#8211; Diferencia\u00e7\u00e3o nas cores do punho, facilitando a identifica\u00e7\u00e3o dos tamanhos<\/p>\n<p><strong>REDU\u00c7\u00c3O DE CUSTO\u00a0&#8211;\u00a0<\/strong>Luvas lav\u00e1veis e reutiliz\u00e1veis. Aumenta consideravelmente o ciclo de vida da luva e reduz os custos da empresa<\/p>\n<div class=\"row conteudo\">\n<div class=\"col-sm-8\">\n<div class=\"row\">\n<div class=\"col-sm-7 ckEditor\">\n<h4>Aplica\u00e7\u00f5es<\/h4>\n<p>Indicada para trabalhos realizados em ambientes secos e \u00famidos,\u00a0sob temperatura ambiente,\u00a0com risco de corte e necessidade de sensibilidade t\u00e1til,\u00a0moderada a alta. Oferece ainda elasticidade e flexibilidade de movimentos,\u00a0com pouca ou sem presen\u00e7a de \u00f3leo. Em opera\u00e7\u00f5es como manuseio de pe\u00e7as ou chapas cortantes de madeira, metais,\u00a0vidro, cer\u00e2mica e outros. Trabalhos com risco de corte de estilete, montagem de estruturas met\u00e1licas, mec\u00e2nica de alta precis\u00e3o, inje\u00e7\u00e3o pl\u00e1stica e v\u00e1rias outras atividades.<\/p>\n<hr \/>\n<h4>Potenciais clientes<\/h4>\n<p>Ind\u00fastrias metalmec\u00e2nica, automotiva, naval, metal\u00fargicas, ind\u00fastrias eletroeletr\u00f4nica, aeron\u00e1utica, eletrodom\u00e9sticos, pl\u00e1sticas, ind\u00fastrias de vidro e bebidas, constru\u00e7\u00e3o civil, madeireiras, ind\u00fastria moveleira, cal\u00e7adista, implementos agr\u00edcolas e outros.<\/p>\n<\/div>\n<div class=\"col-sm-4 col-sm-offset-1\">\n<h4>Or\u00e7amento<\/h4>\n<p><a class=\"btn-black\" title=\"Ir para: Or\u00e7amentos\" href=\"http:\/\/materiais.volkdobrasil.com.br\/orcamento-e-visita-tecnica\" target=\"_blank\" rel=\"noopener\">Or\u00e7amentos<\/a><\/p>\n<hr \/>\n<h4>Manuais<\/h4>\n<p><a class=\"btn-black\" title=\"Ir para: Download da ficha t\u00e9cnica\" href=\"http:\/\/volkdobrasil.com.br\/upload\/arquivo\/16-12122016085858.pdf\" target=\"_blank\" rel=\"noopener\"><img decoding=\"async\" src=\"http:\/\/volkdobrasil.com.br\/site\/img\/layout\/btn-ficha.png\" alt=\"Imagem: Download da ficha t\u00e9cnica\" \/>Ficha t\u00e9cnica<\/a><a class=\"btn-black\" title=\"Ir para: Download da ficha comercial\" href=\"http:\/\/volkdobrasil.com.br\/upload\/arquivo\/50-12122016085858.pdf\" target=\"_blank\" rel=\"noopener\"><img decoding=\"async\" src=\"http:\/\/volkdobrasil.com.br\/site\/img\/layout\/btn-ficha.png\" alt=\"Imagem: Download da ficha comercial\" \/>Ficha comercial<\/a><a class=\"btn-black\" title=\"Ir para: Consulta CA\" href=\"https:\/\/consultaca.com\/ca372\" target=\"_blank\" rel=\"noopener\"><img decoding=\"async\" src=\"http:\/\/volkdobrasil.com.br\/site\/img\/layout\/btn-consulta-ca.png\" alt=\"Imagem: Consulta CA\" \/>Consulta CA<\/a><a class=\"btn-black\" title=\"Ir para: Uso e conserva\u00e7\u00e3o\" href=\"http:\/\/volkdobrasil.com.br\/uso-e-conservacao\"><img decoding=\"async\" src=\"http:\/\/volkdobrasil.com.br\/site\/img\/layout\/btn-uso.png\" alt=\"Imagem: Uso e conserva\u00e7\u00e3o\" \/>Uso e conserva\u00e7\u00e3o<\/a><a class=\"btn-black\" title=\"Ir para: Identifique o tamanho\" href=\"http:\/\/volkdobrasil.com.br\/identifique-o-tamanho\"><img decoding=\"async\" src=\"http:\/\/volkdobrasil.com.br\/site\/img\/layout\/btn-tamanho.png\" alt=\"Imagem: Identifique o tamanho\" \/>Identifique o tamanho<\/a><\/p>\n<hr \/>\n<h4>Normas<\/h4>\n<p><span class=\"norma\"><img decoding=\"async\" title=\"\" src=\"http:\/\/volkdobrasil.com.br\/common\/function\/thumb.php?largura=40&amp;altura=40&amp;url=..\/..\/upload\/norma\/45-14122015200942.png\" alt=\"Imagem: EN388\" data-toggle=\"tooltip\" data-placement=\"bottom\" data-original-title=\"Desempenho: 4543\" \/><\/span><\/p>\n<\/div>\n<\/div>\n<\/div>\n<\/div>\n","protected":false},"featured_media":4079,"comment_status":"open","ping_status":"closed","template":"","meta":[],"product_brand":[],"product_cat":[6,7,86],"product_tag":[],"class_list":{"0":"post-4078","1":"product","2":"type-product","3":"status-publish","4":"has-post-thumbnail","6":"product_cat-luvas","7":"product_cat-luvas-anticorte","8":"product_cat-volk","10":"first","11":"outofstock","12":"taxable","13":"shipping-taxable","14":"purchasable","15":"product-type-simple"},"_links":{"self":[{"href":"https:\/\/segtotaltreinamentos.com.br\/Loja\/wp-json\/wp\/v2\/product\/4078","targetHints":{"allow":["GET"]}}],"collection":[{"href":"https:\/\/segtotaltreinamentos.com.br\/Loja\/wp-json\/wp\/v2\/product"}],"about":[{"href":"https:\/\/segtotaltreinamentos.com.br\/Loja\/wp-json\/wp\/v2\/types\/product"}],"replies":[{"embeddable":true,"href":"https:\/\/segtotaltreinamentos.com.br\/Loja\/wp-json\/wp\/v2\/comments?post=4078"}],"wp:featuredmedia":[{"embeddable":true,"href":"https:\/\/segtotaltreinamentos.com.br\/Loja\/wp-json\/wp\/v2\/media\/4079"}],"wp:attachment":[{"href":"https:\/\/segtotaltreinamentos.com.br\/Loja\/wp-json\/wp\/v2\/media?parent=4078"}],"wp:term":[{"taxonomy":"product_brand","embeddable":true,"href":"https:\/\/segtotaltreinamentos.com.br\/Loja\/wp-json\/wp\/v2\/product_brand?post=4078"},{"taxonomy":"product_cat","embeddable":true,"href":"https:\/\/segtotaltreinamentos.com.br\/Loja\/wp-json\/wp\/v2\/product_cat?post=4078"},{"taxonomy":"product_tag","embeddable":true,"href":"https:\/\/segtotaltreinamentos.com.br\/Loja\/wp-json\/wp\/v2\/product_tag?post=4078"}],"curies":[{"name":"wp","href":"https:\/\/api.w.org\/{rel}","templated":true}]}}