{"id":4082,"date":"2017-08-15T19:02:37","date_gmt":"2017-08-15T19:02:37","guid":{"rendered":"http:\/\/segtotaltreinamentos.com.br\/Loja\/?post_type=product&#038;p=4082"},"modified":"2017-08-15T19:26:52","modified_gmt":"2017-08-15T19:26:52","slug":"luva-cut-volk-comfort","status":"publish","type":"product","link":"https:\/\/segtotaltreinamentos.com.br\/Loja\/produto\/luva-cut-volk-comfort\/","title":{"rendered":"Luva Cut Volk Comfort"},"content":{"rendered":"<p><a href=\"https:\/\/segtotaltreinamentos.com.br\/Loja\/wp-content\/uploads\/2017\/08\/21-25052016152410.pdf\">21-25052016152410<\/a><\/p>\n<p><a href=\"https:\/\/segtotaltreinamentos.com.br\/Loja\/wp-content\/uploads\/2017\/08\/50-25052016152410.pdf\">50-25052016152410<\/a><\/p>\n","protected":false},"excerpt":{"rendered":"<h3>Descri\u00e7\u00e3o<\/h3>\n<p>Luva de seguran\u00e7a confeccionada em fios de HPPE (polietileno de alto peso molecular), nylon, lycra e fibra de vidro; revestimento na face palmar, face palmar dos dedos e ponta dos dedos em PU (poliuretano), punho com inser\u00e7\u00f5es de fibras el\u00e1sticas e acabamento em fibras sint\u00e9ticas.<\/p>\n<hr \/>\n<h4>Especifica\u00e7\u00f5es<\/h4>\n<p><strong>CA: <\/strong><a href=\"https:\/\/consultaca.com\/ca37181\">37.181<\/a><br \/>\n<strong>Tamanhos: <\/strong>7(P) 8(M) 9(G) 10(EG)<br \/>\n<strong>Uso: <\/strong>Reutiliz\u00e1vel<br \/>\n<strong>Formato: <\/strong>Anat\u00f4mico<br \/>\n<strong>Estrutura: <\/strong>Suporte T\u00eaxtil<br \/>\n<strong>Modelo da Estrutura: <\/strong>Tricotado<br \/>\n<strong>Material Suporte: <\/strong>Fios sint\u00e9ticos de alta performance<br \/>\n<strong>Punho: <\/strong>Tricotado<br \/>\n<strong>Embalagem: <\/strong>Pacote com 12 pares. Caixa com 144 pares.<br \/>\n<strong>Grip: <\/strong>Liso<\/p>\n<hr \/>\n<h4>Vantagens e benef\u00edcios<\/h4>\n<p><strong>\u00d3TIMA SENSA\u00c7\u00c3O DE CONFORTO E TATO &#8211; <\/strong>no manuseio de pe\u00e7as secas ou levemente oleosas;<\/p>\n<p><strong>RESIST\u00caNCIA AO CORTE POR L\u00c2MINA<\/strong> com menor fadiga das m\u00e3os<\/p>\n<p><strong>LEVE E FLEX\u00cdVEL<\/strong> &#8211; ideal para trabalhos com manuseio de pequenas pe\u00e7as, que exijam destreza<\/p>\n<p><strong>M\u00c3OS AREJADAS<\/strong> &#8211; Dorso ventilado permite \u00f3tima ventila\u00e7\u00e3o deixando a m\u00e3o arejada<\/p>\n<p><strong>FORMATO ANAT\u00d4MICO<\/strong> &#8211; Redu\u00e7\u00e3o da fadiga muscular<\/p>\n<p><strong>TAMANHOS DIFERENCIADOS POR CORES<\/strong> &#8211; Diferencia\u00e7\u00e3o nas cores do punho, facilitando a identifica\u00e7\u00e3o dos tamanhos<\/p>\n<p><strong>REDU\u00c7\u00c3O DE CUSTO &#8211; <\/strong>Luvas lav\u00e1veis e reutiliz\u00e1veis. Aumenta consideravelmente o ciclo de vida da luva e reduz os custos da empresa<\/p>\n<div class=\"row conteudo\">\n<div class=\"col-sm-8\">\n<div class=\"row\">\n<div class=\"col-sm-7 ckEditor\">\n<h4>Aplica\u00e7\u00f5es<\/h4>\n<p>Ideal para manuseio de chapas leves e finas, pl\u00e1sticas, met\u00e1licas, celul\u00f3sicas; Manuseio de pe\u00e7as pequenas e cortantes onde requerem alto n\u00edvel de destreza; Tecnologia 18 Gauge proporciona Sensa\u00e7\u00e3o de m\u00e3os nuas, troca eficiente de calor evitando sudora\u00e7\u00e3o e tornando-a Respir\u00e1vel; Revestimento em poliuretano (PU) na superf\u00edcie palmar uniforme, conferindo alto n\u00edvel de ader\u00eancia e resist\u00eancia; desempenho e seguran\u00e7a na opera\u00e7\u00e3o evitando o calce e descalce da luva para manipula\u00e7\u00e3o de pe\u00e7as pequenas.<\/p>\n<hr \/>\n<h4>Potenciais clientes<\/h4>\n<p>Ind\u00fastrias Automotivas, Metal-Mec\u00e2nica, Pl\u00e1stica, Aeron\u00e1utica, Naval, Metal\u00fargicas, Celulose, Perif\u00e9ricos, High Tech, Microprocessadores, Eletroeletr\u00f4nica, Montagem e manuten\u00e7\u00e3o, Eletrodom\u00e9sticos, Componentes Eletr\u00f4nicos, Madeireira e Moveleira, Cal\u00e7adista, Presta\u00e7\u00e3o de Servi\u00e7os, Constru\u00e7\u00e3o Civil, Ind\u00fastrias de Vidro e Bebidas,Instaladores Industriais, implementos agr\u00edcolas e outras.<\/p>\n<\/div>\n<div class=\"col-sm-4 col-sm-offset-1\">\n<h4>Or\u00e7amento<\/h4>\n<p><a class=\"btn-black\" title=\"Ir para: Or\u00e7amentos\" href=\"http:\/\/materiais.volkdobrasil.com.br\/orcamento-e-visita-tecnica\" target=\"_blank\" rel=\"noopener\">Or\u00e7amentos<\/a><\/p>\n<hr \/>\n<h4>Manuais<\/h4>\n<p><a class=\"btn-black\" title=\"Ir para: Download da ficha t\u00e9cnica\" href=\"http:\/\/volkdobrasil.com.br\/upload\/arquivo\/21-25052016152410.PDF\" target=\"_blank\" rel=\"noopener\"><img decoding=\"async\" src=\"http:\/\/volkdobrasil.com.br\/site\/img\/layout\/btn-ficha.png\" alt=\"Imagem: Download da ficha t\u00e9cnica\" \/>Ficha t\u00e9cnica<\/a><a class=\"btn-black\" title=\"Ir para: Download da ficha comercial\" href=\"http:\/\/volkdobrasil.com.br\/upload\/arquivo\/50-25052016152410.pdf\" target=\"_blank\" rel=\"noopener\"><img decoding=\"async\" src=\"http:\/\/volkdobrasil.com.br\/site\/img\/layout\/btn-ficha.png\" alt=\"Imagem: Download da ficha comercial\" \/>Ficha comercial<\/a><a class=\"btn-black\" title=\"Ir para: Consulta CA\" href=\"https:\/\/consultaca.com\/ca37181\" target=\"_blank\" rel=\"noopener\"><img decoding=\"async\" src=\"http:\/\/volkdobrasil.com.br\/site\/img\/layout\/btn-consulta-ca.png\" alt=\"Imagem: Consulta CA\" \/>Consulta CA<\/a><a class=\"btn-black\" title=\"Ir para: Uso e conserva\u00e7\u00e3o\" href=\"http:\/\/volkdobrasil.com.br\/uso-e-conservacao\"><img decoding=\"async\" src=\"http:\/\/volkdobrasil.com.br\/site\/img\/layout\/btn-uso.png\" alt=\"Imagem: Uso e conserva\u00e7\u00e3o\" \/>Uso e conserva\u00e7\u00e3o<\/a><a class=\"btn-black\" title=\"Ir para: Identifique o tamanho\" href=\"http:\/\/volkdobrasil.com.br\/identifique-o-tamanho\"><img decoding=\"async\" src=\"http:\/\/volkdobrasil.com.br\/site\/img\/layout\/btn-tamanho.png\" alt=\"Imagem: Identifique o tamanho\" \/>Identifique o tamanho<\/a><a class=\"btn-black\" title=\"Ir para: Treinamento de produtos\" href=\"http:\/\/materiais.volkdobrasil.com.br\/treinamento-luva-cut-comfort\" target=\"_blank\" rel=\"noopener\"><img decoding=\"async\" src=\"http:\/\/volkdobrasil.com.br\/site\/img\/layout\/btn-treinamento.png\" alt=\"Imagem: Treinamento de produtos\" \/>Treinamento de produtos<\/a><\/p>\n<hr \/>\n<h4>Normas<\/h4>\n<p><span class=\"norma\"><img decoding=\"async\" title=\"\" src=\"http:\/\/volkdobrasil.com.br\/common\/function\/thumb.php?largura=40&amp;altura=40&amp;url=..\/..\/upload\/norma\/45-14122015200942.png\" alt=\"Imagem: EN388\" data-toggle=\"tooltip\" data-placement=\"bottom\" data-original-title=\"Desempenho: 3441\" \/><\/span><\/p>\n<\/div>\n<\/div>\n<\/div>\n<\/div>\n","protected":false},"featured_media":4083,"comment_status":"open","ping_status":"closed","template":"","meta":[],"product_brand":[],"product_cat":[6,7,86],"product_tag":[],"class_list":{"0":"post-4082","1":"product","2":"type-product","3":"status-publish","4":"has-post-thumbnail","6":"product_cat-luvas","7":"product_cat-luvas-anticorte","8":"product_cat-volk","10":"first","11":"outofstock","12":"taxable","13":"shipping-taxable","14":"purchasable","15":"product-type-simple"},"_links":{"self":[{"href":"https:\/\/segtotaltreinamentos.com.br\/Loja\/wp-json\/wp\/v2\/product\/4082","targetHints":{"allow":["GET"]}}],"collection":[{"href":"https:\/\/segtotaltreinamentos.com.br\/Loja\/wp-json\/wp\/v2\/product"}],"about":[{"href":"https:\/\/segtotaltreinamentos.com.br\/Loja\/wp-json\/wp\/v2\/types\/product"}],"replies":[{"embeddable":true,"href":"https:\/\/segtotaltreinamentos.com.br\/Loja\/wp-json\/wp\/v2\/comments?post=4082"}],"wp:featuredmedia":[{"embeddable":true,"href":"https:\/\/segtotaltreinamentos.com.br\/Loja\/wp-json\/wp\/v2\/media\/4083"}],"wp:attachment":[{"href":"https:\/\/segtotaltreinamentos.com.br\/Loja\/wp-json\/wp\/v2\/media?parent=4082"}],"wp:term":[{"taxonomy":"product_brand","embeddable":true,"href":"https:\/\/segtotaltreinamentos.com.br\/Loja\/wp-json\/wp\/v2\/product_brand?post=4082"},{"taxonomy":"product_cat","embeddable":true,"href":"https:\/\/segtotaltreinamentos.com.br\/Loja\/wp-json\/wp\/v2\/product_cat?post=4082"},{"taxonomy":"product_tag","embeddable":true,"href":"https:\/\/segtotaltreinamentos.com.br\/Loja\/wp-json\/wp\/v2\/product_tag?post=4082"}],"curies":[{"name":"wp","href":"https:\/\/api.w.org\/{rel}","templated":true}]}}