{"id":4456,"date":"2018-03-22T20:39:39","date_gmt":"2018-03-22T20:39:39","guid":{"rendered":"http:\/\/segtotaltreinamentos.com.br\/Loja\/?post_type=product&#038;p=4456"},"modified":"2018-08-24T13:34:12","modified_gmt":"2018-08-24T13:34:12","slug":"ss62-calcado-de-elastico-com-microfibra","status":"publish","type":"product","link":"https:\/\/segtotaltreinamentos.com.br\/Loja\/produto\/ss62-calcado-de-elastico-com-microfibra\/","title":{"rendered":"SS62 Cal\u00e7ado de El\u00e1stico com Microfibra"},"content":{"rendered":"<p><span class=\"tit_nome_prod\">Sapato de El\u00e1stico em Microfibra<\/span><\/p>\n<p class=\"desc_prod\">Sapato de seguran\u00e7a confeccionado em microfibra, com el\u00e1stico nas<br \/>\nlaterais. Possui palmilha interna remov\u00edvel em EVA com tratamento<br \/>\nantimicr\u00f3bios. Indicado para \u00e1reas que apresentem riscos de natureza<br \/>\nleve, uniformizando e garantindo conforto e prote\u00e7\u00e3o aos p\u00e9s do<br \/>\nusu\u00e1rio.<\/p>\n<p>Prazo de entrega: 30 a 35 dias.<\/p>\n","protected":false},"excerpt":{"rendered":"<p>Sapato de El\u00e1stico em Microfibra Sapato de seguran\u00e7a confeccionado em microfibra, com el\u00e1stico nas laterais. Possui palmilha interna remov\u00edvel em&hellip;<\/p>\n","protected":false},"featured_media":4457,"comment_status":"open","ping_status":"closed","template":"","meta":[],"product_brand":[],"product_cat":[16,82,18],"product_tag":[],"class_list":{"0":"post-4456","1":"product","2":"type-product","3":"status-publish","4":"has-post-thumbnail","6":"product_cat-calcados","7":"product_cat-conforto","8":"product_cat-nao-economico","10":"first","11":"onbackorder","12":"sale","13":"taxable","14":"shipping-taxable","15":"purchasable","16":"product-type-variable"},"_links":{"self":[{"href":"https:\/\/segtotaltreinamentos.com.br\/Loja\/wp-json\/wp\/v2\/product\/4456","targetHints":{"allow":["GET"]}}],"collection":[{"href":"https:\/\/segtotaltreinamentos.com.br\/Loja\/wp-json\/wp\/v2\/product"}],"about":[{"href":"https:\/\/segtotaltreinamentos.com.br\/Loja\/wp-json\/wp\/v2\/types\/product"}],"replies":[{"embeddable":true,"href":"https:\/\/segtotaltreinamentos.com.br\/Loja\/wp-json\/wp\/v2\/comments?post=4456"}],"wp:featuredmedia":[{"embeddable":true,"href":"https:\/\/segtotaltreinamentos.com.br\/Loja\/wp-json\/wp\/v2\/media\/4457"}],"wp:attachment":[{"href":"https:\/\/segtotaltreinamentos.com.br\/Loja\/wp-json\/wp\/v2\/media?parent=4456"}],"wp:term":[{"taxonomy":"product_brand","embeddable":true,"href":"https:\/\/segtotaltreinamentos.com.br\/Loja\/wp-json\/wp\/v2\/product_brand?post=4456"},{"taxonomy":"product_cat","embeddable":true,"href":"https:\/\/segtotaltreinamentos.com.br\/Loja\/wp-json\/wp\/v2\/product_cat?post=4456"},{"taxonomy":"product_tag","embeddable":true,"href":"https:\/\/segtotaltreinamentos.com.br\/Loja\/wp-json\/wp\/v2\/product_tag?post=4456"}],"curies":[{"name":"wp","href":"https:\/\/api.w.org\/{rel}","templated":true}]}}