{"id":4590,"date":"2018-05-02T14:36:06","date_gmt":"2018-05-02T14:36:06","guid":{"rendered":"http:\/\/segtotaltreinamentos.com.br\/Loja\/?post_type=product&#038;p=4590"},"modified":"2019-01-12T17:24:50","modified_gmt":"2019-01-12T17:24:50","slug":"cinturao-paraquedista-3f-eco-ca-35373","status":"publish","type":"product","link":"https:\/\/segtotaltreinamentos.com.br\/Loja\/produto\/cinturao-paraquedista-3f-eco-ca-35373\/","title":{"rendered":"CINTURAO PARAQUEDISTA 3F ECO CA.35373"},"content":{"rendered":"<p>Cinto Paraquedista de Seguran\u00e7a \u2013 Componente de um sistema de prote\u00e7\u00e3o contra queda, constitu\u00eddo por um dispositivo preso ao corpo. Fivelas Estampadas- Duas pe\u00e7as de diferentes tamanhos, para regulagem na altura do peito, confeccionadas em a\u00e7o. Meia Argola 51 mm \u2013 Pe\u00e7a confeccionada em a\u00e7o estampado em formato de D utilizada no cinto de seguran\u00e7a como engate dorsal para jun\u00e7\u00e3o dos talabartes de ancoragem. Produto certificado pelo Inmetro conforme NBR 15836 CA: 35.373.<\/p>\n","protected":false},"excerpt":{"rendered":"<p>Cinto Paraquedista de Seguran\u00e7a \u2013 Componente de um sistema de prote\u00e7\u00e3o contra queda, constitu\u00eddo por um dispositivo preso ao corpo.&hellip;<\/p>\n","protected":false},"featured_media":4591,"comment_status":"open","ping_status":"closed","template":"","meta":[],"product_brand":[],"product_cat":[139,63,32],"product_tag":[],"class_list":{"0":"post-4590","1":"product","2":"type-product","3":"status-publish","4":"has-post-thumbnail","6":"product_cat-cintos-de-seguranca","7":"product_cat-ledan","8":"product_cat-trabalho-em-altura","10":"first","11":"onbackorder","12":"taxable","13":"shipping-taxable","14":"purchasable","15":"product-type-simple"},"_links":{"self":[{"href":"https:\/\/segtotaltreinamentos.com.br\/Loja\/wp-json\/wp\/v2\/product\/4590","targetHints":{"allow":["GET"]}}],"collection":[{"href":"https:\/\/segtotaltreinamentos.com.br\/Loja\/wp-json\/wp\/v2\/product"}],"about":[{"href":"https:\/\/segtotaltreinamentos.com.br\/Loja\/wp-json\/wp\/v2\/types\/product"}],"replies":[{"embeddable":true,"href":"https:\/\/segtotaltreinamentos.com.br\/Loja\/wp-json\/wp\/v2\/comments?post=4590"}],"wp:featuredmedia":[{"embeddable":true,"href":"https:\/\/segtotaltreinamentos.com.br\/Loja\/wp-json\/wp\/v2\/media\/4591"}],"wp:attachment":[{"href":"https:\/\/segtotaltreinamentos.com.br\/Loja\/wp-json\/wp\/v2\/media?parent=4590"}],"wp:term":[{"taxonomy":"product_brand","embeddable":true,"href":"https:\/\/segtotaltreinamentos.com.br\/Loja\/wp-json\/wp\/v2\/product_brand?post=4590"},{"taxonomy":"product_cat","embeddable":true,"href":"https:\/\/segtotaltreinamentos.com.br\/Loja\/wp-json\/wp\/v2\/product_cat?post=4590"},{"taxonomy":"product_tag","embeddable":true,"href":"https:\/\/segtotaltreinamentos.com.br\/Loja\/wp-json\/wp\/v2\/product_tag?post=4590"}],"curies":[{"name":"wp","href":"https:\/\/api.w.org\/{rel}","templated":true}]}}