{"id":4689,"date":"2018-06-18T16:06:59","date_gmt":"2018-06-18T16:06:59","guid":{"rendered":"http:\/\/segtotaltreinamentos.com.br\/Loja\/?post_type=product&#038;p=4689"},"modified":"2020-02-05T22:29:06","modified_gmt":"2020-02-05T22:29:06","slug":"sv22-sapato-social-masculino-de-elastico","status":"publish","type":"product","link":"https:\/\/segtotaltreinamentos.com.br\/Loja\/produto\/sv22-sapato-social-masculino-de-elastico\/","title":{"rendered":"SV22 Sapato Social Masculino de El\u00e1stico"},"content":{"rendered":"<p>OBS: O pre\u00e7o promocional \u00e9 apenas para pedidos maiores que 15 pares.<\/p>\n<p>Prazo de entrega: 30 a 35 dias<\/p>\n","protected":false},"excerpt":{"rendered":"<p><span class=\"tit_nome_prod\">\u00a0<\/span><\/p>\n<p class=\"desc_prod\">Sapato ocupacional masculino, tipo social, confeccionado em couro<br \/>\nvaqueta integral de estampa lisa, com el\u00e1stico lateral. Possui palmilha<br \/>\ninterna remov\u00edvel conformada em EVA com tratamento antimicr\u00f3bios.<br \/>\nIndicado para servi\u00e7os em \u00e1reas que apresentem riscos de<br \/>\nnatureza leve, uniformizando e garantindo conforto e prote\u00e7\u00e3o aos<br \/>\np\u00e9s do usu\u00e1rio.<\/p>\n","protected":false},"featured_media":4698,"comment_status":"open","ping_status":"closed","template":"","meta":[],"product_brand":[],"product_cat":[16,82,18],"product_tag":[],"class_list":{"0":"post-4689","1":"product","2":"type-product","3":"status-publish","4":"has-post-thumbnail","6":"product_cat-calcados","7":"product_cat-conforto","8":"product_cat-nao-economico","10":"first","11":"onbackorder","12":"sale","13":"taxable","14":"shipping-taxable","15":"purchasable","16":"product-type-variable"},"_links":{"self":[{"href":"https:\/\/segtotaltreinamentos.com.br\/Loja\/wp-json\/wp\/v2\/product\/4689","targetHints":{"allow":["GET"]}}],"collection":[{"href":"https:\/\/segtotaltreinamentos.com.br\/Loja\/wp-json\/wp\/v2\/product"}],"about":[{"href":"https:\/\/segtotaltreinamentos.com.br\/Loja\/wp-json\/wp\/v2\/types\/product"}],"replies":[{"embeddable":true,"href":"https:\/\/segtotaltreinamentos.com.br\/Loja\/wp-json\/wp\/v2\/comments?post=4689"}],"wp:featuredmedia":[{"embeddable":true,"href":"https:\/\/segtotaltreinamentos.com.br\/Loja\/wp-json\/wp\/v2\/media\/4698"}],"wp:attachment":[{"href":"https:\/\/segtotaltreinamentos.com.br\/Loja\/wp-json\/wp\/v2\/media?parent=4689"}],"wp:term":[{"taxonomy":"product_brand","embeddable":true,"href":"https:\/\/segtotaltreinamentos.com.br\/Loja\/wp-json\/wp\/v2\/product_brand?post=4689"},{"taxonomy":"product_cat","embeddable":true,"href":"https:\/\/segtotaltreinamentos.com.br\/Loja\/wp-json\/wp\/v2\/product_cat?post=4689"},{"taxonomy":"product_tag","embeddable":true,"href":"https:\/\/segtotaltreinamentos.com.br\/Loja\/wp-json\/wp\/v2\/product_tag?post=4689"}],"curies":[{"name":"wp","href":"https:\/\/api.w.org\/{rel}","templated":true}]}}