{"id":4700,"date":"2018-06-19T11:08:58","date_gmt":"2018-06-19T11:08:58","guid":{"rendered":"http:\/\/segtotaltreinamentos.com.br\/Loja\/?post_type=product&#038;p=4700"},"modified":"2018-06-19T11:14:55","modified_gmt":"2018-06-19T11:14:55","slug":"bh62500-sapato-masc-biq-de-plastico-c-elastico-hidrofugado","status":"publish","type":"product","link":"https:\/\/segtotaltreinamentos.com.br\/Loja\/produto\/bh62500-sapato-masc-biq-de-plastico-c-elastico-hidrofugado\/","title":{"rendered":"BH62500 Sapato masc biq de Pl\u00e1stico c Elastico Hidrofugado"},"content":{"rendered":"<p><b>BH-62500<\/b> &#8211; Sapato masculino de elastico em vaqueta relax preta, solado em PU Bi Densidade, com palmilha anti-bacteriana, hidrofugado.<\/p>\n<p>CA 9128<\/p>\n<h3>Com biqueira de Pl\u00e1stico (polipropileno = PP)<\/h3>\n<p>Em caso de pedido de encomenda por falta de estoque, previs\u00e3o de entrega em 30 dias;<\/p>\n","protected":false},"excerpt":{"rendered":"<p>Sapato de seguran\u00e7a, modelo Blatt, com el\u00e1stico lateral, em vaqueta, palmilha de montagem em material n\u00e3o tecido, palmilha interna remov\u00edvel em l\u00e1tex com tecido algod\u00e3o antimicr\u00f3bios, sola PU bidensidade antiderrapante e biqueira truline. Indicado servi\u00e7os em \u00e1reas que, em geral, apresentem riscos de natureza leve, uniformizando e garantindo conforto e prote\u00e7\u00e3o aos p\u00e9s do usu\u00e1rio.<\/p>\n<p>Sistema de fixa\u00e7\u00e3o ao p\u00e9: el\u00e1stico na lateral<br \/>\nCabedal: vaqueta relax<br \/>\nCor: preto<br \/>\nCoura\u00e7a: trueline<br \/>\nForro: n\u00e3o tecido transpirante<br \/>\nPalmilha de montagem: n\u00e3o tecido<br \/>\nSolado: PU<br \/>\nPalmilha interna: antimicrobiana (remov\u00edvel)<br \/>\nTamanho: 34 a 45<br \/>\nPeso m\u00e9dio n\u00ba 40 &#8211; Par: 0,702 Kg<\/p>\n","protected":false},"featured_media":2717,"comment_status":"open","ping_status":"closed","template":"","meta":[],"product_brand":[],"product_cat":[16,82,17],"product_tag":[],"class_list":{"0":"post-4700","1":"product","2":"type-product","3":"status-publish","4":"has-post-thumbnail","6":"product_cat-calcados","7":"product_cat-conforto","8":"product_cat-economico","10":"first","11":"onbackorder","12":"taxable","13":"shipping-taxable","14":"purchasable","15":"product-type-variable"},"_links":{"self":[{"href":"https:\/\/segtotaltreinamentos.com.br\/Loja\/wp-json\/wp\/v2\/product\/4700","targetHints":{"allow":["GET"]}}],"collection":[{"href":"https:\/\/segtotaltreinamentos.com.br\/Loja\/wp-json\/wp\/v2\/product"}],"about":[{"href":"https:\/\/segtotaltreinamentos.com.br\/Loja\/wp-json\/wp\/v2\/types\/product"}],"replies":[{"embeddable":true,"href":"https:\/\/segtotaltreinamentos.com.br\/Loja\/wp-json\/wp\/v2\/comments?post=4700"}],"wp:featuredmedia":[{"embeddable":true,"href":"https:\/\/segtotaltreinamentos.com.br\/Loja\/wp-json\/wp\/v2\/media\/2717"}],"wp:attachment":[{"href":"https:\/\/segtotaltreinamentos.com.br\/Loja\/wp-json\/wp\/v2\/media?parent=4700"}],"wp:term":[{"taxonomy":"product_brand","embeddable":true,"href":"https:\/\/segtotaltreinamentos.com.br\/Loja\/wp-json\/wp\/v2\/product_brand?post=4700"},{"taxonomy":"product_cat","embeddable":true,"href":"https:\/\/segtotaltreinamentos.com.br\/Loja\/wp-json\/wp\/v2\/product_cat?post=4700"},{"taxonomy":"product_tag","embeddable":true,"href":"https:\/\/segtotaltreinamentos.com.br\/Loja\/wp-json\/wp\/v2\/product_tag?post=4700"}],"curies":[{"name":"wp","href":"https:\/\/api.w.org\/{rel}","templated":true}]}}