{"id":4792,"date":"2018-08-06T13:49:38","date_gmt":"2018-08-06T13:49:38","guid":{"rendered":"http:\/\/segtotaltreinamentos.com.br\/Loja\/?post_type=product&#038;p=4792"},"modified":"2023-10-26T12:31:43","modified_gmt":"2023-10-26T12:31:43","slug":"luvas-super-grip-ref-70vdc","status":"publish","type":"product","link":"https:\/\/segtotaltreinamentos.com.br\/Loja\/produto\/luvas-super-grip-ref-70vdc\/","title":{"rendered":"Luvas Super Grip REF.70VDC 30cm"},"content":{"rendered":"","protected":false},"excerpt":{"rendered":"<div id=\"nomeprod\" style=\"text-align: center;\"><span class=\"p4\">Super Grip &#8211;\u00a0<span style=\"display: inline !important; float: none; background-color: transparent; color: #3366cc; font-family: 'Calibri',Arial,Helvetica,sans-serif; font-size: 32px; font-style: normal; font-variant: normal; font-weight: bold; letter-spacing: normal; orphans: 2; text-align: center; text-decoration: none; text-indent: 0px; text-transform: none; -webkit-text-stroke-width: 0px; white-space: normal; word-spacing: 0px;\">C.A. 28538<\/span><\/span><\/div>\n<div id=\"descriprod\"><span class=\"p4\">Descri\u00e7\u00e3o:<\/span> <span class=\"p9\"><i>Ref.: 70 VDC<\/i><\/span><br \/>\n<span class=\"p5\">Luva de seguran\u00e7a confeccionada em tecido<br \/>\nde algod\u00e3o (suedine) com revestimento TRIPLO<br \/>\nde borracha nitr\u00edlica antiderrapante (part\u00edculas<br \/>\nde cer\u00e2mica) na palma e dorso, modelo clute.<\/span><\/div>\n<div id=\"caracprod\"><span class=\"p4\">Caracter\u00edsticas:<\/span><br \/>\n<span class=\"p5\">Elevado grau de conforto durante sua utiliza\u00e7\u00e3o e \u00f3tima resist\u00eancia a abras\u00e3o para manuseio de objetos oleosos.<br \/>\nFormula\u00e7\u00e3o 100% borracha nitr\u00edlica.<\/span><\/div>\n<div id=\"aplicaprod\"><span class=\"p4\">Aplica\u00e7\u00f5es:<\/span><br \/>\n<span class=\"p5\">Manuseio de chapas e objetos oleosos e escorregadios, Manuseio de produtos qu\u00edmicos, Trabalhos m\u00e9dios e pesados em metal\u00fargicas e Ind\u00fastria Petroqu\u00edmica.<\/span><\/div>\n<div id=\"embprod\"><span class=\"p4\">Embalagens:<\/span><br \/>\n<span class=\"p5\">Caixa \/ Pl\u00e1stico com 100 pares.<br \/>\nCaixa \/ Pl\u00e1stico com 50 pares<\/span><\/div>\n<div id=\"tamprod\"><span class=\"p4\">Tamanho, lote e data de fabrica\u00e7\u00e3o:<\/span><br \/>\n<span class=\"p5\">7, 8, 9, 10 e 11.<\/span><\/div>\n<div id=\"validprod\"><span class=\"p4\">Validade:<br \/>\n<\/span><span class=\"p5\">3 anos.<\/span><\/div>\n<div><\/div>\n<div><\/div>\n","protected":false},"featured_media":29834,"comment_status":"open","ping_status":"closed","template":"","meta":[],"product_brand":[],"product_cat":[136,48,6,51],"product_tag":[],"class_list":{"0":"post-4792","1":"product","2":"type-product","3":"status-publish","4":"has-post-thumbnail","6":"product_cat-acrilon","7":"product_cat-aderencia-a-oleo","8":"product_cat-luvas","9":"product_cat-tato-destreza","11":"first","12":"instock","13":"taxable","14":"shipping-taxable","15":"purchasable","16":"product-type-variable"},"_links":{"self":[{"href":"https:\/\/segtotaltreinamentos.com.br\/Loja\/wp-json\/wp\/v2\/product\/4792","targetHints":{"allow":["GET"]}}],"collection":[{"href":"https:\/\/segtotaltreinamentos.com.br\/Loja\/wp-json\/wp\/v2\/product"}],"about":[{"href":"https:\/\/segtotaltreinamentos.com.br\/Loja\/wp-json\/wp\/v2\/types\/product"}],"replies":[{"embeddable":true,"href":"https:\/\/segtotaltreinamentos.com.br\/Loja\/wp-json\/wp\/v2\/comments?post=4792"}],"wp:featuredmedia":[{"embeddable":true,"href":"https:\/\/segtotaltreinamentos.com.br\/Loja\/wp-json\/wp\/v2\/media\/29834"}],"wp:attachment":[{"href":"https:\/\/segtotaltreinamentos.com.br\/Loja\/wp-json\/wp\/v2\/media?parent=4792"}],"wp:term":[{"taxonomy":"product_brand","embeddable":true,"href":"https:\/\/segtotaltreinamentos.com.br\/Loja\/wp-json\/wp\/v2\/product_brand?post=4792"},{"taxonomy":"product_cat","embeddable":true,"href":"https:\/\/segtotaltreinamentos.com.br\/Loja\/wp-json\/wp\/v2\/product_cat?post=4792"},{"taxonomy":"product_tag","embeddable":true,"href":"https:\/\/segtotaltreinamentos.com.br\/Loja\/wp-json\/wp\/v2\/product_tag?post=4792"}],"curies":[{"name":"wp","href":"https:\/\/api.w.org\/{rel}","templated":true}]}}