{"id":4881,"date":"2018-09-16T16:17:54","date_gmt":"2018-09-16T16:17:54","guid":{"rendered":"http:\/\/segtotaltreinamentos.com.br\/Loja\/?post_type=product&#038;p=4881"},"modified":"2019-10-06T21:27:53","modified_gmt":"2019-10-06T21:27:53","slug":"ascensor-de-mao-stec-esquerdo","status":"publish","type":"product","link":"https:\/\/segtotaltreinamentos.com.br\/Loja\/produto\/ascensor-de-mao-stec-esquerdo\/","title":{"rendered":"Ascensor de m\u00e3o Stec Esquerdo &#8211; AAD-0329-L"},"content":{"rendered":"<p><a href=\"https:\/\/segtotaltreinamentos.com.br\/Loja\/wp-content\/uploads\/2018\/09\/manual-ascensores-de-mao-stec-pdf_1532535975-1.pdf\">manual-ascensores-de-mao-stec-pdf_1532535975<\/a><\/p>\n<p><a href=\"https:\/\/segtotaltreinamentos.com.br\/Loja\/wp-content\/uploads\/2018\/09\/manual-handled-ascender-english-pdf_1532535976.pdf\">manual-handled-ascender-english-pdf_1532535976<\/a><\/p>\n","protected":false},"excerpt":{"rendered":"<p>Os ascensores de m\u00e3o Stec, s\u00e3o fabricados em liga de alum\u00ednio, com pe\u00e7as de a\u00e7o carbono, possui empunhadura emborrachada que melhora a ergonomia. Esta dispon\u00edvel em cores diferentes, laranja para m\u00e3o esquerda e azul para m\u00e3o direita. Seu sistema de bloqueio trabalha mesmo em condi\u00e7\u00f5es extremas de sujeira e\/ou umidade. O Ascensor de m\u00e3o funciona em cordas de 8 a 12 mm de di\u00e2metro. Quando empurrado no sentido da seta, desliza e ao puxar seu sistema trava. Sua carga de trabalho \u00e9 de 4100kg e sua carga de ruptura \u00e9 de 4kN.\u00a0Os ascensores de m\u00e3o Stec s\u00e3o usados para progress\u00e3o em corda, de f\u00e1cil instala\u00e7\u00e3o. Tamb\u00e9m pode ser utilizado como elemento blocante em sistemas de desmultiplica\u00e7\u00e3o de for\u00e7a.<\/p>\n<div><\/div>\n<p>&nbsp;<\/p>\n<div>Uso em cordas:\u00a0 \u00d8 8.0 &#8211; 12.0mm<\/div>\n<div><\/div>\n<div>Material: Alum\u00ednio<\/div>\n<div><\/div>\n<div>Peso: 240g<\/div>\n<div><\/div>\n<div>C\u00f3digo: AAD-0329-L<\/div>\n","protected":false},"featured_media":5164,"comment_status":"open","ping_status":"closed","template":"","meta":[],"product_brand":[],"product_cat":[148,138,32],"product_tag":[],"class_list":{"0":"post-4881","1":"product","2":"type-product","3":"status-publish","4":"has-post-thumbnail","6":"product_cat-ascensores","7":"product_cat-stec","8":"product_cat-trabalho-em-altura","10":"first","11":"onbackorder","12":"taxable","13":"shipping-taxable","14":"purchasable","15":"product-type-simple"},"_links":{"self":[{"href":"https:\/\/segtotaltreinamentos.com.br\/Loja\/wp-json\/wp\/v2\/product\/4881","targetHints":{"allow":["GET"]}}],"collection":[{"href":"https:\/\/segtotaltreinamentos.com.br\/Loja\/wp-json\/wp\/v2\/product"}],"about":[{"href":"https:\/\/segtotaltreinamentos.com.br\/Loja\/wp-json\/wp\/v2\/types\/product"}],"replies":[{"embeddable":true,"href":"https:\/\/segtotaltreinamentos.com.br\/Loja\/wp-json\/wp\/v2\/comments?post=4881"}],"wp:featuredmedia":[{"embeddable":true,"href":"https:\/\/segtotaltreinamentos.com.br\/Loja\/wp-json\/wp\/v2\/media\/5164"}],"wp:attachment":[{"href":"https:\/\/segtotaltreinamentos.com.br\/Loja\/wp-json\/wp\/v2\/media?parent=4881"}],"wp:term":[{"taxonomy":"product_brand","embeddable":true,"href":"https:\/\/segtotaltreinamentos.com.br\/Loja\/wp-json\/wp\/v2\/product_brand?post=4881"},{"taxonomy":"product_cat","embeddable":true,"href":"https:\/\/segtotaltreinamentos.com.br\/Loja\/wp-json\/wp\/v2\/product_cat?post=4881"},{"taxonomy":"product_tag","embeddable":true,"href":"https:\/\/segtotaltreinamentos.com.br\/Loja\/wp-json\/wp\/v2\/product_tag?post=4881"}],"curies":[{"name":"wp","href":"https:\/\/api.w.org\/{rel}","templated":true}]}}