{"id":4898,"date":"2018-09-16T16:46:56","date_gmt":"2018-09-16T16:46:56","guid":{"rendered":"http:\/\/segtotaltreinamentos.com.br\/Loja\/?post_type=product&#038;p=4898"},"modified":"2019-01-12T18:20:04","modified_gmt":"2019-01-12T18:20:04","slug":"placa-de-ancoragem-stec-multi-4-black","status":"publish","type":"product","link":"https:\/\/segtotaltreinamentos.com.br\/Loja\/produto\/placa-de-ancoragem-stec-multi-4-black\/","title":{"rendered":"Placa de Ancoragem Stec Multi 4 Black &#8211; PLM03"},"content":{"rendered":"","protected":false},"excerpt":{"rendered":"<p>Placa Multiplicadora Stec de ancoragem com 4 furos, utilizada para ancoragens complexas e tamb\u00e9m em resgates, onde o ponto de ancoragem para sistemas de multiplica\u00e7\u00e3o exige a combina\u00e7\u00e3o de varios equipamentos.<\/p>\n<p>&nbsp;<\/p>\n<div>Material: Alum\u00ednio<\/div>\n<div><\/div>\n<div>Carga m\u00ednima de ruptura: 40kN<\/div>\n<div><\/div>\n<div>Peso: 208g<\/div>\n<div><\/div>\n<div>C\u00f3digo: PLM03<\/div>\n","protected":false},"featured_media":4899,"comment_status":"open","ping_status":"closed","template":"","meta":[],"product_brand":[],"product_cat":[150,138,32],"product_tag":[],"class_list":{"0":"post-4898","1":"product","2":"type-product","3":"status-publish","4":"has-post-thumbnail","6":"product_cat-placas","7":"product_cat-stec","8":"product_cat-trabalho-em-altura","10":"first","11":"onbackorder","12":"taxable","13":"shipping-taxable","14":"purchasable","15":"product-type-simple"},"_links":{"self":[{"href":"https:\/\/segtotaltreinamentos.com.br\/Loja\/wp-json\/wp\/v2\/product\/4898","targetHints":{"allow":["GET"]}}],"collection":[{"href":"https:\/\/segtotaltreinamentos.com.br\/Loja\/wp-json\/wp\/v2\/product"}],"about":[{"href":"https:\/\/segtotaltreinamentos.com.br\/Loja\/wp-json\/wp\/v2\/types\/product"}],"replies":[{"embeddable":true,"href":"https:\/\/segtotaltreinamentos.com.br\/Loja\/wp-json\/wp\/v2\/comments?post=4898"}],"wp:featuredmedia":[{"embeddable":true,"href":"https:\/\/segtotaltreinamentos.com.br\/Loja\/wp-json\/wp\/v2\/media\/4899"}],"wp:attachment":[{"href":"https:\/\/segtotaltreinamentos.com.br\/Loja\/wp-json\/wp\/v2\/media?parent=4898"}],"wp:term":[{"taxonomy":"product_brand","embeddable":true,"href":"https:\/\/segtotaltreinamentos.com.br\/Loja\/wp-json\/wp\/v2\/product_brand?post=4898"},{"taxonomy":"product_cat","embeddable":true,"href":"https:\/\/segtotaltreinamentos.com.br\/Loja\/wp-json\/wp\/v2\/product_cat?post=4898"},{"taxonomy":"product_tag","embeddable":true,"href":"https:\/\/segtotaltreinamentos.com.br\/Loja\/wp-json\/wp\/v2\/product_tag?post=4898"}],"curies":[{"name":"wp","href":"https:\/\/api.w.org\/{rel}","templated":true}]}}