{"id":5121,"date":"2019-01-12T11:29:34","date_gmt":"2019-01-12T11:29:34","guid":{"rendered":"http:\/\/segtotaltreinamentos.com.br\/Loja\/?post_type=product&#038;p=5121"},"modified":"2019-01-12T18:16:19","modified_gmt":"2019-01-12T18:16:19","slug":"estribo-stec-s06","status":"publish","type":"product","link":"https:\/\/segtotaltreinamentos.com.br\/Loja\/produto\/estribo-stec-s06\/","title":{"rendered":"Estribo Stec S06"},"content":{"rendered":"<p><a href=\"https:\/\/segtotaltreinamentos.com.br\/Loja\/wp-content\/uploads\/2019\/01\/estribo-stec-s06-pdf_1417539099.pdf\">estribo-stec-s06-pdf_1417539099<\/a><\/p>\n","protected":false},"excerpt":{"rendered":"<div class=\"col-xs-12 col-sm-12 col-md-6\">\n<div class=\"breve-descricao\">\n<div>\n<p>Estribo Stec S06<\/p>\n<div>Os Estribos Stec s\u00e3o usados para progress\u00e3o em corda, de f\u00e1cil instala\u00e7\u00e3o, utilizados como apoios para os p\u00e9s, e podem ser utilizados com bloqueadores de Punho Stec em escalada artificial ou trabalhos em altura resgates e sistemas de desmultiplica\u00e7\u00e3o de for\u00e7a e manobras complexas de acesso por corda. Quando dobrado ocupa pouco volume e pode ser utilizado combinado a outro estribo Stec afim de aumentar o seu alcance. Os Estribos Stec 06 tem seis degraus, costurado com fita de poliester, refor\u00e7ado para mant\u00ea-los abertos. Utilizado para apoio dos p\u00e9s em escalada artificial ou trabalhos em altura, resgate e sistemas de desmultiplica\u00e7\u00e3o de for\u00e7a.<\/div>\n<\/div>\n<div><\/div>\n<div>Material: Poliester<\/div>\n<div>Comprimento: 171cm X 3 cm<\/div>\n<div>Peso: 220g<\/div>\n<div>C\u00f3digo: S06<\/div>\n<\/div>\n<\/div>\n<div class=\"col-xs-12 col-sm-12 col-md-6\"><\/div>\n","protected":false},"featured_media":5122,"comment_status":"open","ping_status":"closed","template":"","meta":[],"product_brand":[],"product_cat":[149,138,32],"product_tag":[],"class_list":{"0":"post-5121","1":"product","2":"type-product","3":"status-publish","4":"has-post-thumbnail","6":"product_cat-estribos","7":"product_cat-stec","8":"product_cat-trabalho-em-altura","10":"first","11":"onbackorder","12":"taxable","13":"shipping-taxable","14":"purchasable","15":"product-type-simple"},"_links":{"self":[{"href":"https:\/\/segtotaltreinamentos.com.br\/Loja\/wp-json\/wp\/v2\/product\/5121","targetHints":{"allow":["GET"]}}],"collection":[{"href":"https:\/\/segtotaltreinamentos.com.br\/Loja\/wp-json\/wp\/v2\/product"}],"about":[{"href":"https:\/\/segtotaltreinamentos.com.br\/Loja\/wp-json\/wp\/v2\/types\/product"}],"replies":[{"embeddable":true,"href":"https:\/\/segtotaltreinamentos.com.br\/Loja\/wp-json\/wp\/v2\/comments?post=5121"}],"wp:featuredmedia":[{"embeddable":true,"href":"https:\/\/segtotaltreinamentos.com.br\/Loja\/wp-json\/wp\/v2\/media\/5122"}],"wp:attachment":[{"href":"https:\/\/segtotaltreinamentos.com.br\/Loja\/wp-json\/wp\/v2\/media?parent=5121"}],"wp:term":[{"taxonomy":"product_brand","embeddable":true,"href":"https:\/\/segtotaltreinamentos.com.br\/Loja\/wp-json\/wp\/v2\/product_brand?post=5121"},{"taxonomy":"product_cat","embeddable":true,"href":"https:\/\/segtotaltreinamentos.com.br\/Loja\/wp-json\/wp\/v2\/product_cat?post=5121"},{"taxonomy":"product_tag","embeddable":true,"href":"https:\/\/segtotaltreinamentos.com.br\/Loja\/wp-json\/wp\/v2\/product_tag?post=5121"}],"curies":[{"name":"wp","href":"https:\/\/api.w.org\/{rel}","templated":true}]}}