{"id":5126,"date":"2019-01-12T11:40:58","date_gmt":"2019-01-12T11:40:58","guid":{"rendered":"http:\/\/segtotaltreinamentos.com.br\/Loja\/?post_type=product&#038;p=5126"},"modified":"2019-01-12T18:13:24","modified_gmt":"2019-01-12T18:13:24","slug":"ascensor-peitoral-stec-a696","status":"publish","type":"product","link":"https:\/\/segtotaltreinamentos.com.br\/Loja\/produto\/ascensor-peitoral-stec-a696\/","title":{"rendered":"Ascensor Peitoral Stec &#8211; A696"},"content":{"rendered":"<p><a href=\"https:\/\/segtotaltreinamentos.com.br\/Loja\/wp-content\/uploads\/2019\/01\/bloqueador-peitoral-stec-pdf_1417538893.pdf\">bloqueador-peitoral-stec-pdf_1417538893<\/a><\/p>\n","protected":false},"excerpt":{"rendered":"<div class=\"col-xs-12 col-sm-12 col-md-6\">\n<div class=\"breve-descricao\">\n<p>O ascensor peitoral Stec, s\u00e3o fabricados em liga de alum\u00ednio, com pe\u00e7as de a\u00e7o carbono. Seu sistema de bloqueio trabalha mesmo em condi\u00e7\u00f5es extremas de sujeira e\/ou umidade. O ascensor\u00a0peitoral funciona em cordas de 8 mm e 12 mm de di\u00e2metro. Quando empurrado no sentido da seta , desliza e ao puxar seu sistema trava. Sua carga de trabalho \u00e9 de 4kN e sua carga de ruptura \u00e9 de 20kN.\u00a0O ascensor peitoral Stec \u00e9 utilizado para progress\u00e3o em corda, de f\u00e1cil instala\u00e7\u00e3o. Tamb\u00e9m pode ser utilizado como blocante em sistemas de desmultiplica\u00e7\u00e3o de for\u00e7a.<\/p>\n<div>Uso em cordas:\u00a0 \u00d8 8.0 &#8211; 12.0mm<\/div>\n<div><\/div>\n<div>Material: Alum\u00ednio<\/div>\n<div><\/div>\n<div>Peso: 160g<\/div>\n<div><\/div>\n<div>C\u00f3digo:\u00a0 A696<\/div>\n<\/div>\n<\/div>\n","protected":false},"featured_media":5127,"comment_status":"open","ping_status":"closed","template":"","meta":[],"product_brand":[],"product_cat":[148,138,32],"product_tag":[],"class_list":{"0":"post-5126","1":"product","2":"type-product","3":"status-publish","4":"has-post-thumbnail","6":"product_cat-ascensores","7":"product_cat-stec","8":"product_cat-trabalho-em-altura","10":"first","11":"onbackorder","12":"taxable","13":"shipping-taxable","14":"purchasable","15":"product-type-simple"},"_links":{"self":[{"href":"https:\/\/segtotaltreinamentos.com.br\/Loja\/wp-json\/wp\/v2\/product\/5126","targetHints":{"allow":["GET"]}}],"collection":[{"href":"https:\/\/segtotaltreinamentos.com.br\/Loja\/wp-json\/wp\/v2\/product"}],"about":[{"href":"https:\/\/segtotaltreinamentos.com.br\/Loja\/wp-json\/wp\/v2\/types\/product"}],"replies":[{"embeddable":true,"href":"https:\/\/segtotaltreinamentos.com.br\/Loja\/wp-json\/wp\/v2\/comments?post=5126"}],"wp:featuredmedia":[{"embeddable":true,"href":"https:\/\/segtotaltreinamentos.com.br\/Loja\/wp-json\/wp\/v2\/media\/5127"}],"wp:attachment":[{"href":"https:\/\/segtotaltreinamentos.com.br\/Loja\/wp-json\/wp\/v2\/media?parent=5126"}],"wp:term":[{"taxonomy":"product_brand","embeddable":true,"href":"https:\/\/segtotaltreinamentos.com.br\/Loja\/wp-json\/wp\/v2\/product_brand?post=5126"},{"taxonomy":"product_cat","embeddable":true,"href":"https:\/\/segtotaltreinamentos.com.br\/Loja\/wp-json\/wp\/v2\/product_cat?post=5126"},{"taxonomy":"product_tag","embeddable":true,"href":"https:\/\/segtotaltreinamentos.com.br\/Loja\/wp-json\/wp\/v2\/product_tag?post=5126"}],"curies":[{"name":"wp","href":"https:\/\/api.w.org\/{rel}","templated":true}]}}