{"id":5131,"date":"2019-01-12T11:50:02","date_gmt":"2019-01-12T11:50:02","guid":{"rendered":"http:\/\/segtotaltreinamentos.com.br\/Loja\/?post_type=product&#038;p=5131"},"modified":"2019-01-12T18:10:10","modified_gmt":"2019-01-12T18:10:10","slug":"bolsa-tiaracolo-stec-bt01","status":"publish","type":"product","link":"https:\/\/segtotaltreinamentos.com.br\/Loja\/produto\/bolsa-tiaracolo-stec-bt01\/","title":{"rendered":"Bolsa Tiaracolo Stec &#8211; BT01"},"content":{"rendered":"","protected":false},"excerpt":{"rendered":"<div>Pr\u00e1tica e vers\u00e1til esta Bolsa Tiracolo Stec com al\u00e7a ajust\u00e1vel e fechamento em velcro, pode ser pendurada nos ombros, deixando as m\u00e3os livres. Combina muito bem com o estilo mensageiro, que utiliza para pequenos objetos e ou instrumentos de medi\u00e7\u00e3o. Confeccionada em lona imperme\u00e1vel oferece resist\u00eancia e prote\u00e7\u00e3o contra respingos.<\/div>\n<p>&nbsp;<\/p>\n<div>Capacidade: 7,5L<\/div>\n<div><\/div>\n<div>Material: Lona vin\u00edlica<\/div>\n<div><\/div>\n<div>Peso: 410g<\/div>\n<div><\/div>\n<div>C\u00f3digo: BT01<\/div>\n","protected":false},"featured_media":5132,"comment_status":"open","ping_status":"closed","template":"","meta":[],"product_brand":[],"product_cat":[147,138,32],"product_tag":[],"class_list":{"0":"post-5131","1":"product","2":"type-product","3":"status-publish","4":"has-post-thumbnail","6":"product_cat-bolsas-e-mochilas","7":"product_cat-stec","8":"product_cat-trabalho-em-altura","10":"first","11":"onbackorder","12":"taxable","13":"shipping-taxable","14":"purchasable","15":"product-type-simple"},"_links":{"self":[{"href":"https:\/\/segtotaltreinamentos.com.br\/Loja\/wp-json\/wp\/v2\/product\/5131","targetHints":{"allow":["GET"]}}],"collection":[{"href":"https:\/\/segtotaltreinamentos.com.br\/Loja\/wp-json\/wp\/v2\/product"}],"about":[{"href":"https:\/\/segtotaltreinamentos.com.br\/Loja\/wp-json\/wp\/v2\/types\/product"}],"replies":[{"embeddable":true,"href":"https:\/\/segtotaltreinamentos.com.br\/Loja\/wp-json\/wp\/v2\/comments?post=5131"}],"wp:featuredmedia":[{"embeddable":true,"href":"https:\/\/segtotaltreinamentos.com.br\/Loja\/wp-json\/wp\/v2\/media\/5132"}],"wp:attachment":[{"href":"https:\/\/segtotaltreinamentos.com.br\/Loja\/wp-json\/wp\/v2\/media?parent=5131"}],"wp:term":[{"taxonomy":"product_brand","embeddable":true,"href":"https:\/\/segtotaltreinamentos.com.br\/Loja\/wp-json\/wp\/v2\/product_brand?post=5131"},{"taxonomy":"product_cat","embeddable":true,"href":"https:\/\/segtotaltreinamentos.com.br\/Loja\/wp-json\/wp\/v2\/product_cat?post=5131"},{"taxonomy":"product_tag","embeddable":true,"href":"https:\/\/segtotaltreinamentos.com.br\/Loja\/wp-json\/wp\/v2\/product_tag?post=5131"}],"curies":[{"name":"wp","href":"https:\/\/api.w.org\/{rel}","templated":true}]}}