{"id":5143,"date":"2019-01-12T12:01:50","date_gmt":"2019-01-12T12:01:50","guid":{"rendered":"http:\/\/segtotaltreinamentos.com.br\/Loja\/?post_type=product&#038;p=5143"},"modified":"2019-01-12T18:09:16","modified_gmt":"2019-01-12T18:09:16","slug":"mochila-stec-impermeavel-35-litros-mi01","status":"publish","type":"product","link":"https:\/\/segtotaltreinamentos.com.br\/Loja\/produto\/mochila-stec-impermeavel-35-litros-mi01\/","title":{"rendered":"Mochila Stec Impermeavel 35 litros &#8211; MI01"},"content":{"rendered":"","protected":false},"excerpt":{"rendered":"<div>Mochila Imperme\u00e1vel 35 Litros. Mochila de uso geral, ideal para transporte de materiais e equipamentos diversos. Com al\u00e7as ajust\u00e1veis e abertura com cordim de ajuste. Possui al\u00e7a extra para facilitar o manuseio. Pode ser adquirida nas cores: Azul \/ Preto \/ Vermelho.<\/div>\n<p>&nbsp;<\/p>\n<p>Material: Lona Vin\u00edlica<\/p>\n<p>Capacidade: 35 Litros<\/p>\n<p>Dimens\u00f5es: 40 X 25 X 25 cm<\/p>\n<p>Cores: Azul \/ Preto \/ Vermelho.<\/p>\n<p>Detalhes: Imperme\u00e1vel com al\u00e7a<\/p>\n<p>C\u00f3digo:\u00a0MI01<\/p>\n","protected":false},"featured_media":5144,"comment_status":"open","ping_status":"closed","template":"","meta":[],"product_brand":[],"product_cat":[147,138,32],"product_tag":[],"class_list":{"0":"post-5143","1":"product","2":"type-product","3":"status-publish","4":"has-post-thumbnail","6":"product_cat-bolsas-e-mochilas","7":"product_cat-stec","8":"product_cat-trabalho-em-altura","10":"first","11":"onbackorder","12":"taxable","13":"shipping-taxable","14":"purchasable","15":"product-type-simple"},"_links":{"self":[{"href":"https:\/\/segtotaltreinamentos.com.br\/Loja\/wp-json\/wp\/v2\/product\/5143","targetHints":{"allow":["GET"]}}],"collection":[{"href":"https:\/\/segtotaltreinamentos.com.br\/Loja\/wp-json\/wp\/v2\/product"}],"about":[{"href":"https:\/\/segtotaltreinamentos.com.br\/Loja\/wp-json\/wp\/v2\/types\/product"}],"replies":[{"embeddable":true,"href":"https:\/\/segtotaltreinamentos.com.br\/Loja\/wp-json\/wp\/v2\/comments?post=5143"}],"wp:featuredmedia":[{"embeddable":true,"href":"https:\/\/segtotaltreinamentos.com.br\/Loja\/wp-json\/wp\/v2\/media\/5144"}],"wp:attachment":[{"href":"https:\/\/segtotaltreinamentos.com.br\/Loja\/wp-json\/wp\/v2\/media?parent=5143"}],"wp:term":[{"taxonomy":"product_brand","embeddable":true,"href":"https:\/\/segtotaltreinamentos.com.br\/Loja\/wp-json\/wp\/v2\/product_brand?post=5143"},{"taxonomy":"product_cat","embeddable":true,"href":"https:\/\/segtotaltreinamentos.com.br\/Loja\/wp-json\/wp\/v2\/product_cat?post=5143"},{"taxonomy":"product_tag","embeddable":true,"href":"https:\/\/segtotaltreinamentos.com.br\/Loja\/wp-json\/wp\/v2\/product_tag?post=5143"}],"curies":[{"name":"wp","href":"https:\/\/api.w.org\/{rel}","templated":true}]}}