{"id":5155,"date":"2019-01-12T12:26:55","date_gmt":"2019-01-12T12:26:55","guid":{"rendered":"http:\/\/segtotaltreinamentos.com.br\/Loja\/?post_type=product&#038;p=5155"},"modified":"2019-01-12T18:04:50","modified_gmt":"2019-01-12T18:04:50","slug":"descensor-id-petzl-d20s","status":"publish","type":"product","link":"https:\/\/segtotaltreinamentos.com.br\/Loja\/produto\/descensor-id-petzl-d20s\/","title":{"rendered":"Descensor ID &#8211; Petzl D20S"},"content":{"rendered":"","protected":false},"excerpt":{"rendered":"<div class=\"col-xs-12 col-sm-12 col-md-6\">\n<div class=\"breve-descricao\">\n<div>O I&#8217;D \u00e9 um descensor e aparelho de seguran\u00e7a autoblocante. \u00c9 um descensor pr\u00e1tico e eficiente para descer. Basta puxar a alavanca mantendo a press\u00e3o sobre a corda e controlar a velocidade de deslizamento sobre a corda atrav\u00e9s do chicote. Quando a alavanca for solta, ele travar\u00e1. O I&#8217;D possui uma fun\u00e7\u00e3o anti-p\u00e2nico: ele trava automaticamente quando sua alavanca \u00e9 puxada fortemente. Fabricado em alum\u00ednio anodizado e a\u00e7o inoxid\u00e1vel. A alavanca, muito resistente, \u00e9 de poliamida com fibra de vidro.<\/div>\n<div><\/div>\n<div>Di\u00e2metro da corda: 10 a 11,5 mm.<\/div>\n<div>Peso: 530 g.<\/div>\n<div>Cor: Amarelo.<\/div>\n<div>Material: alum\u00ednio.<\/div>\n<div>Carga de trabalho: 150 kg.<\/div>\n<div>Certifica\u00e7\u00e3o:<\/div>\n<div>&#8211; CE EN 341 classe A<\/div>\n<div>&#8211; CE EN 12841 tipo C<\/div>\n<div>&#8211; NFPA 1983 L<\/div>\n<div>Certifica\u00e7\u00e3o de qualidade do fabricante: ISO 9001<\/div>\n<\/div>\n<\/div>\n","protected":false},"featured_media":5156,"comment_status":"open","ping_status":"closed","template":"","meta":[],"product_brand":[],"product_cat":[146,138,32],"product_tag":[],"class_list":{"0":"post-5155","1":"product","2":"type-product","3":"status-publish","4":"has-post-thumbnail","6":"product_cat-descensores","7":"product_cat-stec","8":"product_cat-trabalho-em-altura","10":"first","11":"onbackorder","12":"taxable","13":"shipping-taxable","14":"purchasable","15":"product-type-simple"},"_links":{"self":[{"href":"https:\/\/segtotaltreinamentos.com.br\/Loja\/wp-json\/wp\/v2\/product\/5155","targetHints":{"allow":["GET"]}}],"collection":[{"href":"https:\/\/segtotaltreinamentos.com.br\/Loja\/wp-json\/wp\/v2\/product"}],"about":[{"href":"https:\/\/segtotaltreinamentos.com.br\/Loja\/wp-json\/wp\/v2\/types\/product"}],"replies":[{"embeddable":true,"href":"https:\/\/segtotaltreinamentos.com.br\/Loja\/wp-json\/wp\/v2\/comments?post=5155"}],"wp:featuredmedia":[{"embeddable":true,"href":"https:\/\/segtotaltreinamentos.com.br\/Loja\/wp-json\/wp\/v2\/media\/5156"}],"wp:attachment":[{"href":"https:\/\/segtotaltreinamentos.com.br\/Loja\/wp-json\/wp\/v2\/media?parent=5155"}],"wp:term":[{"taxonomy":"product_brand","embeddable":true,"href":"https:\/\/segtotaltreinamentos.com.br\/Loja\/wp-json\/wp\/v2\/product_brand?post=5155"},{"taxonomy":"product_cat","embeddable":true,"href":"https:\/\/segtotaltreinamentos.com.br\/Loja\/wp-json\/wp\/v2\/product_cat?post=5155"},{"taxonomy":"product_tag","embeddable":true,"href":"https:\/\/segtotaltreinamentos.com.br\/Loja\/wp-json\/wp\/v2\/product_tag?post=5155"}],"curies":[{"name":"wp","href":"https:\/\/api.w.org\/{rel}","templated":true}]}}