{"id":5177,"date":"2019-01-12T13:23:30","date_gmt":"2019-01-12T13:23:30","guid":{"rendered":"http:\/\/segtotaltreinamentos.com.br\/Loja\/?post_type=product&#038;p=5177"},"modified":"2019-11-03T19:54:26","modified_gmt":"2019-11-03T19:54:26","slug":"anel-de-fita-stec-80-cm-ft80","status":"publish","type":"product","link":"https:\/\/segtotaltreinamentos.com.br\/Loja\/produto\/anel-de-fita-stec-80-cm-ft80\/","title":{"rendered":"Anel de Fita Stec 80 cm &#8211; FT80"},"content":{"rendered":"<p><a href=\"https:\/\/segtotaltreinamentos.com.br\/Loja\/wp-content\/uploads\/2019\/01\/manual-anel-de-fita-ft80-ft100-ft120-ft150-pdf_1411999836.pdf\">manual-anel-de-fita-ft80-ft100-ft120-ft150-pdf_1411999836<\/a><\/p>\n","protected":false},"excerpt":{"rendered":"<div>Anel de Fita Stec Azul 80 cm &#8211;\u00a0FT80.<\/div>\n<div>As fitas de amarra\u00e7\u00e3o Stec, fabricadas com poliester de alta resist\u00eancia costuradas eletronicamente com 25 mm de largura possui diferentes tamanhos: 80, 100, 120 e 150 cm. Carga de ruptura 22 KN. Facilita a instala\u00e7\u00e3o dos pontos de ancoragem, equaliza\u00e7\u00f5es de cargas, desvios e i\u00e7ar cargas.<\/div>\n<div><\/div>\n<p>&nbsp;<\/p>\n<div>Comprimento: 80cm<\/div>\n<div><\/div>\n<div>Material: Poliester<\/div>\n<div><\/div>\n<div>Carga M\u00ednima de Ruptura: 22kN<\/div>\n<div><\/div>\n<div>Peso: 70g<\/div>\n<div><\/div>\n<div>C\u00f3digo: FT80<\/div>\n","protected":false},"featured_media":5178,"comment_status":"open","ping_status":"closed","template":"","meta":[],"product_brand":[],"product_cat":[105,144,138,32],"product_tag":[],"class_list":{"0":"post-5177","1":"product","2":"type-product","3":"status-publish","4":"has-post-thumbnail","6":"product_cat-espaco-confinado","7":"product_cat-fitas","8":"product_cat-stec","9":"product_cat-trabalho-em-altura","11":"first","12":"onbackorder","13":"taxable","14":"shipping-taxable","15":"purchasable","16":"product-type-simple"},"_links":{"self":[{"href":"https:\/\/segtotaltreinamentos.com.br\/Loja\/wp-json\/wp\/v2\/product\/5177","targetHints":{"allow":["GET"]}}],"collection":[{"href":"https:\/\/segtotaltreinamentos.com.br\/Loja\/wp-json\/wp\/v2\/product"}],"about":[{"href":"https:\/\/segtotaltreinamentos.com.br\/Loja\/wp-json\/wp\/v2\/types\/product"}],"replies":[{"embeddable":true,"href":"https:\/\/segtotaltreinamentos.com.br\/Loja\/wp-json\/wp\/v2\/comments?post=5177"}],"wp:featuredmedia":[{"embeddable":true,"href":"https:\/\/segtotaltreinamentos.com.br\/Loja\/wp-json\/wp\/v2\/media\/5178"}],"wp:attachment":[{"href":"https:\/\/segtotaltreinamentos.com.br\/Loja\/wp-json\/wp\/v2\/media?parent=5177"}],"wp:term":[{"taxonomy":"product_brand","embeddable":true,"href":"https:\/\/segtotaltreinamentos.com.br\/Loja\/wp-json\/wp\/v2\/product_brand?post=5177"},{"taxonomy":"product_cat","embeddable":true,"href":"https:\/\/segtotaltreinamentos.com.br\/Loja\/wp-json\/wp\/v2\/product_cat?post=5177"},{"taxonomy":"product_tag","embeddable":true,"href":"https:\/\/segtotaltreinamentos.com.br\/Loja\/wp-json\/wp\/v2\/product_tag?post=5177"}],"curies":[{"name":"wp","href":"https:\/\/api.w.org\/{rel}","templated":true}]}}