{"id":5195,"date":"2019-01-12T14:02:37","date_gmt":"2019-01-12T14:02:37","guid":{"rendered":"http:\/\/segtotaltreinamentos.com.br\/Loja\/?post_type=product&#038;p=5195"},"modified":"2019-11-16T14:19:26","modified_gmt":"2019-11-16T14:19:26","slug":"protetor-de-corda-stec-rp70","status":"publish","type":"product","link":"https:\/\/segtotaltreinamentos.com.br\/Loja\/produto\/protetor-de-corda-stec-rp70\/","title":{"rendered":"Protetor de Corda Stec &#8211; RP70"},"content":{"rendered":"<p><a href=\"https:\/\/segtotaltreinamentos.com.br\/Loja\/wp-content\/uploads\/2019\/01\/Protetor-de-Corda-Stec-\u2013-RP70.pdf\">Protetor de Corda Stec \u2013 RP70<\/a><\/p>\n","protected":false},"excerpt":{"rendered":"<p>O Protetor de corda Stec RP 70 \u00e9 utilizado para proteger a capa da corda de arestas cortantes, pontos de atrito e outros objetos que possam causar danos a corda. Fabricado com lona possui um cordin de fixa\u00e7\u00e3o, o que permite o mesmo a ser instalado de forma r\u00e1pida e pratica.<\/p>\n<p>&nbsp;<\/p>\n<p>Material: Lona<\/p>\n<p>Tamanho: 70 cm<\/p>\n<p>Cor: Preta<\/p>\n<p>Peso: 95 g<\/p>\n<p>C\u00f3digo:\u00a0RP70<\/p>\n","protected":false},"featured_media":5196,"comment_status":"open","ping_status":"closed","template":"","meta":[],"product_brand":[],"product_cat":[142,138,32],"product_tag":[],"class_list":{"0":"post-5195","1":"product","2":"type-product","3":"status-publish","4":"has-post-thumbnail","6":"product_cat-protetores-de-corda","7":"product_cat-stec","8":"product_cat-trabalho-em-altura","10":"first","11":"onbackorder","12":"taxable","13":"shipping-taxable","14":"purchasable","15":"product-type-simple"},"_links":{"self":[{"href":"https:\/\/segtotaltreinamentos.com.br\/Loja\/wp-json\/wp\/v2\/product\/5195","targetHints":{"allow":["GET"]}}],"collection":[{"href":"https:\/\/segtotaltreinamentos.com.br\/Loja\/wp-json\/wp\/v2\/product"}],"about":[{"href":"https:\/\/segtotaltreinamentos.com.br\/Loja\/wp-json\/wp\/v2\/types\/product"}],"replies":[{"embeddable":true,"href":"https:\/\/segtotaltreinamentos.com.br\/Loja\/wp-json\/wp\/v2\/comments?post=5195"}],"wp:featuredmedia":[{"embeddable":true,"href":"https:\/\/segtotaltreinamentos.com.br\/Loja\/wp-json\/wp\/v2\/media\/5196"}],"wp:attachment":[{"href":"https:\/\/segtotaltreinamentos.com.br\/Loja\/wp-json\/wp\/v2\/media?parent=5195"}],"wp:term":[{"taxonomy":"product_brand","embeddable":true,"href":"https:\/\/segtotaltreinamentos.com.br\/Loja\/wp-json\/wp\/v2\/product_brand?post=5195"},{"taxonomy":"product_cat","embeddable":true,"href":"https:\/\/segtotaltreinamentos.com.br\/Loja\/wp-json\/wp\/v2\/product_cat?post=5195"},{"taxonomy":"product_tag","embeddable":true,"href":"https:\/\/segtotaltreinamentos.com.br\/Loja\/wp-json\/wp\/v2\/product_tag?post=5195"}],"curies":[{"name":"wp","href":"https:\/\/api.w.org\/{rel}","templated":true}]}}