{"id":5198,"date":"2019-01-12T14:27:54","date_gmt":"2019-01-12T14:27:54","guid":{"rendered":"http:\/\/segtotaltreinamentos.com.br\/Loja\/?post_type=product&#038;p=5198"},"modified":"2019-11-03T19:38:12","modified_gmt":"2019-11-03T19:38:12","slug":"polia-dupla-de-aluminio-em-linha-stec-tp973","status":"publish","type":"product","link":"https:\/\/segtotaltreinamentos.com.br\/Loja\/produto\/polia-dupla-de-aluminio-em-linha-stec-tp973\/","title":{"rendered":"Polia Dupla de Alum\u00ednio em Linha Stec &#8211; TP973"},"content":{"rendered":"<p><a href=\"https:\/\/segtotaltreinamentos.com.br\/Loja\/wp-content\/uploads\/2019\/01\/manual-polia-dupla-em-linha-tp973-stec-pdf-pdf_1506538736.pdf\">manual-polia-dupla-em-linha-tp973-stec-pdf-pdf_1506538736<\/a><\/p>\n","protected":false},"excerpt":{"rendered":"<p>Polia Dupla de Alum\u00ednio em linha Stec.<\/p>\n<p>A Polia Dupla Stec tem duas roldanas de alum\u00ednio e corpo em forma de &#8220;U&#8221; que oferece maior seguran\u00e7a. Montada como um carrinho esta roldana \u00e9 muito utilizada em sistemas de desmultiplica\u00e7\u00e3o de carga e resgate. Quando fixada em uma linha em desn\u00edvel funciona como um carrinho de teleferico podendo ser usada tambem para tirolesas.<\/p>\n<p>&nbsp;<\/p>\n<p>Material: Alum\u00ednio<\/p>\n<p>Carga de trabalho: 22 kN<\/p>\n<p>Cor: Vermelha<\/p>\n<p>Peso: 310 g<\/p>\n<p>C\u00f3digo:\u00a0TP973<\/p>\n","protected":false},"featured_media":5199,"comment_status":"open","ping_status":"closed","template":"","meta":[],"product_brand":[],"product_cat":[105,141,138,32],"product_tag":[],"class_list":{"0":"post-5198","1":"product","2":"type-product","3":"status-publish","4":"has-post-thumbnail","6":"product_cat-espaco-confinado","7":"product_cat-polias","8":"product_cat-stec","9":"product_cat-trabalho-em-altura","11":"first","12":"onbackorder","13":"taxable","14":"shipping-taxable","15":"purchasable","16":"product-type-simple"},"_links":{"self":[{"href":"https:\/\/segtotaltreinamentos.com.br\/Loja\/wp-json\/wp\/v2\/product\/5198","targetHints":{"allow":["GET"]}}],"collection":[{"href":"https:\/\/segtotaltreinamentos.com.br\/Loja\/wp-json\/wp\/v2\/product"}],"about":[{"href":"https:\/\/segtotaltreinamentos.com.br\/Loja\/wp-json\/wp\/v2\/types\/product"}],"replies":[{"embeddable":true,"href":"https:\/\/segtotaltreinamentos.com.br\/Loja\/wp-json\/wp\/v2\/comments?post=5198"}],"wp:featuredmedia":[{"embeddable":true,"href":"https:\/\/segtotaltreinamentos.com.br\/Loja\/wp-json\/wp\/v2\/media\/5199"}],"wp:attachment":[{"href":"https:\/\/segtotaltreinamentos.com.br\/Loja\/wp-json\/wp\/v2\/media?parent=5198"}],"wp:term":[{"taxonomy":"product_brand","embeddable":true,"href":"https:\/\/segtotaltreinamentos.com.br\/Loja\/wp-json\/wp\/v2\/product_brand?post=5198"},{"taxonomy":"product_cat","embeddable":true,"href":"https:\/\/segtotaltreinamentos.com.br\/Loja\/wp-json\/wp\/v2\/product_cat?post=5198"},{"taxonomy":"product_tag","embeddable":true,"href":"https:\/\/segtotaltreinamentos.com.br\/Loja\/wp-json\/wp\/v2\/product_tag?post=5198"}],"curies":[{"name":"wp","href":"https:\/\/api.w.org\/{rel}","templated":true}]}}