{"id":5208,"date":"2019-01-12T15:35:12","date_gmt":"2019-01-12T15:35:12","guid":{"rendered":"http:\/\/segtotaltreinamentos.com.br\/Loja\/?post_type=product&#038;p=5208"},"modified":"2019-11-03T19:33:59","modified_gmt":"2019-11-03T19:33:59","slug":"conector-d-stec-45-kn-2448sg","status":"publish","type":"product","link":"https:\/\/segtotaltreinamentos.com.br\/Loja\/produto\/conector-d-stec-45-kn-2448sg\/","title":{"rendered":"Conector D Stec 45 kN &#8211; 2448SG"},"content":{"rendered":"<p><a href=\"https:\/\/segtotaltreinamentos.com.br\/Loja\/wp-content\/uploads\/2019\/01\/manual-conector-cds-b-45-kn-pdf_1490116483.pdf\">manual-conector-cds-b-45-kn-pdf_1490116483<\/a><\/p>\n","protected":false},"excerpt":{"rendered":"<div class=\"col-xs-12 col-sm-12 col-md-6\">\n<div class=\"breve-descricao\">\n<div>Conector\u00a0de A\u00e7o Forma D c\/ Trava de Rosca 45 KN \u00e9 um dispositivo de liga\u00e7\u00e3o entre componentes de um sistema de seguran\u00e7a. Para responder a diferentes condi\u00e7\u00f5es encontradas, os conectores D assim\u00e9tricos Stec s\u00e3o utilizados para trabalhos de acesso por corda, trabalho em altura, resgate e outras em geral. Sua polival\u00eancia permite montar ancoragens, conectar-se a estruturas met\u00e1licas, cintos, descensores e sistemas anti-queda. Com um sistema de trava por rosca manual, o conector D assim\u00e9trico da Stec, tem formato que proporciona maior resist\u00eancia quando utilizado em trabalhos pesados como sistemas de carga.<\/div>\n<p>Material: A\u00e7o<\/p>\n<p>Modelo: D<\/p>\n<p>Peso: 240g<\/p>\n<p>Certifica\u00e7\u00e3o:\u00a0NBR 15837:2010 \/ EN362:2004\/B<\/p>\n<p>C\u00f3digo: 2448SG<\/p>\n<\/div>\n<\/div>\n","protected":false},"featured_media":5209,"comment_status":"open","ping_status":"closed","template":"","meta":[],"product_brand":[],"product_cat":[105,140,138,32],"product_tag":[],"class_list":{"0":"post-5208","1":"product","2":"type-product","3":"status-publish","4":"has-post-thumbnail","6":"product_cat-espaco-confinado","7":"product_cat-mosquetoes","8":"product_cat-stec","9":"product_cat-trabalho-em-altura","11":"first","12":"onbackorder","13":"taxable","14":"shipping-taxable","15":"purchasable","16":"product-type-simple"},"_links":{"self":[{"href":"https:\/\/segtotaltreinamentos.com.br\/Loja\/wp-json\/wp\/v2\/product\/5208","targetHints":{"allow":["GET"]}}],"collection":[{"href":"https:\/\/segtotaltreinamentos.com.br\/Loja\/wp-json\/wp\/v2\/product"}],"about":[{"href":"https:\/\/segtotaltreinamentos.com.br\/Loja\/wp-json\/wp\/v2\/types\/product"}],"replies":[{"embeddable":true,"href":"https:\/\/segtotaltreinamentos.com.br\/Loja\/wp-json\/wp\/v2\/comments?post=5208"}],"wp:featuredmedia":[{"embeddable":true,"href":"https:\/\/segtotaltreinamentos.com.br\/Loja\/wp-json\/wp\/v2\/media\/5209"}],"wp:attachment":[{"href":"https:\/\/segtotaltreinamentos.com.br\/Loja\/wp-json\/wp\/v2\/media?parent=5208"}],"wp:term":[{"taxonomy":"product_brand","embeddable":true,"href":"https:\/\/segtotaltreinamentos.com.br\/Loja\/wp-json\/wp\/v2\/product_brand?post=5208"},{"taxonomy":"product_cat","embeddable":true,"href":"https:\/\/segtotaltreinamentos.com.br\/Loja\/wp-json\/wp\/v2\/product_cat?post=5208"},{"taxonomy":"product_tag","embeddable":true,"href":"https:\/\/segtotaltreinamentos.com.br\/Loja\/wp-json\/wp\/v2\/product_tag?post=5208"}],"curies":[{"name":"wp","href":"https:\/\/api.w.org\/{rel}","templated":true}]}}