{"id":5221,"date":"2019-01-12T16:00:30","date_gmt":"2019-01-12T16:00:30","guid":{"rendered":"http:\/\/segtotaltreinamentos.com.br\/Loja\/?post_type=product&#038;p=5221"},"modified":"2019-01-31T16:29:52","modified_gmt":"2019-01-31T16:29:52","slug":"cinto-ra-complet-stec-aluminio-cc202","status":"publish","type":"product","link":"https:\/\/segtotaltreinamentos.com.br\/Loja\/produto\/cinto-ra-complet-stec-aluminio-cc202\/","title":{"rendered":"Cinto RA Complet Stec Alum\u00ednio CC202"},"content":{"rendered":"<p><a href=\"https:\/\/segtotaltreinamentos.com.br\/Loja\/wp-content\/uploads\/2019\/01\/manual-conector-hms-stec-072016-pdf_1468245669.pdf\">manual-conector-hms-stec-072016-pdf_1468245669<\/a><\/p>\n<p><a href=\"https:\/\/segtotaltreinamentos.com.br\/Loja\/wp-content\/uploads\/2019\/01\/manual-cinto-ra-complet-lote-rev-062016-pdf_1468246098.pdf\">manual-cinto-ra-complet-lote-rev-062016-pdf_1468246098<\/a><\/p>\n<p><a href=\"https:\/\/segtotaltreinamentos.com.br\/Loja\/wp-content\/uploads\/2019\/01\/ca-36677-cc202-pdf_1496249682.pdf\">ca-36677-cc202-pdf_1496249682<\/a><\/p>\n","protected":false},"excerpt":{"rendered":"<p>Cintur\u00e3o de Seguran\u00e7a TIPO PARA-QUEDISTA\u00a0desenvolvido para acesso por corda ou atividades em altura que envolva risco de queda.\u00a0O\u00a0<b>Cinto RA Complet Alum\u00ednio<\/b>\u00a0<b>CC202<\/b>\u00a0possui seis fivelas em a\u00e7o inox, cintura acolchoada, e elementos de engate em alum\u00ednio, o que o torna mais leve e confort\u00e1vel podendo ser utilizado por longas horas em trabalhos, treinamentos e instru\u00e7\u00f5es. Cinco pontos de ancoragem. Este equipamento atende as normas\u00a0<b>NBR 15835:2010<\/b>\u00a0\/\u00a0<b>NBR 15836:2010<\/b>\u00a0\/\u00a0<b>EN 361 \/ CA 36677.<\/b><\/p>\n<p>&nbsp;<\/p>\n<div>Material: Fita Poli\u00e9ster<\/div>\n<div><\/div>\n<div>Material: Argola alum\u00ednio<\/div>\n<div><\/div>\n<div>Certifica\u00e7\u00e3o: CA 36677 &#8211;\u00a0NBR 15835:2010 &#8211; NBR 15836:2010<\/div>\n<div><\/div>\n<div>Peso: 2050g<\/div>\n<div><\/div>\n<div>C\u00f3digo: CC202<\/div>\n","protected":false},"featured_media":5222,"comment_status":"open","ping_status":"closed","template":"","meta":[],"product_brand":[],"product_cat":[139,138,32],"product_tag":[],"class_list":{"0":"post-5221","1":"product","2":"type-product","3":"status-publish","4":"has-post-thumbnail","6":"product_cat-cintos-de-seguranca","7":"product_cat-stec","8":"product_cat-trabalho-em-altura","10":"first","11":"onbackorder","12":"taxable","13":"shipping-taxable","14":"purchasable","15":"product-type-simple"},"_links":{"self":[{"href":"https:\/\/segtotaltreinamentos.com.br\/Loja\/wp-json\/wp\/v2\/product\/5221","targetHints":{"allow":["GET"]}}],"collection":[{"href":"https:\/\/segtotaltreinamentos.com.br\/Loja\/wp-json\/wp\/v2\/product"}],"about":[{"href":"https:\/\/segtotaltreinamentos.com.br\/Loja\/wp-json\/wp\/v2\/types\/product"}],"replies":[{"embeddable":true,"href":"https:\/\/segtotaltreinamentos.com.br\/Loja\/wp-json\/wp\/v2\/comments?post=5221"}],"wp:featuredmedia":[{"embeddable":true,"href":"https:\/\/segtotaltreinamentos.com.br\/Loja\/wp-json\/wp\/v2\/media\/5222"}],"wp:attachment":[{"href":"https:\/\/segtotaltreinamentos.com.br\/Loja\/wp-json\/wp\/v2\/media?parent=5221"}],"wp:term":[{"taxonomy":"product_brand","embeddable":true,"href":"https:\/\/segtotaltreinamentos.com.br\/Loja\/wp-json\/wp\/v2\/product_brand?post=5221"},{"taxonomy":"product_cat","embeddable":true,"href":"https:\/\/segtotaltreinamentos.com.br\/Loja\/wp-json\/wp\/v2\/product_cat?post=5221"},{"taxonomy":"product_tag","embeddable":true,"href":"https:\/\/segtotaltreinamentos.com.br\/Loja\/wp-json\/wp\/v2\/product_tag?post=5221"}],"curies":[{"name":"wp","href":"https:\/\/api.w.org\/{rel}","templated":true}]}}