{"id":5263,"date":"2019-01-22T16:55:11","date_gmt":"2019-01-22T16:55:11","guid":{"rendered":"http:\/\/segtotaltreinamentos.com.br\/Loja\/?post_type=product&#038;p=5263"},"modified":"2019-01-23T18:46:07","modified_gmt":"2019-01-23T18:46:07","slug":"luva-anticorte-edge-ansell-48-701","status":"publish","type":"product","link":"https:\/\/segtotaltreinamentos.com.br\/Loja\/produto\/luva-anticorte-edge-ansell-48-701\/","title":{"rendered":"LUVA ANTICORTE EDGE ANSELL 48-701"},"content":{"rendered":"<p><a href=\"https:\/\/segtotaltreinamentos.com.br\/Loja\/wp-content\/uploads\/2019\/01\/48-701.pdf\">48-701<\/a><\/p>\n","protected":false},"excerpt":{"rendered":"<p>CA33859<\/p>\n<p>Descri\u00e7\u00e3o<br \/>\nLuva de seguran\u00e7a tricotada em fio de nylon em combina\u00e7\u00e3o com fibras de vidro, algod\u00e3o, poli\u00e9ster e fibras el\u00e1sticas; revestida em poliuretano na palma, dedos e parcialmente no dorso, punho tricotado nos mesmos fios.<br \/>\nForro sem costura e punho tricotado para um ajuste perfeito em aplica\u00e7\u00f5es que requerem resist\u00eancia ao corte, al\u00e9m de um alto n\u00edvel de resist\u00eancia a abras\u00e3o, bom ajuste e sensibilidade. Revestimento da palma em PU oferece prote\u00e7\u00e3o em ambientes ligeiramente oleosos.<br \/>\nAlto n\u00edvel de resist\u00eancia ao corte em ambientes secos ou ligeiramente oleosos.<br \/>\nMarca: ANSELL<br \/>\nCertificado de aprova\u00e7\u00e3o (CA) :<br \/>\nFundi\u00e7\u00e3o \u00b7 Manuseio de materiais em geral \u00b7 Barras de a\u00e7o, chapas, latas e outros \u00b7 Produtos de metal \u00b7 Servi\u00e7os com cabos pesados<\/p>\n<p>DESCRI\u00c7\u00c3O \u00b7<br \/>\nFeita com forro sem costura e punho tricotado, para um ajuste perfeito em aplica\u00e7\u00f5es que requerem resist\u00eancia ao corte \u00b7 Boa destreza e flexibilidade \u00b7 Oferece resist\u00eancia \u00e0 abras\u00e3o, bom ajuste e sensibilidade \u00b7 O revestimento de palma em PU oferece prote\u00e7\u00e3o para o trabalhador, em ambientes ligeiramente oleosos \u00b7 Uma alternativa eficiente e \u00f3tima rela\u00e7\u00e3o entre custo e benef\u00edcio, comparado a produtos de couro, algod\u00e3o ou aramida<\/p>\n","protected":false},"featured_media":5264,"comment_status":"open","ping_status":"closed","template":"","meta":[],"product_brand":[],"product_cat":[154,6,7],"product_tag":[],"class_list":{"0":"post-5263","1":"product","2":"type-product","3":"status-publish","4":"has-post-thumbnail","6":"product_cat-ansell","7":"product_cat-luvas","8":"product_cat-luvas-anticorte","10":"first","11":"onbackorder","12":"taxable","13":"shipping-taxable","14":"purchasable","15":"product-type-variable"},"_links":{"self":[{"href":"https:\/\/segtotaltreinamentos.com.br\/Loja\/wp-json\/wp\/v2\/product\/5263","targetHints":{"allow":["GET"]}}],"collection":[{"href":"https:\/\/segtotaltreinamentos.com.br\/Loja\/wp-json\/wp\/v2\/product"}],"about":[{"href":"https:\/\/segtotaltreinamentos.com.br\/Loja\/wp-json\/wp\/v2\/types\/product"}],"replies":[{"embeddable":true,"href":"https:\/\/segtotaltreinamentos.com.br\/Loja\/wp-json\/wp\/v2\/comments?post=5263"}],"wp:featuredmedia":[{"embeddable":true,"href":"https:\/\/segtotaltreinamentos.com.br\/Loja\/wp-json\/wp\/v2\/media\/5264"}],"wp:attachment":[{"href":"https:\/\/segtotaltreinamentos.com.br\/Loja\/wp-json\/wp\/v2\/media?parent=5263"}],"wp:term":[{"taxonomy":"product_brand","embeddable":true,"href":"https:\/\/segtotaltreinamentos.com.br\/Loja\/wp-json\/wp\/v2\/product_brand?post=5263"},{"taxonomy":"product_cat","embeddable":true,"href":"https:\/\/segtotaltreinamentos.com.br\/Loja\/wp-json\/wp\/v2\/product_cat?post=5263"},{"taxonomy":"product_tag","embeddable":true,"href":"https:\/\/segtotaltreinamentos.com.br\/Loja\/wp-json\/wp\/v2\/product_tag?post=5263"}],"curies":[{"name":"wp","href":"https:\/\/api.w.org\/{rel}","templated":true}]}}