{"id":5447,"date":"2019-04-05T18:14:15","date_gmt":"2019-04-05T18:14:15","guid":{"rendered":"http:\/\/segtotaltreinamentos.com.br\/Loja\/?post_type=product&#038;p=5447"},"modified":"2021-02-20T11:52:23","modified_gmt":"2021-02-20T11:52:23","slug":"ss-62-calcado-de-seguranca-para-eletrecistas","status":"publish","type":"product","link":"https:\/\/segtotaltreinamentos.com.br\/Loja\/produto\/ss-62-calcado-de-seguranca-para-eletrecistas\/","title":{"rendered":"SS 62 &#8211; CAL\u00c7ADO DE SEGURAN\u00c7A PARA ELETRECISTAS"},"content":{"rendered":"<div>Modelo: SS-6264000<\/div>\n<div>CA- 42472<\/div>\n<div><\/div>\n<div>Prazo de entrega: 30 dias<\/div>\n","protected":false},"excerpt":{"rendered":"<p>Sapato de El\u00e1stico com microfibra para uso de eletricistas<\/p>\n<p>Sapato ocupacional em microfibra, com el\u00e1stico nas laterais, sem componentes met\u00e1licos. Possui palmilha interna remov\u00edvel em EVA com tratamento antimicr\u00f3bios. Solado bidensidade, bicomponente em poliuretano PU com borracha. Indicado para \u00e1reas que apresentam riscos de natureza leve e em instala\u00e7\u00f5es el\u00e9tricas de baixa tens\u00e3o ( at\u00e9 500 V ) em ambiente seco, uniformizando e garantindo conforto aos p\u00e9s dos usu\u00e1rios.<\/p>\n","protected":false},"featured_media":24414,"comment_status":"open","ping_status":"closed","template":"","meta":[],"product_brand":[],"product_cat":[16,82,17,102],"product_tag":[],"class_list":{"0":"post-5447","1":"product","2":"type-product","3":"status-publish","4":"has-post-thumbnail","6":"product_cat-calcados","7":"product_cat-conforto","8":"product_cat-economico","9":"product_cat-uniforme-nr-10","11":"first","12":"outofstock","13":"taxable","14":"shipping-taxable","15":"purchasable","16":"product-type-simple"},"_links":{"self":[{"href":"https:\/\/segtotaltreinamentos.com.br\/Loja\/wp-json\/wp\/v2\/product\/5447","targetHints":{"allow":["GET"]}}],"collection":[{"href":"https:\/\/segtotaltreinamentos.com.br\/Loja\/wp-json\/wp\/v2\/product"}],"about":[{"href":"https:\/\/segtotaltreinamentos.com.br\/Loja\/wp-json\/wp\/v2\/types\/product"}],"replies":[{"embeddable":true,"href":"https:\/\/segtotaltreinamentos.com.br\/Loja\/wp-json\/wp\/v2\/comments?post=5447"}],"wp:featuredmedia":[{"embeddable":true,"href":"https:\/\/segtotaltreinamentos.com.br\/Loja\/wp-json\/wp\/v2\/media\/24414"}],"wp:attachment":[{"href":"https:\/\/segtotaltreinamentos.com.br\/Loja\/wp-json\/wp\/v2\/media?parent=5447"}],"wp:term":[{"taxonomy":"product_brand","embeddable":true,"href":"https:\/\/segtotaltreinamentos.com.br\/Loja\/wp-json\/wp\/v2\/product_brand?post=5447"},{"taxonomy":"product_cat","embeddable":true,"href":"https:\/\/segtotaltreinamentos.com.br\/Loja\/wp-json\/wp\/v2\/product_cat?post=5447"},{"taxonomy":"product_tag","embeddable":true,"href":"https:\/\/segtotaltreinamentos.com.br\/Loja\/wp-json\/wp\/v2\/product_tag?post=5447"}],"curies":[{"name":"wp","href":"https:\/\/api.w.org\/{rel}","templated":true}]}}