{"id":5472,"date":"2019-04-06T15:09:43","date_gmt":"2019-04-06T15:09:43","guid":{"rendered":"http:\/\/segtotaltreinamentos.com.br\/Loja\/?post_type=product&#038;p=5472"},"modified":"2019-04-08T12:57:48","modified_gmt":"2019-04-08T12:57:48","slug":"talabarte-de-posicionamento-ajustavel-em-corda-de-poliamida-vic-21-226","status":"publish","type":"product","link":"https:\/\/segtotaltreinamentos.com.br\/Loja\/produto\/talabarte-de-posicionamento-ajustavel-em-corda-de-poliamida-vic-21-226\/","title":{"rendered":"Talabarte de posicionamento ajust\u00e1vel em corda de poliamida VIC-21.226"},"content":{"rendered":"<p><a href=\"https:\/\/segtotaltreinamentos.com.br\/Loja\/wp-content\/uploads\/2019\/04\/talabarte_vic21226.pdf\">talabarte_vic21226<\/a><\/p>\n<p><a href=\"https:\/\/segtotaltreinamentos.com.br\/Loja\/wp-content\/uploads\/2019\/04\/manual_de_instru\u00e7\u00f5es_talabartes_de_seguran\u00e7a_de_posicionamento.pdf\">manual_de_instru\u00e7\u00f5es_talabartes_de_seguran\u00e7a_de_posicionamento<\/a><\/p>\n","protected":false},"excerpt":{"rendered":"<p><b>C\u00f3digo:<br \/>\n<\/b><span style=\"display: inline !important; float: none; background-color: transparent; color: #000000; font-family: 'lato'; font-size: 16px; font-size-adjust: none; font-stretch: 100%; font-style: normal; font-variant: normal; font-weight: 400; letter-spacing: normal; line-height: 20px; orphans: 2; text-align: left; text-decoration: none; text-indent: 0px; text-transform: none; -webkit-text-stroke-width: 0px; white-space: normal; word-spacing: 0px;\">VIC-21.226<\/span><br \/>\n<b>Tamanho(s):<\/b><span style=\"display: inline !important; float: none; background-color: transparent; color: #000000; font-family: 'lato'; font-size: 16px; font-size-adjust: none; font-stretch: 100%; font-style: normal; font-variant: normal; font-weight: 400; letter-spacing: normal; line-height: 20px; orphans: 2; text-align: left; text-decoration: none; text-indent: 0px; text-transform: none; -webkit-text-stroke-width: 0px; white-space: normal; word-spacing: 0px;\"> n\u00e3o aplic\u00e1vel<\/span><br \/>\n<b>Cor:<\/b><span style=\"display: inline !important; float: none; background-color: transparent; color: #000000; font-family: 'lato'; font-size: 16px; font-size-adjust: none; font-stretch: 100%; font-style: normal; font-variant: normal; font-weight: 400; letter-spacing: normal; line-height: 20px; orphans: 2; text-align: left; text-decoration: none; text-indent: 0px; text-transform: none; -webkit-text-stroke-width: 0px; white-space: normal; word-spacing: 0px;\"> branca<\/span><br \/>\n<b>Normas T\u00e9cnicas:<\/b><span style=\"display: inline !important; float: none; background-color: transparent; color: #000000; font-family: 'lato'; font-size: 16px; font-size-adjust: none; font-stretch: 100%; font-style: normal; font-variant: normal; font-weight: 400; letter-spacing: normal; line-height: 20px; orphans: 2; text-align: left; text-decoration: none; text-indent: 0px; text-transform: none; -webkit-text-stroke-width: 0px; white-space: normal; word-spacing: 0px;\"> ABNT NBR 15835:2010<\/span><\/p>\n<div id=\"corpo-van-prod\">\n<div id=\"txt-van-prod\">\n<p><b>Benef\u00edcios<\/b><\/p>\n<ul>\n<li><img decoding=\"async\" src=\"https:\/\/www.vicsa.com.br\/wp-content\/uploads\/2017\/12\/beneficio-aprovado-vicsa.png\" \/>Chip NFC para inspe\u00e7\u00e3o atrav\u00e9s do celular &#8211; Mob Check<\/li>\n<li><img decoding=\"async\" src=\"https:\/\/www.vicsa.com.br\/wp-content\/uploads\/2017\/12\/beneficio-aprovado-vicsa.png\" \/>Protetor de corda em material sint\u00e9tico de alta resist\u00eancia com fechamento em velcro que permite e facilita \u00e0 sua reposi\u00e7\u00e3o<\/li>\n<\/ul>\n<\/div>\n<\/div>\n<div id=\"corpo-desc-prod\"><b>Descri\u00e7\u00e3o<\/b><br \/>\n<a href=\"https:\/\/www.vicsa.com.br\/produtos\/equipamentos-de-altura-epi\/talabartes-de-seguranca\/\">Talabarte<\/a> de posicionamento\/restri\u00e7\u00e3o ajust\u00e1vel, confeccionado em corda de poliamida de 16 mm, possui 1 conector classe T em a\u00e7o com abertura de 20 mm e 1 conector em a\u00e7o com abertura de 20 mm. Comprimento de 0,90 a 1,80 m.<\/div>\n<div id=\"corpo-desc-prod\">\n<div id=\"txt-van-prod\">\n<p><b>Aplica\u00e7\u00f5es<\/b><\/p>\n<ul>\n<li><img decoding=\"async\" src=\"https:\/\/www.vicsa.com.br\/wp-content\/uploads\/2017\/12\/beneficio-aprovado-vicsa.png\" \/>Atividades nas quais se necessita trabalhar posicionado ou para restringir os movimentos do trabalhador<\/li>\n<\/ul>\n<\/div>\n<\/div>\n","protected":false},"featured_media":5473,"comment_status":"open","ping_status":"closed","template":"","meta":[],"product_brand":[],"product_cat":[143,32,80],"product_tag":[],"class_list":{"0":"post-5472","1":"product","2":"type-product","3":"status-publish","4":"has-post-thumbnail","6":"product_cat-talabartes","7":"product_cat-trabalho-em-altura","8":"product_cat-vicza","10":"first","11":"onbackorder","12":"taxable","13":"shipping-taxable","14":"purchasable","15":"product-type-simple"},"_links":{"self":[{"href":"https:\/\/segtotaltreinamentos.com.br\/Loja\/wp-json\/wp\/v2\/product\/5472","targetHints":{"allow":["GET"]}}],"collection":[{"href":"https:\/\/segtotaltreinamentos.com.br\/Loja\/wp-json\/wp\/v2\/product"}],"about":[{"href":"https:\/\/segtotaltreinamentos.com.br\/Loja\/wp-json\/wp\/v2\/types\/product"}],"replies":[{"embeddable":true,"href":"https:\/\/segtotaltreinamentos.com.br\/Loja\/wp-json\/wp\/v2\/comments?post=5472"}],"wp:featuredmedia":[{"embeddable":true,"href":"https:\/\/segtotaltreinamentos.com.br\/Loja\/wp-json\/wp\/v2\/media\/5473"}],"wp:attachment":[{"href":"https:\/\/segtotaltreinamentos.com.br\/Loja\/wp-json\/wp\/v2\/media?parent=5472"}],"wp:term":[{"taxonomy":"product_brand","embeddable":true,"href":"https:\/\/segtotaltreinamentos.com.br\/Loja\/wp-json\/wp\/v2\/product_brand?post=5472"},{"taxonomy":"product_cat","embeddable":true,"href":"https:\/\/segtotaltreinamentos.com.br\/Loja\/wp-json\/wp\/v2\/product_cat?post=5472"},{"taxonomy":"product_tag","embeddable":true,"href":"https:\/\/segtotaltreinamentos.com.br\/Loja\/wp-json\/wp\/v2\/product_tag?post=5472"}],"curies":[{"name":"wp","href":"https:\/\/api.w.org\/{rel}","templated":true}]}}