{"id":700,"date":"2016-07-19T14:05:04","date_gmt":"2016-07-19T14:05:04","guid":{"rendered":"http:\/\/segtotaltreinamentos.com.br\/Loja\/?post_type=product&#038;p=700"},"modified":"2019-05-01T20:31:25","modified_gmt":"2019-05-01T20:31:25","slug":"capacete-focus","status":"publish","type":"product","link":"https:\/\/segtotaltreinamentos.com.br\/Loja\/produto\/capacete-focus\/","title":{"rendered":"CAPACETE FOCUS Montana"},"content":{"rendered":"<p><a href=\"https:\/\/segtotaltreinamentos.com.br\/Loja\/wp-content\/uploads\/2016\/07\/Montana-Equipamentos-Esportivos-e-de-Seguran\u00e7a-__.pdf\">__ Montana Equipamentos Esportivos e de Seguran\u00e7a __<\/a><\/p>\n<p><img fetchpriority=\"high\" decoding=\"async\" class=\"alignnone size-medium wp-image-2786\" src=\"https:\/\/segtotaltreinamentos.com.br\/Loja\/wp-content\/uploads\/2016\/07\/instusoares-300x272.jpg\" alt=\"instusoares\" width=\"300\" height=\"272\" srcset=\"https:\/\/segtotaltreinamentos.com.br\/Loja\/wp-content\/uploads\/2016\/07\/instusoares-300x272.jpg 300w, https:\/\/segtotaltreinamentos.com.br\/Loja\/wp-content\/uploads\/2016\/07\/instusoares-400x363.jpg 400w, https:\/\/segtotaltreinamentos.com.br\/Loja\/wp-content\/uploads\/2016\/07\/instusoares.jpg 550w\" sizes=\"(max-width: 300px) 100vw, 300px\" \/><\/p>\n","protected":false},"excerpt":{"rendered":"<div id=\"tares\">CAPACETE FOCUS CLASSE A<\/div>\n<div id=\"texto\">TECNOLOGIA A SERVI\u00c7O DA SEGURAN\u00c7A NOS TRABALHOS DE RISCO OU EM ESPORTES DE AVENTURA.<\/div>\n<div id=\"textodescritivo\">O capacete Focus foi desenvolvido para ser utilizado como equipamento de prote\u00e7\u00e3o individual no trabalho, podendo tamb\u00e9m ser utilizado para escalada em rocha, resgate, alpinismo e espeleologia, sempre em condi\u00e7\u00f5es clim\u00e1ticas normais. Injetado em Polipropileno de Alto Impacto e com tratamento UV \u00e9 leve, confort\u00e1vel, possui fitas antial\u00e9rgicas e, ao mesmo tempo, \u00e9 resistente e garante \u00f3tima prote\u00e7\u00e3o ao<br \/>\nusu\u00e1rio.<\/div>\n","protected":false},"featured_media":2474,"comment_status":"open","ping_status":"closed","template":"","meta":[],"product_brand":[],"product_cat":[19,152,105,41,32],"product_tag":[],"class_list":{"0":"post-700","1":"product","2":"type-product","3":"status-publish","4":"has-post-thumbnail","6":"product_cat-capacete","7":"product_cat-capacetes","8":"product_cat-espaco-confinado","9":"product_cat-montana","10":"product_cat-trabalho-em-altura","12":"first","13":"onbackorder","14":"taxable","15":"shipping-taxable","16":"purchasable","17":"product-type-variable"},"_links":{"self":[{"href":"https:\/\/segtotaltreinamentos.com.br\/Loja\/wp-json\/wp\/v2\/product\/700","targetHints":{"allow":["GET"]}}],"collection":[{"href":"https:\/\/segtotaltreinamentos.com.br\/Loja\/wp-json\/wp\/v2\/product"}],"about":[{"href":"https:\/\/segtotaltreinamentos.com.br\/Loja\/wp-json\/wp\/v2\/types\/product"}],"replies":[{"embeddable":true,"href":"https:\/\/segtotaltreinamentos.com.br\/Loja\/wp-json\/wp\/v2\/comments?post=700"}],"wp:featuredmedia":[{"embeddable":true,"href":"https:\/\/segtotaltreinamentos.com.br\/Loja\/wp-json\/wp\/v2\/media\/2474"}],"wp:attachment":[{"href":"https:\/\/segtotaltreinamentos.com.br\/Loja\/wp-json\/wp\/v2\/media?parent=700"}],"wp:term":[{"taxonomy":"product_brand","embeddable":true,"href":"https:\/\/segtotaltreinamentos.com.br\/Loja\/wp-json\/wp\/v2\/product_brand?post=700"},{"taxonomy":"product_cat","embeddable":true,"href":"https:\/\/segtotaltreinamentos.com.br\/Loja\/wp-json\/wp\/v2\/product_cat?post=700"},{"taxonomy":"product_tag","embeddable":true,"href":"https:\/\/segtotaltreinamentos.com.br\/Loja\/wp-json\/wp\/v2\/product_tag?post=700"}],"curies":[{"name":"wp","href":"https:\/\/api.w.org\/{rel}","templated":true}]}}