{"id":736,"date":"2016-07-19T20:25:51","date_gmt":"2016-07-19T20:25:51","guid":{"rendered":"http:\/\/segtotaltreinamentos.com.br\/Loja\/?post_type=product&#038;p=736"},"modified":"2016-09-27T12:32:14","modified_gmt":"2016-09-27T12:32:14","slug":"luva-maxicut-3-couro","status":"publish","type":"product","link":"https:\/\/segtotaltreinamentos.com.br\/Loja\/produto\/luva-maxicut-3-couro\/","title":{"rendered":"Luva Maxicut 3 Couro"},"content":{"rendered":"<p><a href=\"https:\/\/segtotaltreinamentos.com.br\/Loja\/wp-content\/uploads\/2016\/07\/FT-LUVA-DANNY-MAXICUT-3-COURO-CA27952-DA13450LP-1.pdf\">FT-LUVA-DANNY-MAXICUT-3-COURO-CA27952-DA13450LP (1)<\/a><\/p>\n","protected":false},"excerpt":{"rendered":"<div id=\"corpo-desc-prod\"><b>Descri\u00e7\u00e3o<\/b><br \/>\nLuva de seguran\u00e7a tricotada em combina\u00e7\u00e3o de fibras de alta performance para cortes, banhado com nitr\u00edlico foam na palma e dedos, possui refor\u00e7o em couro tratado na palma, costurada com linha de aramida. Punho tricotado em el\u00e1stico.<\/div>\n<div id=\"corpo-van-prod\">\n<div id=\"txt-van-prod\">\n<p><b>Vantagens<\/b>Resist\u00eancia abrasiva e a cortes por sua tecnologia em fibras sint\u00e9ticas combinadas de alta performance. Sua forma ergon\u00f4mica reduz a fadiga muscular. Excelente performance mec\u00e2nica \u2013 EN388 4243. Refor\u00e7o palmar em couro tratado isento de gordura, o que aumenta a resist\u00eancia t\u00e9rmica e em situa\u00e7\u00f5es de muito \u00f3leo. Desenho leve que proporciona conforto e seguran\u00e7a, aumentando a produtividade. Resistente a in\u00fameras lavagens, o que aumenta a vida \u00fatil do equipamento.<\/p>\n<\/div>\n<\/div>\n","protected":false},"featured_media":637,"comment_status":"open","ping_status":"closed","template":"","meta":[],"product_brand":[],"product_cat":[39,6,7],"product_tag":[],"class_list":{"0":"post-736","1":"product","2":"type-product","3":"status-publish","4":"has-post-thumbnail","6":"product_cat-danny","7":"product_cat-luvas","8":"product_cat-luvas-anticorte","10":"first","11":"onbackorder","12":"taxable","13":"shipping-taxable","14":"product-type-simple"},"_links":{"self":[{"href":"https:\/\/segtotaltreinamentos.com.br\/Loja\/wp-json\/wp\/v2\/product\/736","targetHints":{"allow":["GET"]}}],"collection":[{"href":"https:\/\/segtotaltreinamentos.com.br\/Loja\/wp-json\/wp\/v2\/product"}],"about":[{"href":"https:\/\/segtotaltreinamentos.com.br\/Loja\/wp-json\/wp\/v2\/types\/product"}],"replies":[{"embeddable":true,"href":"https:\/\/segtotaltreinamentos.com.br\/Loja\/wp-json\/wp\/v2\/comments?post=736"}],"wp:featuredmedia":[{"embeddable":true,"href":"https:\/\/segtotaltreinamentos.com.br\/Loja\/wp-json\/wp\/v2\/media\/637"}],"wp:attachment":[{"href":"https:\/\/segtotaltreinamentos.com.br\/Loja\/wp-json\/wp\/v2\/media?parent=736"}],"wp:term":[{"taxonomy":"product_brand","embeddable":true,"href":"https:\/\/segtotaltreinamentos.com.br\/Loja\/wp-json\/wp\/v2\/product_brand?post=736"},{"taxonomy":"product_cat","embeddable":true,"href":"https:\/\/segtotaltreinamentos.com.br\/Loja\/wp-json\/wp\/v2\/product_cat?post=736"},{"taxonomy":"product_tag","embeddable":true,"href":"https:\/\/segtotaltreinamentos.com.br\/Loja\/wp-json\/wp\/v2\/product_tag?post=736"}],"curies":[{"name":"wp","href":"https:\/\/api.w.org\/{rel}","templated":true}]}}