{"id":742,"date":"2016-07-19T20:30:30","date_gmt":"2016-07-19T20:30:30","guid":{"rendered":"http:\/\/segtotaltreinamentos.com.br\/Loja\/?post_type=product&#038;p=742"},"modified":"2016-09-27T12:32:14","modified_gmt":"2016-09-27T12:32:14","slug":"mangote-especial-para-corte","status":"publish","type":"product","link":"https:\/\/segtotaltreinamentos.com.br\/Loja\/produto\/mangote-especial-para-corte\/","title":{"rendered":"Mangote Especial para Corte"},"content":{"rendered":"<p><a href=\"https:\/\/segtotaltreinamentos.com.br\/Loja\/wp-content\/uploads\/2016\/07\/FT-MANGOTE-DANNY-POLIETILENO-DE-ALTA-DENSIDADE-CA17246-DA73100DY-DA73600DY.pdf\">FT-MANGOTE-DANNY-POLIETILENO-DE-ALTA-DENSIDADE-CA17246-DA73100DY-DA73600DY<\/a><\/p>\n","protected":false},"excerpt":{"rendered":"<p><b>Descri\u00e7\u00e3o<\/b><\/p>\n<p>Mangote tricotado em fio Spectra, possui alta resist\u00eancia \u00e0 cortes, \u00e9 ambidestro e de f\u00e1cil higieniza\u00e7\u00e3o.<\/p>\n","protected":false},"featured_media":634,"comment_status":"open","ping_status":"closed","template":"","meta":[],"product_brand":[],"product_cat":[39,11],"product_tag":[],"class_list":{"0":"post-742","1":"product","2":"type-product","3":"status-publish","4":"has-post-thumbnail","6":"product_cat-danny","7":"product_cat-manguito","9":"first","10":"onbackorder","11":"taxable","12":"shipping-taxable","13":"product-type-simple"},"_links":{"self":[{"href":"https:\/\/segtotaltreinamentos.com.br\/Loja\/wp-json\/wp\/v2\/product\/742","targetHints":{"allow":["GET"]}}],"collection":[{"href":"https:\/\/segtotaltreinamentos.com.br\/Loja\/wp-json\/wp\/v2\/product"}],"about":[{"href":"https:\/\/segtotaltreinamentos.com.br\/Loja\/wp-json\/wp\/v2\/types\/product"}],"replies":[{"embeddable":true,"href":"https:\/\/segtotaltreinamentos.com.br\/Loja\/wp-json\/wp\/v2\/comments?post=742"}],"wp:featuredmedia":[{"embeddable":true,"href":"https:\/\/segtotaltreinamentos.com.br\/Loja\/wp-json\/wp\/v2\/media\/634"}],"wp:attachment":[{"href":"https:\/\/segtotaltreinamentos.com.br\/Loja\/wp-json\/wp\/v2\/media?parent=742"}],"wp:term":[{"taxonomy":"product_brand","embeddable":true,"href":"https:\/\/segtotaltreinamentos.com.br\/Loja\/wp-json\/wp\/v2\/product_brand?post=742"},{"taxonomy":"product_cat","embeddable":true,"href":"https:\/\/segtotaltreinamentos.com.br\/Loja\/wp-json\/wp\/v2\/product_cat?post=742"},{"taxonomy":"product_tag","embeddable":true,"href":"https:\/\/segtotaltreinamentos.com.br\/Loja\/wp-json\/wp\/v2\/product_tag?post=742"}],"curies":[{"name":"wp","href":"https:\/\/api.w.org\/{rel}","templated":true}]}}