{"id":848,"date":"2016-07-21T18:05:35","date_gmt":"2016-07-21T18:05:35","guid":{"rendered":"http:\/\/segtotaltreinamentos.com.br\/Loja\/?post_type=product&#038;p=848"},"modified":"2016-09-27T12:31:39","modified_gmt":"2016-09-27T12:31:39","slug":"luva-silver-verniz-silver","status":"publish","type":"product","link":"https:\/\/segtotaltreinamentos.com.br\/Loja\/produto\/luva-silver-verniz-silver\/","title":{"rendered":"Luva Silver verniz Silver"},"content":{"rendered":"<p><a href=\"https:\/\/segtotaltreinamentos.com.br\/Loja\/wp-content\/uploads\/2016\/07\/FT-LUVA-DANNY-SILVER-LATEX-CA14754-DA350.pdf\">FT-LUVA-DANNY-SILVER-LATEX-CA14754-DA350<\/a><\/p>\n","protected":false},"excerpt":{"rendered":"<div id=\"corpo-desc-prod\"><b>Descri\u00e7\u00e3o<\/b><br \/>\nLuva DANNY Silver L\u00e1tex com forro em verniz Silver. Nas cores Azul e Amarela. Comprimento 30 cm<\/div>\n<div id=\"corpo-van-prod\">\n<div id=\"txt-van-prod\">\n<p><b>Vantagens<\/b>As luvas DANNY Silver L\u00e1tex s\u00e3o fabricadas em l\u00e1tex (borracha natural) e possuem excelente flexibilidade e ader\u00eancia. As luvas s\u00e3o especialmente projetadas com dedos curvados para permitir o m\u00e1ximo de mobilidade do usu\u00e1rio. Possuem palma com antiderrapante para manuseio seguro de objetos. As luvas recebem tratamento bactericida e fungicida para seguran\u00e7a do usu\u00e1rio. Al\u00e9m disso, as luvas DANNY Silver L\u00e1tex s\u00e3o clorinadas e possuem revestimento interno silver que facilita a coloca\u00e7\u00e3o e retirada da luva e, principalmente, auxilia na preven\u00e7\u00e3o \u00e0 alergia ao l\u00e1tex<\/p>\n<\/div>\n<\/div>\n","protected":false},"featured_media":658,"comment_status":"open","ping_status":"closed","template":"","meta":[],"product_brand":[],"product_cat":[39,6,7,9],"product_tag":[],"class_list":{"0":"post-848","1":"product","2":"type-product","3":"status-publish","4":"has-post-thumbnail","6":"product_cat-danny","7":"product_cat-luvas","8":"product_cat-luvas-anticorte","9":"product_cat-luvas-quimico","11":"first","12":"onbackorder","13":"taxable","14":"shipping-taxable","15":"purchasable","16":"product-type-simple"},"_links":{"self":[{"href":"https:\/\/segtotaltreinamentos.com.br\/Loja\/wp-json\/wp\/v2\/product\/848","targetHints":{"allow":["GET"]}}],"collection":[{"href":"https:\/\/segtotaltreinamentos.com.br\/Loja\/wp-json\/wp\/v2\/product"}],"about":[{"href":"https:\/\/segtotaltreinamentos.com.br\/Loja\/wp-json\/wp\/v2\/types\/product"}],"replies":[{"embeddable":true,"href":"https:\/\/segtotaltreinamentos.com.br\/Loja\/wp-json\/wp\/v2\/comments?post=848"}],"wp:featuredmedia":[{"embeddable":true,"href":"https:\/\/segtotaltreinamentos.com.br\/Loja\/wp-json\/wp\/v2\/media\/658"}],"wp:attachment":[{"href":"https:\/\/segtotaltreinamentos.com.br\/Loja\/wp-json\/wp\/v2\/media?parent=848"}],"wp:term":[{"taxonomy":"product_brand","embeddable":true,"href":"https:\/\/segtotaltreinamentos.com.br\/Loja\/wp-json\/wp\/v2\/product_brand?post=848"},{"taxonomy":"product_cat","embeddable":true,"href":"https:\/\/segtotaltreinamentos.com.br\/Loja\/wp-json\/wp\/v2\/product_cat?post=848"},{"taxonomy":"product_tag","embeddable":true,"href":"https:\/\/segtotaltreinamentos.com.br\/Loja\/wp-json\/wp\/v2\/product_tag?post=848"}],"curies":[{"name":"wp","href":"https:\/\/api.w.org\/{rel}","templated":true}]}}