{"id":879,"date":"2016-07-21T19:25:53","date_gmt":"2016-07-21T19:25:53","guid":{"rendered":"http:\/\/segtotaltreinamentos.com.br\/Loja\/?post_type=product&#038;p=879"},"modified":"2016-09-27T12:31:36","modified_gmt":"2016-09-27T12:31:36","slug":"luva-max-orange","status":"publish","type":"product","link":"https:\/\/segtotaltreinamentos.com.br\/Loja\/produto\/luva-max-orange\/","title":{"rendered":"Luva Max Orange"},"content":{"rendered":"<p><a href=\"https:\/\/segtotaltreinamentos.com.br\/Loja\/wp-content\/uploads\/2016\/07\/FT-LUVA-DANNY-MAX-ORANGE-CA11286-DA208D.pdf\">FT-LUVA-DANNY-MAX-ORANGE-CA11286-DA208D<\/a><\/p>\n","protected":false},"excerpt":{"rendered":"<div id=\"corpo-desc-prod\"><b>Descri\u00e7\u00e3o<\/b><br \/>\nLuva de l\u00e1tex refor\u00e7ada na cor laranja. Interior forrado e palma antiderrapante.<\/div>\n<div id=\"corpo-van-prod\">\n<div id=\"txt-van-prod\">\n<p><b>Vantagens<\/b>A luva MAXORANGE \u00e9 fabricada 100% em borracha natural L\u00e1tex com espessura de 0.70 mm. Por ser mais espessa que as luvas comuns de l\u00e1tex, possui excelente resist\u00eancia a abras\u00e3o, rasgos e perfura\u00e7\u00f5es, al\u00e9m de uma excelente resist\u00eancia a tra\u00e7\u00e3o. Possui resist\u00eancia qu\u00edmica contra \u00e1cidos, cetonas, sais, detergentes, alco\u00f3is, produtos alcalinos e gorduras. A palma com antiderrapante oferece seguran\u00e7a ao usu\u00e1rio ao manusear objetos secos ou molhados.<\/p>\n<\/div>\n<\/div>\n","protected":false},"featured_media":646,"comment_status":"open","ping_status":"closed","template":"","meta":[],"product_brand":[],"product_cat":[39,6,7,9],"product_tag":[],"class_list":{"0":"post-879","1":"product","2":"type-product","3":"status-publish","4":"has-post-thumbnail","6":"product_cat-danny","7":"product_cat-luvas","8":"product_cat-luvas-anticorte","9":"product_cat-luvas-quimico","11":"first","12":"onbackorder","13":"taxable","14":"shipping-taxable","15":"product-type-simple"},"_links":{"self":[{"href":"https:\/\/segtotaltreinamentos.com.br\/Loja\/wp-json\/wp\/v2\/product\/879","targetHints":{"allow":["GET"]}}],"collection":[{"href":"https:\/\/segtotaltreinamentos.com.br\/Loja\/wp-json\/wp\/v2\/product"}],"about":[{"href":"https:\/\/segtotaltreinamentos.com.br\/Loja\/wp-json\/wp\/v2\/types\/product"}],"replies":[{"embeddable":true,"href":"https:\/\/segtotaltreinamentos.com.br\/Loja\/wp-json\/wp\/v2\/comments?post=879"}],"wp:featuredmedia":[{"embeddable":true,"href":"https:\/\/segtotaltreinamentos.com.br\/Loja\/wp-json\/wp\/v2\/media\/646"}],"wp:attachment":[{"href":"https:\/\/segtotaltreinamentos.com.br\/Loja\/wp-json\/wp\/v2\/media?parent=879"}],"wp:term":[{"taxonomy":"product_brand","embeddable":true,"href":"https:\/\/segtotaltreinamentos.com.br\/Loja\/wp-json\/wp\/v2\/product_brand?post=879"},{"taxonomy":"product_cat","embeddable":true,"href":"https:\/\/segtotaltreinamentos.com.br\/Loja\/wp-json\/wp\/v2\/product_cat?post=879"},{"taxonomy":"product_tag","embeddable":true,"href":"https:\/\/segtotaltreinamentos.com.br\/Loja\/wp-json\/wp\/v2\/product_tag?post=879"}],"curies":[{"name":"wp","href":"https:\/\/api.w.org\/{rel}","templated":true}]}}