{"id":967,"date":"2016-07-22T18:19:26","date_gmt":"2016-07-22T18:19:26","guid":{"rendered":"http:\/\/segtotaltreinamentos.com.br\/Loja\/?post_type=product&#038;p=967"},"modified":"2018-03-08T17:03:54","modified_gmt":"2018-03-08T17:03:54","slug":"luva-de-algodao-com-nitrilico-8","status":"publish","type":"product","link":"https:\/\/segtotaltreinamentos.com.br\/Loja\/produto\/luva-de-algodao-com-nitrilico-8\/","title":{"rendered":"Luva de Algod\u00e3o com Nitr\u00edlico Novatril Plus"},"content":{"rendered":"<p><a href=\"https:\/\/segtotaltreinamentos.com.br\/Loja\/wp-content\/uploads\/2016\/07\/FT-LUVA-DANNY-NOVATRIL-PLUS-CA12602-DASN296.pdf\">FT-LUVA-DANNY-NOVATRIL-PLUS-CA12602-DASN296<\/a><\/p>\n","protected":false},"excerpt":{"rendered":"<div id=\"corpo-desc-prod\"><b>Descri\u00e7\u00e3o<\/b><br \/>\nLuva Nitr\u00edlica Totalmente Recoberta, Palma Refor\u00e7ada e Punho de Lona.<\/div>\n<div id=\"corpo-van-prod\">\n<div id=\"txt-van-prod\">\n<p><b>Vantagens<\/b>A luva possui revestimento Nitr\u00edlico Extra que oferece excelente resist\u00eancia no manuseio de pe\u00e7as de peso m\u00e9dio e alto, cortantes e com rebarba, como, tamb\u00e9m, a furos e rasgos. Possui a palma refor\u00e7ada para suportar melhor os trabalhos que exigem alta resist\u00eancia mec\u00e2nica na palma. A luva \u00e9 imperme\u00e1vel, sendo de grande utilidade em trabalhos com pe\u00e7as com graxa e \u00f3leo, pois mant\u00e9m a m\u00e3o do usu\u00e1rio seca. A luva \u00e9 lav\u00e1vel.<\/p>\n<\/div>\n<\/div>\n","protected":false},"featured_media":662,"comment_status":"open","ping_status":"closed","template":"","meta":[],"product_brand":[],"product_cat":[39,6,7,9],"product_tag":[],"class_list":{"0":"post-967","1":"product","2":"type-product","3":"status-publish","4":"has-post-thumbnail","6":"product_cat-danny","7":"product_cat-luvas","8":"product_cat-luvas-anticorte","9":"product_cat-luvas-quimico","11":"first","12":"onbackorder","13":"featured","14":"taxable","15":"shipping-taxable","16":"purchasable","17":"product-type-variable"},"_links":{"self":[{"href":"https:\/\/segtotaltreinamentos.com.br\/Loja\/wp-json\/wp\/v2\/product\/967","targetHints":{"allow":["GET"]}}],"collection":[{"href":"https:\/\/segtotaltreinamentos.com.br\/Loja\/wp-json\/wp\/v2\/product"}],"about":[{"href":"https:\/\/segtotaltreinamentos.com.br\/Loja\/wp-json\/wp\/v2\/types\/product"}],"replies":[{"embeddable":true,"href":"https:\/\/segtotaltreinamentos.com.br\/Loja\/wp-json\/wp\/v2\/comments?post=967"}],"wp:featuredmedia":[{"embeddable":true,"href":"https:\/\/segtotaltreinamentos.com.br\/Loja\/wp-json\/wp\/v2\/media\/662"}],"wp:attachment":[{"href":"https:\/\/segtotaltreinamentos.com.br\/Loja\/wp-json\/wp\/v2\/media?parent=967"}],"wp:term":[{"taxonomy":"product_brand","embeddable":true,"href":"https:\/\/segtotaltreinamentos.com.br\/Loja\/wp-json\/wp\/v2\/product_brand?post=967"},{"taxonomy":"product_cat","embeddable":true,"href":"https:\/\/segtotaltreinamentos.com.br\/Loja\/wp-json\/wp\/v2\/product_cat?post=967"},{"taxonomy":"product_tag","embeddable":true,"href":"https:\/\/segtotaltreinamentos.com.br\/Loja\/wp-json\/wp\/v2\/product_tag?post=967"}],"curies":[{"name":"wp","href":"https:\/\/api.w.org\/{rel}","templated":true}]}}