{"id":972,"date":"2016-07-22T18:36:08","date_gmt":"2016-07-22T18:36:08","guid":{"rendered":"http:\/\/segtotaltreinamentos.com.br\/Loja\/?post_type=product&#038;p=972"},"modified":"2017-08-14T20:12:32","modified_gmt":"2017-08-14T20:12:32","slug":"luva-de-algodao-com-nitrilico-9","status":"publish","type":"product","link":"https:\/\/segtotaltreinamentos.com.br\/Loja\/produto\/luva-de-algodao-com-nitrilico-9\/","title":{"rendered":"Luva de Algod\u00e3o com Nitr\u00edlico Novatril"},"content":{"rendered":"<p><a href=\"https:\/\/segtotaltreinamentos.com.br\/Loja\/wp-content\/uploads\/2016\/07\/FT-LUVA-DANNY-NOVATRIL-CA26004-DASN176.pdf\">FT-LUVA-DANNY-NOVATRIL-CA26004-DASN176<\/a><\/p>\n","protected":false},"excerpt":{"rendered":"<div id=\"corpo-desc-prod\"><b>Descri\u00e7\u00e3o<\/b><br \/>\nLuva Nitr\u00edlica Totalmente Recoberta com Punho duro de lona de 10 cm.<\/div>\n<div id=\"corpo-van-prod\">\n<div id=\"txt-van-prod\">\n<p><b>Vantagens<\/b>A NOVATRIL SN176 possui um Revestimento Nitr\u00edlico extra que oferece excelente resist\u00eancia no manuseio de pe\u00e7as de peso m\u00e9dio e alto, cortantes e com rebarba, como, tamb\u00e9m, a furos e rasgos. A luva \u00e9 imperme\u00e1vel, sendo de grande utilidade em trabalhos com pe\u00e7as com graxa e \u00f3leo, pois mant\u00e9m a m\u00e3o do usu\u00e1rio seca. A luva \u00e9 lav\u00e1vel. Possui punho de lona mais longo e firme para proteger o pulso e parte do antebra\u00e7o do usu\u00e1rio.<\/p>\n<\/div>\n<\/div>\n","protected":false},"featured_media":659,"comment_status":"open","ping_status":"closed","template":"","meta":[],"product_brand":[],"product_cat":[39,6,7,9],"product_tag":[],"class_list":{"0":"post-972","1":"product","2":"type-product","3":"status-publish","4":"has-post-thumbnail","6":"product_cat-danny","7":"product_cat-luvas","8":"product_cat-luvas-anticorte","9":"product_cat-luvas-quimico","11":"first","12":"onbackorder","13":"taxable","14":"shipping-taxable","15":"purchasable","16":"product-type-simple"},"_links":{"self":[{"href":"https:\/\/segtotaltreinamentos.com.br\/Loja\/wp-json\/wp\/v2\/product\/972","targetHints":{"allow":["GET"]}}],"collection":[{"href":"https:\/\/segtotaltreinamentos.com.br\/Loja\/wp-json\/wp\/v2\/product"}],"about":[{"href":"https:\/\/segtotaltreinamentos.com.br\/Loja\/wp-json\/wp\/v2\/types\/product"}],"replies":[{"embeddable":true,"href":"https:\/\/segtotaltreinamentos.com.br\/Loja\/wp-json\/wp\/v2\/comments?post=972"}],"wp:featuredmedia":[{"embeddable":true,"href":"https:\/\/segtotaltreinamentos.com.br\/Loja\/wp-json\/wp\/v2\/media\/659"}],"wp:attachment":[{"href":"https:\/\/segtotaltreinamentos.com.br\/Loja\/wp-json\/wp\/v2\/media?parent=972"}],"wp:term":[{"taxonomy":"product_brand","embeddable":true,"href":"https:\/\/segtotaltreinamentos.com.br\/Loja\/wp-json\/wp\/v2\/product_brand?post=972"},{"taxonomy":"product_cat","embeddable":true,"href":"https:\/\/segtotaltreinamentos.com.br\/Loja\/wp-json\/wp\/v2\/product_cat?post=972"},{"taxonomy":"product_tag","embeddable":true,"href":"https:\/\/segtotaltreinamentos.com.br\/Loja\/wp-json\/wp\/v2\/product_tag?post=972"}],"curies":[{"name":"wp","href":"https:\/\/api.w.org\/{rel}","templated":true}]}}