{"id":981,"date":"2016-07-22T19:03:10","date_gmt":"2016-07-22T19:03:10","guid":{"rendered":"http:\/\/segtotaltreinamentos.com.br\/Loja\/?post_type=product&#038;p=981"},"modified":"2021-05-24T15:33:58","modified_gmt":"2021-05-24T15:33:58","slug":"luva-novalight","status":"publish","type":"product","link":"https:\/\/segtotaltreinamentos.com.br\/Loja\/produto\/luva-novalight\/","title":{"rendered":"Luva NovaLight"},"content":{"rendered":"<p><a href=\"https:\/\/segtotaltreinamentos.com.br\/Loja\/wp-content\/uploads\/2016\/07\/FT-LUVA-DANNY-NOVALIGHT-CA16249-DA36500.pdf\">FT-LUVA-DANNY-NOVALIGHT-CA16249-DA36500<\/a><\/p>\n","protected":false},"excerpt":{"rendered":"<div id=\"corpo-desc-prod\"><b>Descri\u00e7\u00e3o<\/b><br \/>\nLuva em algod\u00e3o totalmente recoberta em nitrilo na palma e dorso.<\/div>\n<div id=\"corpo-van-prod\">\n<div id=\"txt-van-prod\">\n<p><b>Vantagens<\/b>O suporte t\u00eaxtil e o revestimento nitrilo oferecem resist\u00eancia mec\u00e2nica e qu\u00edmica no manuseio de pe\u00e7as secas ou oleadas. Resistente a rasgos e perfura\u00e7\u00f5es. O banho de nitrilo permite o trabalho com \u00f3leos, graxas, \u00e1lcoois e \u00e9teres. Resistente a in\u00fameras lavagens, o que aumenta a vida \u00fatil do equipamento.<\/p>\n<\/div>\n<\/div>\n","protected":false},"featured_media":650,"comment_status":"open","ping_status":"closed","template":"","meta":[],"product_brand":[],"product_cat":[39,6,7,9],"product_tag":[],"class_list":{"0":"post-981","1":"product","2":"type-product","3":"status-publish","4":"has-post-thumbnail","6":"product_cat-danny","7":"product_cat-luvas","8":"product_cat-luvas-anticorte","9":"product_cat-luvas-quimico","11":"first","12":"onbackorder","13":"taxable","14":"shipping-taxable","15":"purchasable","16":"product-type-variable"},"_links":{"self":[{"href":"https:\/\/segtotaltreinamentos.com.br\/Loja\/wp-json\/wp\/v2\/product\/981","targetHints":{"allow":["GET"]}}],"collection":[{"href":"https:\/\/segtotaltreinamentos.com.br\/Loja\/wp-json\/wp\/v2\/product"}],"about":[{"href":"https:\/\/segtotaltreinamentos.com.br\/Loja\/wp-json\/wp\/v2\/types\/product"}],"replies":[{"embeddable":true,"href":"https:\/\/segtotaltreinamentos.com.br\/Loja\/wp-json\/wp\/v2\/comments?post=981"}],"wp:featuredmedia":[{"embeddable":true,"href":"https:\/\/segtotaltreinamentos.com.br\/Loja\/wp-json\/wp\/v2\/media\/650"}],"wp:attachment":[{"href":"https:\/\/segtotaltreinamentos.com.br\/Loja\/wp-json\/wp\/v2\/media?parent=981"}],"wp:term":[{"taxonomy":"product_brand","embeddable":true,"href":"https:\/\/segtotaltreinamentos.com.br\/Loja\/wp-json\/wp\/v2\/product_brand?post=981"},{"taxonomy":"product_cat","embeddable":true,"href":"https:\/\/segtotaltreinamentos.com.br\/Loja\/wp-json\/wp\/v2\/product_cat?post=981"},{"taxonomy":"product_tag","embeddable":true,"href":"https:\/\/segtotaltreinamentos.com.br\/Loja\/wp-json\/wp\/v2\/product_tag?post=981"}],"curies":[{"name":"wp","href":"https:\/\/api.w.org\/{rel}","templated":true}]}}